{"id":10163,"date":"2016-09-22T08:28:32","date_gmt":"2016-09-22T08:28:32","guid":{"rendered":"http:\/\/localhost\/ecopark\/?page_id=10163"},"modified":"2022-04-04T13:01:45","modified_gmt":"2022-04-04T13:01:45","slug":"about-us","status":"publish","type":"page","link":"https:\/\/www.hateggeoparc.ro\/new\/index.php\/about-us\/","title":{"rendered":"Universitatea din Bucuresti"},"content":{"rendered":"<p><section class=\"kc-elm kc-css-768162 kc_row\"><div class=\"kc-row-container  kc-container\"><div class=\"kc-wrap-columns\"><div class=\"kc-elm kc-css-172398 kc_col-sm-12 kc_column kc_col-sm-12\"><div class=\"kc-col-container\">\n<div class=\"element-block-heading style-v2\">\n\t<div class=\"wrapper\">\n\t\t<div class=\"inner\">\n\t\t\t\n\t\t\t\t\t\t<h2 class=\"heading\">Relatia cu Universitatea din Bucuresti<\/h2>\n\t\t\t\t\t\t\n\t\t\t\t\t<\/div>\n\t<\/div>\n<\/div><div class=\"kc-elm kc-css-447518 kc_text_block\"><\/p>\n<p>UB asigur\u0103 sus\u021binerea financiar\u0103, administrativ\u0103 \u0219i academic\u0103 pentru administrarea geoparcului.<\/p>\n<p>\n<\/div><\/div><\/div><\/div><\/div><\/section><section class=\"kc-elm kc-css-131379 kc_row\"><div class=\"kc-row-container  kc-container\"><div class=\"kc-wrap-columns\"><div class=\"kc-elm kc-css-899705 kc_col-sm-12 kc_column kc_col-sm-12\"><div class=\"kc-col-container\"><div class=\"kc-elm kc-css-540052 kc_row kc_row_inner\"><div class=\"kc-elm kc-css-432614 kc_col-sm-4 kc_column_inner kc_col-sm-4\"><div class=\"kc_wrapper kc-col-inner-container\">\n<div class=\"feature-box feature-box-v1 \">\n\t    <div class=\"fbox-icon\">\n        <i class=\" fa-book\" style=\"font-size: 28px;\"><\/i>    <\/div>\n          <div class=\"fbox-content\">  \n         <div class=\"fbox-body\">                            \n            <h4 style=\"color: #000000;\">Educatie<\/h4> \n                                   \n         <\/div>\n                    <p class=\"description\">Geoparcul este un spa\u021biu unde se pot derula activit\u0103\u021bi de educa\u021bie, formare, cercetare pentru studen\u021bi \u0219i cadre didactice din UB;<\/p>  \n               <\/div>      \n<\/div>\n<\/div><\/div><div class=\"kc-elm kc-css-271941 kc_col-sm-4 kc_column_inner kc_col-sm-4\"><div class=\"kc_wrapper kc-col-inner-container\">\n<div class=\"feature-box feature-box-v1 \">\n\t    <div class=\"fbox-icon\">\n        <i class=\" sl-globe-alt\" style=\"font-size: 28px;\"><\/i>    <\/div>\n          <div class=\"fbox-content\">  \n         <div class=\"fbox-body\">                            \n            <h4 style=\"color: #000000;\">Spatiu<\/h4> \n                                   \n         <\/div>\n                    <p class=\"description\">Geoparcul reprezint\u0103 pentru facult\u0103\u021bile din UB un spa\u021biu ce poate atrage resurse materiale, de cercetare, educa\u021bie;<\/p>  \n               <\/div>      \n<\/div>\n<\/div><\/div><div class=\"kc-elm kc-css-872533 kc_col-sm-4 kc_column_inner kc_col-sm-4\"><div class=\"kc_wrapper kc-col-inner-container\">\n<div class=\"feature-box feature-box-v1 \">\n\t    <div class=\"fbox-icon\">\n        <i class=\" et-aperture\" style=\"font-size: 28px;\"><\/i>    <\/div>\n          <div class=\"fbox-content\">  \n         <div class=\"fbox-body\">                            \n            <h4 style=\"color: #000000;\">Interdisciplinaritate<\/h4> \n                                   \n         <\/div>\n                    <p class=\"description\">Geoparcul reprezint\u0103 un laborator de implementare a proiectelor interdisciplinare realizate de studen\u021bii UB;<\/p>  \n               <\/div>      \n<\/div>\n<\/div><\/div><\/div><div class=\"kc-elm kc-css-587882 kc_row kc_row_inner\"><div class=\"kc-elm kc-css-600514 kc_col-sm-4 kc_column_inner kc_col-sm-4\"><div class=\"kc_wrapper kc-col-inner-container\">\n<div class=\"feature-box feature-box-v1 \">\n\t    <div class=\"fbox-icon\">\n        <i class=\" et-search\" style=\"font-size: 28px;\"><\/i>    <\/div>\n          <div class=\"fbox-content\">  \n         <div class=\"fbox-body\">                            \n            <h4 style=\"color: #000000;\">Cursuri<\/h4> \n                                   \n         <\/div>\n                    <p class=\"description\">Geoparcul sus\u021bine derularea unor cursuri din masterul \u201eGeo-Biologie aplicat\u0103 \u00een conservarea patrimoniului natural \u0219i cultural\u201d \u0219i ofer\u0103 posibilitatea dezvolt\u0103rii unui master \u00een arii protejate \u0219i a unui centru de formare pentru managementul ariilor protejate, \u00een parteneriat cu Funda\u021bia ProPARK. Geoparcul este studiu de caz pentru un curs international, on-line, International Virtual Seminar Water and Climate, curs coordonat de Universitatea din Oldenburg;<\/p>  \n               <\/div>      \n<\/div>\n<\/div><\/div><div class=\"kc-elm kc-css-160539 kc_col-sm-4 kc_column_inner kc_col-sm-4\"><div class=\"kc_wrapper kc-col-inner-container\">\n<div class=\"feature-box feature-box-v1 \">\n\t    <div class=\"fbox-icon\">\n        <i class=\" fa-code-branch\" style=\"font-size: 28px;\"><\/i>    <\/div>\n          <div class=\"fbox-content\">  \n         <div class=\"fbox-body\">                            \n            <h4 style=\"color: #000000;\">Brand<\/h4> \n                                   \n         <\/div>\n                    <p class=\"description\">Geoparcul folose\u0219te poten\u021bialul de brand al UB \u0219i ofer\u0103 o bun\u0103 baz\u0103 pentru cooper\u0103ri \u0219i proiecte na\u021bionale \u0219i interna\u021bionale. Poate asigura un dialog cu facult\u0103\u021bile, centrele, persoane cu poten\u021bial de lucru \u00een geoparc sau interesate de acesta \u0219i poate propune teme de proiecte de licen\u021b\u0103, master, doctorat;<\/p>  \n               <\/div>      \n<\/div>\n<\/div><\/div><div class=\"kc-elm kc-css-462534 kc_col-sm-4 kc_column_inner kc_col-sm-4\"><div class=\"kc_wrapper kc-col-inner-container\">\n<div class=\"feature-box feature-box-v1 \">\n\t    <div class=\"fbox-icon\">\n        <i class=\" et-tools\" style=\"font-size: 28px;\"><\/i>    <\/div>\n          <div class=\"fbox-content\">  \n         <div class=\"fbox-body\">                            \n            <h4 style=\"color: #000000;\">ERASMUS<\/h4> \n                                   \n         <\/div>\n                    <p class=\"description\">Geoparcul contribuie la derularea unor cursuri interna\u021bionale, cursuri intensive, mobilit\u0103\u021bi ERASMUS.<\/p>  \n               <\/div>      \n<\/div>\n<\/div><\/div><\/div><\/div><\/div><\/div><\/div><\/section><\/p>\n","protected":false},"excerpt":{"rendered":"","protected":false},"author":1,"featured_media":0,"parent":0,"menu_order":0,"comment_status":"closed","ping_status":"closed","template":"","meta":{"_seopress_robots_primary_cat":"","_seopress_titles_title":"","_seopress_titles_desc":"","_seopress_robots_index":"","footnotes":""},"class_list":["post-10163","page","type-page","status-publish","hentry"],"_links":{"self":[{"href":"https:\/\/www.hateggeoparc.ro\/new\/index.php\/wp-json\/wp\/v2\/pages\/10163","targetHints":{"allow":["GET"]}}],"collection":[{"href":"https:\/\/www.hateggeoparc.ro\/new\/index.php\/wp-json\/wp\/v2\/pages"}],"about":[{"href":"https:\/\/www.hateggeoparc.ro\/new\/index.php\/wp-json\/wp\/v2\/types\/page"}],"author":[{"embeddable":true,"href":"https:\/\/www.hateggeoparc.ro\/new\/index.php\/wp-json\/wp\/v2\/users\/1"}],"replies":[{"embeddable":true,"href":"https:\/\/www.hateggeoparc.ro\/new\/index.php\/wp-json\/wp\/v2\/comments?post=10163"}],"version-history":[{"count":9,"href":"https:\/\/www.hateggeoparc.ro\/new\/index.php\/wp-json\/wp\/v2\/pages\/10163\/revisions"}],"predecessor-version":[{"id":14752,"href":"https:\/\/www.hateggeoparc.ro\/new\/index.php\/wp-json\/wp\/v2\/pages\/10163\/revisions\/14752"}],"wp:attachment":[{"href":"https:\/\/www.hateggeoparc.ro\/new\/index.php\/wp-json\/wp\/v2\/media?parent=10163"}],"curies":[{"name":"wp","href":"https:\/\/api.w.org\/{rel}","templated":true}]}}