{"id":11965,"date":"2020-01-15T07:43:24","date_gmt":"2020-01-15T07:43:24","guid":{"rendered":"http:\/\/www.hateggeoparc.ro\/new\/?page_id=11965"},"modified":"2020-06-21T11:04:00","modified_gmt":"2020-06-21T11:04:00","slug":"comunitatile","status":"publish","type":"page","link":"https:\/\/www.hateggeoparc.ro\/new\/index.php\/comunitatile\/","title":{"rendered":"Comunit\u0103\u021bi"},"content":{"rendered":"<section class=\"kc-elm kc-css-995259 kc_row\"><div class=\"kc-row-container  kc-container\"><div class=\"kc-wrap-columns\"><div class=\"kc-elm kc-css-369581 kc_col-sm-12 kc_column kc_col-sm-12\"><div class=\"kc-col-container\"><div class=\"kc-elm kc-css-864064 kc_row kc_row_inner\"><div class=\"kc-elm kc-css-673604 kc_col-sm-12 kc_column_inner kc_col-sm-12\"><div class=\"kc_wrapper kc-col-inner-container\"><div class=\"wpo-place\">\n\t\t<div class=\"place_title_group align-center\">\n\t\t<h2 class=\"place_title  align-center\">Comunit\u0103\u021bi<\/h2>\n\t\t\t\t<span class=\"title-desc\">\n\t\t\tTeritoriul Geoparcului se afl\u0103 \u00eentr-o zon\u0103 care a trecut, \u00een perioada antic\u0103, \u00een perioada medieval\u0103, dar \u0219i \u00een istoria sa recent\u0103, printr-o mutitudine de fr\u0103m\u00e2nt\u0103ri sociale. S-au format, s-au destr\u0103mat \u0219i s-au remodelat comunit\u0103\u021bi tradi\u021bionale, etnice, religioase \u0219i colectivit\u0103\u021bi administrative. Fiecare dintre acestea este, \u00een felul s\u0103u, important\u0103. \u00cen prezent, locuitorii ora\u0219ului Ha\u021beg \u0219i cei ai fiec\u0103reia dintre comunele din Geoparc \u00een parte, reprezint\u0103 cele mai bine definite comunit\u0103\u021bi locale din acest teritoriu. Le pute\u021bi descoperi cu un clic pe numele localit\u0103\u021bilor de mai jos.\t\t<\/span>\n\t\t\t<\/div>\n\t\t<div class=\"opalplace-recent-place opalplace-rows\">\n\t\t \n\t\t\t<div class=\"row\">\n\t\t\t\t\t\t\t\t\t\t<div class=\"col-lg-4 col-md-4 col-sm-6  first-child\">\n\t\t\t\t\t\t \n<div itemscope itemtype=\"http:\/\/schema.org\/Activity\" class=\"page location-box post-11982 opal_place type-opal_place status-publish has-post-thumbnail hentry opal_categories-comunitatile\">\n\t\t\n\t<header>\n\t\t\t\t\t<div class=\"place-box-image\">\n\t\t        <a href=\"https:\/\/www.hateggeoparc.ro\/new\/index.php\/place\/orasul-hateg\/\" class=\"place-box-image-inner \">\t\n\t\t         \t<img loading=\"lazy\" decoding=\"async\" width=\"300\" height=\"225\" src=\"https:\/\/www.hateggeoparc.ro\/new\/wp-content\/uploads\/2020\/01\/1.-Hateg-300x225.jpg\" class=\"attachment-medium size-medium wp-post-image\" alt=\"\" srcset=\"https:\/\/www.hateggeoparc.ro\/new\/wp-content\/uploads\/2020\/01\/1.-Hateg-300x225.jpg 300w, https:\/\/www.hateggeoparc.ro\/new\/wp-content\/uploads\/2020\/01\/1.-Hateg-768x576.jpg 768w, https:\/\/www.hateggeoparc.ro\/new\/wp-content\/uploads\/2020\/01\/1.-Hateg-600x450.jpg 600w, https:\/\/www.hateggeoparc.ro\/new\/wp-content\/uploads\/2020\/01\/1.-Hateg.jpg 1024w\" sizes=\"auto, (max-width: 300px) 100vw, 300px\" \/>\t\t        <\/a>\n\t\t\t<\/div>\n\t\t\t<\/header>\n \n\t<div class=\"entry-content\">\n\t\t<div class=\"entry-content-inner\">\n\t\t\t<h4 class=\"place-title\"><a href=\"https:\/\/www.hateggeoparc.ro\/new\/index.php\/place\/orasul-hateg\/\" rel=\"bookmark\">Ora\u0219ul Ha\u021beg<\/a><\/h4>\t\t\t\t\t\t\t\t<\/div>\n\t<\/div><!-- .entry-content -->\n\n\t\n\t<meta itemprop=\"url\" content=\"https:\/\/www.hateggeoparc.ro\/new\/index.php\/place\/orasul-hateg\/\" \/>\n\n<\/div><!-- #post-## -->\n\t\n\t\t\t\t\t<\/div>\n\t\t\t\t\t\t\t\t\t<div class=\"col-lg-4 col-md-4 col-sm-6 \">\n\t\t\t\t\t\t \n<div itemscope itemtype=\"http:\/\/schema.org\/Activity\" class=\"page location-box post-11963 opal_place type-opal_place status-publish has-post-thumbnail hentry opal_categories-comunitatile\">\n\t\t\n\t<header>\n\t\t\t\t\t<div class=\"place-box-image\">\n\t\t        <a href=\"https:\/\/www.hateggeoparc.ro\/new\/index.php\/place\/comuna-baru\/\" class=\"place-box-image-inner \">\t\n\t\t         \t<img loading=\"lazy\" decoding=\"async\" width=\"300\" height=\"225\" src=\"https:\/\/www.hateggeoparc.ro\/new\/wp-content\/uploads\/2020\/01\/2.-Baru-300x225.jpg\" class=\"attachment-medium size-medium wp-post-image\" alt=\"\" srcset=\"https:\/\/www.hateggeoparc.ro\/new\/wp-content\/uploads\/2020\/01\/2.-Baru-300x225.jpg 300w, https:\/\/www.hateggeoparc.ro\/new\/wp-content\/uploads\/2020\/01\/2.-Baru-768x576.jpg 768w, https:\/\/www.hateggeoparc.ro\/new\/wp-content\/uploads\/2020\/01\/2.-Baru-600x450.jpg 600w, https:\/\/www.hateggeoparc.ro\/new\/wp-content\/uploads\/2020\/01\/2.-Baru.jpg 1024w\" sizes=\"auto, (max-width: 300px) 100vw, 300px\" \/>\t\t        <\/a>\n\t\t\t<\/div>\n\t\t\t<\/header>\n \n\t<div class=\"entry-content\">\n\t\t<div class=\"entry-content-inner\">\n\t\t\t<h4 class=\"place-title\"><a href=\"https:\/\/www.hateggeoparc.ro\/new\/index.php\/place\/comuna-baru\/\" rel=\"bookmark\">Comuna Baru<\/a><\/h4>\t\t\t\t\t\t\t\t<\/div>\n\t<\/div><!-- .entry-content -->\n\n\t\n\t<meta itemprop=\"url\" content=\"https:\/\/www.hateggeoparc.ro\/new\/index.php\/place\/comuna-baru\/\" \/>\n\n<\/div><!-- #post-## -->\n\t\n\t\t\t\t\t<\/div>\n\t\t\t\t\t\t\t\t\t<div class=\"col-lg-4 col-md-4 col-sm-6 \">\n\t\t\t\t\t\t \n<div itemscope itemtype=\"http:\/\/schema.org\/Activity\" class=\"page location-box post-12880 opal_place type-opal_place status-publish has-post-thumbnail hentry opal_categories-comunitatile\">\n\t\t\n\t<header>\n\t\t\t\t\t<div class=\"place-box-image\">\n\t\t        <a href=\"https:\/\/www.hateggeoparc.ro\/new\/index.php\/place\/comuna-bretea-romana-3\/\" class=\"place-box-image-inner \">\t\n\t\t         \t<img loading=\"lazy\" decoding=\"async\" width=\"300\" height=\"225\" src=\"https:\/\/www.hateggeoparc.ro\/new\/wp-content\/uploads\/2020\/05\/3.-bretea-romana-1-300x225.jpg\" class=\"attachment-medium size-medium wp-post-image\" alt=\"\" srcset=\"https:\/\/www.hateggeoparc.ro\/new\/wp-content\/uploads\/2020\/05\/3.-bretea-romana-1-300x225.jpg 300w, https:\/\/www.hateggeoparc.ro\/new\/wp-content\/uploads\/2020\/05\/3.-bretea-romana-1-768x576.jpg 768w, https:\/\/www.hateggeoparc.ro\/new\/wp-content\/uploads\/2020\/05\/3.-bretea-romana-1-600x450.jpg 600w, https:\/\/www.hateggeoparc.ro\/new\/wp-content\/uploads\/2020\/05\/3.-bretea-romana-1.jpg 1024w\" sizes=\"auto, (max-width: 300px) 100vw, 300px\" \/>\t\t        <\/a>\n\t\t\t<\/div>\n\t\t\t<\/header>\n \n\t<div class=\"entry-content\">\n\t\t<div class=\"entry-content-inner\">\n\t\t\t<h4 class=\"place-title\"><a href=\"https:\/\/www.hateggeoparc.ro\/new\/index.php\/place\/comuna-bretea-romana-3\/\" rel=\"bookmark\">Comuna Bretea Rom\u00e2n\u0103<\/a><\/h4>\t\t\t\t\t\t\t\t<\/div>\n\t<\/div><!-- .entry-content -->\n\n\t\n\t<meta itemprop=\"url\" content=\"https:\/\/www.hateggeoparc.ro\/new\/index.php\/place\/comuna-bretea-romana-3\/\" \/>\n\n<\/div><!-- #post-## -->\n\t\n\t\t\t\t\t<\/div>\n\t\t\t\t\t\t\t\t\t<div class=\"col-lg-4 col-md-4 col-sm-6  first-child\">\n\t\t\t\t\t\t \n<div itemscope itemtype=\"http:\/\/schema.org\/Activity\" class=\"page location-box post-11968 opal_place type-opal_place status-publish has-post-thumbnail hentry opal_categories-comunitatile\">\n\t\t\n\t<header>\n\t\t\t\t\t<div class=\"place-box-image\">\n\t\t        <a href=\"https:\/\/www.hateggeoparc.ro\/new\/index.php\/place\/comuna-densus\/\" class=\"place-box-image-inner \">\t\n\t\t         \t<img loading=\"lazy\" decoding=\"async\" width=\"300\" height=\"225\" src=\"https:\/\/www.hateggeoparc.ro\/new\/wp-content\/uploads\/2020\/01\/4.-densus-300x225.jpg\" class=\"attachment-medium size-medium wp-post-image\" alt=\"\" srcset=\"https:\/\/www.hateggeoparc.ro\/new\/wp-content\/uploads\/2020\/01\/4.-densus-300x225.jpg 300w, https:\/\/www.hateggeoparc.ro\/new\/wp-content\/uploads\/2020\/01\/4.-densus-768x576.jpg 768w, https:\/\/www.hateggeoparc.ro\/new\/wp-content\/uploads\/2020\/01\/4.-densus-600x450.jpg 600w, https:\/\/www.hateggeoparc.ro\/new\/wp-content\/uploads\/2020\/01\/4.-densus.jpg 1024w\" sizes=\"auto, (max-width: 300px) 100vw, 300px\" \/>\t\t        <\/a>\n\t\t\t<\/div>\n\t\t\t<\/header>\n \n\t<div class=\"entry-content\">\n\t\t<div class=\"entry-content-inner\">\n\t\t\t<h4 class=\"place-title\"><a href=\"https:\/\/www.hateggeoparc.ro\/new\/index.php\/place\/comuna-densus\/\" rel=\"bookmark\">Comuna Densu\u0219<\/a><\/h4>\t\t\t\t\t\t\t\t<\/div>\n\t<\/div><!-- .entry-content -->\n\n\t\n\t<meta itemprop=\"url\" content=\"https:\/\/www.hateggeoparc.ro\/new\/index.php\/place\/comuna-densus\/\" \/>\n\n<\/div><!-- #post-## -->\n\t\n\t\t\t\t\t<\/div>\n\t\t\t\t\t\t\t\t\t<div class=\"col-lg-4 col-md-4 col-sm-6 \">\n\t\t\t\t\t\t \n<div itemscope itemtype=\"http:\/\/schema.org\/Activity\" class=\"page location-box post-11974 opal_place type-opal_place status-publish has-post-thumbnail hentry opal_categories-comunitatile\">\n\t\t\n\t<header>\n\t\t\t\t\t<div class=\"place-box-image\">\n\t\t        <a href=\"https:\/\/www.hateggeoparc.ro\/new\/index.php\/place\/comuna-general-berthelot\/\" class=\"place-box-image-inner \">\t\n\t\t         \t<img loading=\"lazy\" decoding=\"async\" width=\"300\" height=\"225\" src=\"https:\/\/www.hateggeoparc.ro\/new\/wp-content\/uploads\/2020\/01\/5.-general-berthelot-300x225.jpg\" class=\"attachment-medium size-medium wp-post-image\" alt=\"\" srcset=\"https:\/\/www.hateggeoparc.ro\/new\/wp-content\/uploads\/2020\/01\/5.-general-berthelot-300x225.jpg 300w, https:\/\/www.hateggeoparc.ro\/new\/wp-content\/uploads\/2020\/01\/5.-general-berthelot-768x576.jpg 768w, https:\/\/www.hateggeoparc.ro\/new\/wp-content\/uploads\/2020\/01\/5.-general-berthelot-600x450.jpg 600w, https:\/\/www.hateggeoparc.ro\/new\/wp-content\/uploads\/2020\/01\/5.-general-berthelot.jpg 1024w\" sizes=\"auto, (max-width: 300px) 100vw, 300px\" \/>\t\t        <\/a>\n\t\t\t<\/div>\n\t\t\t<\/header>\n \n\t<div class=\"entry-content\">\n\t\t<div class=\"entry-content-inner\">\n\t\t\t<h4 class=\"place-title\"><a href=\"https:\/\/www.hateggeoparc.ro\/new\/index.php\/place\/comuna-general-berthelot\/\" rel=\"bookmark\">Comuna General Berthelot<\/a><\/h4>\t\t\t\t\t\t\t\t<\/div>\n\t<\/div><!-- .entry-content -->\n\n\t\n\t<meta itemprop=\"url\" content=\"https:\/\/www.hateggeoparc.ro\/new\/index.php\/place\/comuna-general-berthelot\/\" \/>\n\n<\/div><!-- #post-## -->\n\t\n\t\t\t\t\t<\/div>\n\t\t\t\t\t\t\t\t\t<div class=\"col-lg-4 col-md-4 col-sm-6 \">\n\t\t\t\t\t\t \n<div itemscope itemtype=\"http:\/\/schema.org\/Activity\" class=\"page location-box post-11975 opal_place type-opal_place status-publish has-post-thumbnail hentry opal_categories-comunitatile\">\n\t\t\n\t<header>\n\t\t\t\t\t<div class=\"place-box-image\">\n\t\t        <a href=\"https:\/\/www.hateggeoparc.ro\/new\/index.php\/place\/comuna-pui\/\" class=\"place-box-image-inner \">\t\n\t\t         \t<img loading=\"lazy\" decoding=\"async\" width=\"300\" height=\"225\" src=\"https:\/\/www.hateggeoparc.ro\/new\/wp-content\/uploads\/2020\/01\/6.-pui-300x225.jpg\" class=\"attachment-medium size-medium wp-post-image\" alt=\"\" srcset=\"https:\/\/www.hateggeoparc.ro\/new\/wp-content\/uploads\/2020\/01\/6.-pui-300x225.jpg 300w, https:\/\/www.hateggeoparc.ro\/new\/wp-content\/uploads\/2020\/01\/6.-pui-768x576.jpg 768w, https:\/\/www.hateggeoparc.ro\/new\/wp-content\/uploads\/2020\/01\/6.-pui-600x450.jpg 600w, https:\/\/www.hateggeoparc.ro\/new\/wp-content\/uploads\/2020\/01\/6.-pui.jpg 1024w\" sizes=\"auto, (max-width: 300px) 100vw, 300px\" \/>\t\t        <\/a>\n\t\t\t<\/div>\n\t\t\t<\/header>\n \n\t<div class=\"entry-content\">\n\t\t<div class=\"entry-content-inner\">\n\t\t\t<h4 class=\"place-title\"><a href=\"https:\/\/www.hateggeoparc.ro\/new\/index.php\/place\/comuna-pui\/\" rel=\"bookmark\">Comuna Pui<\/a><\/h4>\t\t\t\t\t\t\t\t<\/div>\n\t<\/div><!-- .entry-content -->\n\n\t\n\t<meta itemprop=\"url\" content=\"https:\/\/www.hateggeoparc.ro\/new\/index.php\/place\/comuna-pui\/\" \/>\n\n<\/div><!-- #post-## -->\n\t\n\t\t\t\t\t<\/div>\n\t\t\t\t\t\t\t\t\t<div class=\"col-lg-4 col-md-4 col-sm-6  first-child\">\n\t\t\t\t\t\t \n<div itemscope itemtype=\"http:\/\/schema.org\/Activity\" class=\"page location-box post-11976 opal_place type-opal_place status-publish has-post-thumbnail hentry opal_categories-comunitatile\">\n\t\t\n\t<header>\n\t\t\t\t\t<div class=\"place-box-image\">\n\t\t        <a href=\"https:\/\/www.hateggeoparc.ro\/new\/index.php\/place\/comuna-rachitova\/\" class=\"place-box-image-inner \">\t\n\t\t         \t<img loading=\"lazy\" decoding=\"async\" width=\"300\" height=\"225\" src=\"https:\/\/www.hateggeoparc.ro\/new\/wp-content\/uploads\/2020\/01\/7.-Rachitova-300x225.jpg\" class=\"attachment-medium size-medium wp-post-image\" alt=\"\" srcset=\"https:\/\/www.hateggeoparc.ro\/new\/wp-content\/uploads\/2020\/01\/7.-Rachitova-300x225.jpg 300w, https:\/\/www.hateggeoparc.ro\/new\/wp-content\/uploads\/2020\/01\/7.-Rachitova-768x576.jpg 768w, https:\/\/www.hateggeoparc.ro\/new\/wp-content\/uploads\/2020\/01\/7.-Rachitova-600x450.jpg 600w, https:\/\/www.hateggeoparc.ro\/new\/wp-content\/uploads\/2020\/01\/7.-Rachitova.jpg 1024w\" sizes=\"auto, (max-width: 300px) 100vw, 300px\" \/>\t\t        <\/a>\n\t\t\t<\/div>\n\t\t\t<\/header>\n \n\t<div class=\"entry-content\">\n\t\t<div class=\"entry-content-inner\">\n\t\t\t<h4 class=\"place-title\"><a href=\"https:\/\/www.hateggeoparc.ro\/new\/index.php\/place\/comuna-rachitova\/\" rel=\"bookmark\">Comuna R\u0103chitova<\/a><\/h4>\t\t\t\t\t\t\t\t<\/div>\n\t<\/div><!-- .entry-content -->\n\n\t\n\t<meta itemprop=\"url\" content=\"https:\/\/www.hateggeoparc.ro\/new\/index.php\/place\/comuna-rachitova\/\" \/>\n\n<\/div><!-- #post-## -->\n\t\n\t\t\t\t\t<\/div>\n\t\t\t\t\t\t\t\t\t<div class=\"col-lg-4 col-md-4 col-sm-6 \">\n\t\t\t\t\t\t \n<div itemscope itemtype=\"http:\/\/schema.org\/Activity\" class=\"page location-box post-11977 opal_place type-opal_place status-publish has-post-thumbnail hentry opal_categories-comunitatile\">\n\t\t\n\t<header>\n\t\t\t\t\t<div class=\"place-box-image\">\n\t\t        <a href=\"https:\/\/www.hateggeoparc.ro\/new\/index.php\/place\/comuna-rau-de-mori\/\" class=\"place-box-image-inner \">\t\n\t\t         \t<img loading=\"lazy\" decoding=\"async\" width=\"300\" height=\"225\" src=\"https:\/\/www.hateggeoparc.ro\/new\/wp-content\/uploads\/2020\/01\/8.rau-de-mori-1-300x225.jpg\" class=\"attachment-medium size-medium wp-post-image\" alt=\"\" srcset=\"https:\/\/www.hateggeoparc.ro\/new\/wp-content\/uploads\/2020\/01\/8.rau-de-mori-1-300x225.jpg 300w, https:\/\/www.hateggeoparc.ro\/new\/wp-content\/uploads\/2020\/01\/8.rau-de-mori-1-768x576.jpg 768w, https:\/\/www.hateggeoparc.ro\/new\/wp-content\/uploads\/2020\/01\/8.rau-de-mori-1-600x450.jpg 600w, https:\/\/www.hateggeoparc.ro\/new\/wp-content\/uploads\/2020\/01\/8.rau-de-mori-1.jpg 1024w\" sizes=\"auto, (max-width: 300px) 100vw, 300px\" \/>\t\t        <\/a>\n\t\t\t<\/div>\n\t\t\t<\/header>\n \n\t<div class=\"entry-content\">\n\t\t<div class=\"entry-content-inner\">\n\t\t\t<h4 class=\"place-title\"><a href=\"https:\/\/www.hateggeoparc.ro\/new\/index.php\/place\/comuna-rau-de-mori\/\" rel=\"bookmark\">Comuna R\u00e2u de Mori<\/a><\/h4>\t\t\t\t\t\t\t\t<\/div>\n\t<\/div><!-- .entry-content -->\n\n\t\n\t<meta itemprop=\"url\" content=\"https:\/\/www.hateggeoparc.ro\/new\/index.php\/place\/comuna-rau-de-mori\/\" \/>\n\n<\/div><!-- #post-## -->\n\t\n\t\t\t\t\t<\/div>\n\t\t\t\t\t\t\t\t\t<div class=\"col-lg-4 col-md-4 col-sm-6 \">\n\t\t\t\t\t\t \n<div itemscope itemtype=\"http:\/\/schema.org\/Activity\" class=\"page location-box post-11980 opal_place type-opal_place status-publish has-post-thumbnail hentry opal_categories-comunitatile\">\n\t\t\n\t<header>\n\t\t\t\t\t<div class=\"place-box-image\">\n\t\t        <a href=\"https:\/\/www.hateggeoparc.ro\/new\/index.php\/place\/comuna-sarmizegetusa\/\" class=\"place-box-image-inner \">\t\n\t\t         \t<img loading=\"lazy\" decoding=\"async\" width=\"300\" height=\"225\" src=\"https:\/\/www.hateggeoparc.ro\/new\/wp-content\/uploads\/2020\/01\/9.-Sarmis-300x225.jpg\" class=\"attachment-medium size-medium wp-post-image\" alt=\"\" srcset=\"https:\/\/www.hateggeoparc.ro\/new\/wp-content\/uploads\/2020\/01\/9.-Sarmis-300x225.jpg 300w, https:\/\/www.hateggeoparc.ro\/new\/wp-content\/uploads\/2020\/01\/9.-Sarmis-768x576.jpg 768w, https:\/\/www.hateggeoparc.ro\/new\/wp-content\/uploads\/2020\/01\/9.-Sarmis-600x450.jpg 600w, https:\/\/www.hateggeoparc.ro\/new\/wp-content\/uploads\/2020\/01\/9.-Sarmis.jpg 1024w\" sizes=\"auto, (max-width: 300px) 100vw, 300px\" \/>\t\t        <\/a>\n\t\t\t<\/div>\n\t\t\t<\/header>\n \n\t<div class=\"entry-content\">\n\t\t<div class=\"entry-content-inner\">\n\t\t\t<h4 class=\"place-title\"><a href=\"https:\/\/www.hateggeoparc.ro\/new\/index.php\/place\/comuna-sarmizegetusa\/\" rel=\"bookmark\">Comuna Sarmizegetusa<\/a><\/h4>\t\t\t\t\t\t\t\t<\/div>\n\t<\/div><!-- .entry-content -->\n\n\t\n\t<meta itemprop=\"url\" content=\"https:\/\/www.hateggeoparc.ro\/new\/index.php\/place\/comuna-sarmizegetusa\/\" \/>\n\n<\/div><!-- #post-## -->\n\t\n\t\t\t\t\t<\/div>\n\t\t\t\t\t\t\t\t\t<div class=\"col-lg-4 col-md-4 col-sm-6  first-child\">\n\t\t\t\t\t\t \n<div itemscope itemtype=\"http:\/\/schema.org\/Activity\" class=\"page location-box post-11978 opal_place type-opal_place status-publish has-post-thumbnail hentry opal_categories-comunitatile\">\n\t\t\n\t<header>\n\t\t\t\t\t<div class=\"place-box-image\">\n\t\t        <a href=\"https:\/\/www.hateggeoparc.ro\/new\/index.php\/place\/comuna-salasu-de-sus\/\" class=\"place-box-image-inner \">\t\n\t\t         \t<img loading=\"lazy\" decoding=\"async\" width=\"300\" height=\"225\" src=\"https:\/\/www.hateggeoparc.ro\/new\/wp-content\/uploads\/2020\/01\/10.-salasu-300x225.jpg\" class=\"attachment-medium size-medium wp-post-image\" alt=\"\" srcset=\"https:\/\/www.hateggeoparc.ro\/new\/wp-content\/uploads\/2020\/01\/10.-salasu-300x225.jpg 300w, https:\/\/www.hateggeoparc.ro\/new\/wp-content\/uploads\/2020\/01\/10.-salasu-768x576.jpg 768w, https:\/\/www.hateggeoparc.ro\/new\/wp-content\/uploads\/2020\/01\/10.-salasu-600x450.jpg 600w, https:\/\/www.hateggeoparc.ro\/new\/wp-content\/uploads\/2020\/01\/10.-salasu.jpg 1024w\" sizes=\"auto, (max-width: 300px) 100vw, 300px\" \/>\t\t        <\/a>\n\t\t\t<\/div>\n\t\t\t<\/header>\n \n\t<div class=\"entry-content\">\n\t\t<div class=\"entry-content-inner\">\n\t\t\t<h4 class=\"place-title\"><a href=\"https:\/\/www.hateggeoparc.ro\/new\/index.php\/place\/comuna-salasu-de-sus\/\" rel=\"bookmark\">Comuna S\u0103la\u015fu de Sus<\/a><\/h4>\t\t\t\t\t\t\t\t<\/div>\n\t<\/div><!-- .entry-content -->\n\n\t\n\t<meta itemprop=\"url\" content=\"https:\/\/www.hateggeoparc.ro\/new\/index.php\/place\/comuna-salasu-de-sus\/\" \/>\n\n<\/div><!-- #post-## -->\n\t\n\t\t\t\t\t<\/div>\n\t\t\t\t\t\t\t\t\t<div class=\"col-lg-4 col-md-4 col-sm-6 \">\n\t\t\t\t\t\t \n<div itemscope itemtype=\"http:\/\/schema.org\/Activity\" class=\"page location-box post-11979 opal_place type-opal_place status-publish has-post-thumbnail hentry opal_categories-comunitatile\">\n\t\t\n\t<header>\n\t\t\t\t\t<div class=\"place-box-image\">\n\t\t        <a href=\"https:\/\/www.hateggeoparc.ro\/new\/index.php\/place\/comuna-santamaria-orlea\/\" class=\"place-box-image-inner \">\t\n\t\t         \t<img loading=\"lazy\" decoding=\"async\" width=\"300\" height=\"225\" src=\"https:\/\/www.hateggeoparc.ro\/new\/wp-content\/uploads\/2020\/01\/11.-Santamaria-Orlea-300x225.jpg\" class=\"attachment-medium size-medium wp-post-image\" alt=\"\" srcset=\"https:\/\/www.hateggeoparc.ro\/new\/wp-content\/uploads\/2020\/01\/11.-Santamaria-Orlea-300x225.jpg 300w, https:\/\/www.hateggeoparc.ro\/new\/wp-content\/uploads\/2020\/01\/11.-Santamaria-Orlea-768x576.jpg 768w, https:\/\/www.hateggeoparc.ro\/new\/wp-content\/uploads\/2020\/01\/11.-Santamaria-Orlea-600x450.jpg 600w, https:\/\/www.hateggeoparc.ro\/new\/wp-content\/uploads\/2020\/01\/11.-Santamaria-Orlea.jpg 1024w\" sizes=\"auto, (max-width: 300px) 100vw, 300px\" \/>\t\t        <\/a>\n\t\t\t<\/div>\n\t\t\t<\/header>\n \n\t<div class=\"entry-content\">\n\t\t<div class=\"entry-content-inner\">\n\t\t\t<h4 class=\"place-title\"><a href=\"https:\/\/www.hateggeoparc.ro\/new\/index.php\/place\/comuna-santamaria-orlea\/\" rel=\"bookmark\">Comuna S\u00e2nt\u0103m\u0103ria Orlea<\/a><\/h4>\t\t\t\t\t\t\t\t<\/div>\n\t<\/div><!-- .entry-content -->\n\n\t\n\t<meta itemprop=\"url\" content=\"https:\/\/www.hateggeoparc.ro\/new\/index.php\/place\/comuna-santamaria-orlea\/\" \/>\n\n<\/div><!-- #post-## -->\n\t\n\t\t\t\t\t<\/div>\n\t\t\t\t\t\t\t\t\t<div class=\"col-lg-4 col-md-4 col-sm-6 \">\n\t\t\t\t\t\t \n<div itemscope itemtype=\"http:\/\/schema.org\/Activity\" class=\"page location-box post-11981 opal_place type-opal_place status-publish has-post-thumbnail hentry opal_categories-comunitatile\">\n\t\t\n\t<header>\n\t\t\t\t\t<div class=\"place-box-image\">\n\t\t        <a href=\"https:\/\/www.hateggeoparc.ro\/new\/index.php\/place\/comuna-totesti\/\" class=\"place-box-image-inner \">\t\n\t\t         \t<img loading=\"lazy\" decoding=\"async\" width=\"300\" height=\"225\" src=\"https:\/\/www.hateggeoparc.ro\/new\/wp-content\/uploads\/2020\/01\/12.-totesti-300x225.jpg\" class=\"attachment-medium size-medium wp-post-image\" alt=\"\" srcset=\"https:\/\/www.hateggeoparc.ro\/new\/wp-content\/uploads\/2020\/01\/12.-totesti-300x225.jpg 300w, https:\/\/www.hateggeoparc.ro\/new\/wp-content\/uploads\/2020\/01\/12.-totesti-768x576.jpg 768w, https:\/\/www.hateggeoparc.ro\/new\/wp-content\/uploads\/2020\/01\/12.-totesti-600x450.jpg 600w, https:\/\/www.hateggeoparc.ro\/new\/wp-content\/uploads\/2020\/01\/12.-totesti.jpg 1024w\" sizes=\"auto, (max-width: 300px) 100vw, 300px\" \/>\t\t        <\/a>\n\t\t\t<\/div>\n\t\t\t<\/header>\n \n\t<div class=\"entry-content\">\n\t\t<div class=\"entry-content-inner\">\n\t\t\t<h4 class=\"place-title\"><a href=\"https:\/\/www.hateggeoparc.ro\/new\/index.php\/place\/comuna-totesti\/\" rel=\"bookmark\">Comuna Tote\u0219ti<\/a><\/h4>\t\t\t\t\t\t\t\t<\/div>\n\t<\/div><!-- .entry-content -->\n\n\t\n\t<meta itemprop=\"url\" content=\"https:\/\/www.hateggeoparc.ro\/new\/index.php\/place\/comuna-totesti\/\" \/>\n\n<\/div><!-- #post-## -->\n\t\n\t\t\t\t\t<\/div>\n\t\t\t\t\t\t\t\t<\/div>\n\t\t\t<\/div>\t\n<\/div>\n<\/div><\/div><\/div><\/div><\/div><\/div><\/div><\/section>\n","protected":false},"excerpt":{"rendered":"","protected":false},"author":1,"featured_media":12763,"parent":0,"menu_order":0,"comment_status":"closed","ping_status":"closed","template":"","meta":{"_seopress_robots_primary_cat":"","_seopress_titles_title":"","_seopress_titles_desc":"","_seopress_robots_index":"","footnotes":""},"class_list":["post-11965","page","type-page","status-publish","has-post-thumbnail","hentry"],"_links":{"self":[{"href":"https:\/\/www.hateggeoparc.ro\/new\/index.php\/wp-json\/wp\/v2\/pages\/11965","targetHints":{"allow":["GET"]}}],"collection":[{"href":"https:\/\/www.hateggeoparc.ro\/new\/index.php\/wp-json\/wp\/v2\/pages"}],"about":[{"href":"https:\/\/www.hateggeoparc.ro\/new\/index.php\/wp-json\/wp\/v2\/types\/page"}],"author":[{"embeddable":true,"href":"https:\/\/www.hateggeoparc.ro\/new\/index.php\/wp-json\/wp\/v2\/users\/1"}],"replies":[{"embeddable":true,"href":"https:\/\/www.hateggeoparc.ro\/new\/index.php\/wp-json\/wp\/v2\/comments?post=11965"}],"version-history":[{"count":18,"href":"https:\/\/www.hateggeoparc.ro\/new\/index.php\/wp-json\/wp\/v2\/pages\/11965\/revisions"}],"predecessor-version":[{"id":13846,"href":"https:\/\/www.hateggeoparc.ro\/new\/index.php\/wp-json\/wp\/v2\/pages\/11965\/revisions\/13846"}],"wp:featuredmedia":[{"embeddable":true,"href":"https:\/\/www.hateggeoparc.ro\/new\/index.php\/wp-json\/wp\/v2\/media\/12763"}],"wp:attachment":[{"href":"https:\/\/www.hateggeoparc.ro\/new\/index.php\/wp-json\/wp\/v2\/media?parent=11965"}],"curies":[{"name":"wp","href":"https:\/\/api.w.org\/{rel}","templated":true}]}}