{"id":12030,"date":"2020-01-15T11:08:18","date_gmt":"2020-01-15T11:08:18","guid":{"rendered":"http:\/\/www.hateggeoparc.ro\/new\/?page_id=12030"},"modified":"2020-06-21T11:05:18","modified_gmt":"2020-06-21T11:05:18","slug":"natura","status":"publish","type":"page","link":"https:\/\/www.hateggeoparc.ro\/new\/index.php\/natura\/","title":{"rendered":"Natura"},"content":{"rendered":"<section class=\"kc-elm kc-css-619087 kc_row\"><div class=\"kc-row-container  kc-container\"><div class=\"kc-wrap-columns\"><div class=\"kc-elm kc-css-240653 kc_col-sm-12 kc_column kc_col-sm-12\"><div class=\"kc-col-container\"><div class=\"kc-elm kc-css-305254 kc_row kc_row_inner\"><div class=\"kc-elm kc-css-341158 kc_col-sm-12 kc_column_inner kc_col-sm-12\"><div class=\"kc_wrapper kc-col-inner-container\"><div class=\"wpo-place\">\n\t\t<div class=\"place_title_group align-center\">\n\t\t<h2 class=\"place_title  align-center\">Natura<\/h2>\n\t\t\t\t<span class=\"title-desc\">\n\t\t\t\u00cen \u021aara Ha\u021begului este concentrat, \u00eentr-un spa\u021biu mai restr\u00e2ns, \u00eentregul peisaj al Transilvaniei. Natura este plin\u0103 de \u201evia\u021b\u0103\u201d.  Este uimitoare diversitatea de plante \u0219i animale care spun \u201eacas\u0103\u201d \u021a\u0103rii Ha\u021begului.<br><br>\r\nAsemenea unui amfiteatru natural, \u021aara Ha\u021begului urc\u0103 \u00een trepte de la 300 m altitudine p\u00e2n\u0103 la peste 2500 m. Dac\u0103 iei la picior arealul, ai ocazia s\u0103 treci prin z\u0103voaie \u0219i lunci, dar \u0219i prin tundr\u0103 alpin\u0103.<br><br>\r\n\u00cen unele locuri, oamenii au creat condi\u021bii prielnice pentru vie\u021buitoare. Specii \u00eentregi de plante ar disp\u0103rea dac\u0103 f\u00e2ne\u021bele nu ar fi cosite. F\u0103r\u0103 ajutorul oamenilor care au creat rezerva\u021biile, p\u0103s\u0103rile c\u0103l\u0103toare pe care le admiri pe parcursul c\u0103l\u0103toriei, nu ar fi avut loc de popas \u00een \u021aara Ha\u021begului.<br><br>\r\nTe invit\u0103m \u00een lumea plantelor carnivore, a p\u0103durilor miniaturale, a codrilor ad\u00e2nci, \u0219i a celor mai multe specii de  fluturi din Rom\u00e2nia.\t\t<\/span>\n\t\t\t<\/div>\n\t\t<div class=\"opalplace-recent-place opalplace-rows\">\n\t\t \n\t\t\t<div class=\"row\">\n\t\t\t\t\t\t\t\t\t\t<div class=\"col-lg-4 col-md-4 col-sm-6  first-child\">\n\t\t\t\t\t\t \n<div itemscope itemtype=\"http:\/\/schema.org\/Activity\" class=\"page location-box post-12028 opal_place type-opal_place status-publish has-post-thumbnail hentry opal_categories-natura\">\n\t\t\n\t<header>\n\t\t\t\t\t<div class=\"place-box-image\">\n\t\t        <a href=\"https:\/\/www.hateggeoparc.ro\/new\/index.php\/place\/taul-fara-fund\/\" class=\"place-box-image-inner \">\t\n\t\t         \t<img loading=\"lazy\" decoding=\"async\" width=\"300\" height=\"225\" src=\"https:\/\/www.hateggeoparc.ro\/new\/wp-content\/uploads\/2020\/01\/Taul-fara-fund_1-300x225.jpg\" class=\"attachment-medium size-medium wp-post-image\" alt=\"\" srcset=\"https:\/\/www.hateggeoparc.ro\/new\/wp-content\/uploads\/2020\/01\/Taul-fara-fund_1-300x225.jpg 300w, https:\/\/www.hateggeoparc.ro\/new\/wp-content\/uploads\/2020\/01\/Taul-fara-fund_1-768x576.jpg 768w, https:\/\/www.hateggeoparc.ro\/new\/wp-content\/uploads\/2020\/01\/Taul-fara-fund_1-600x450.jpg 600w, https:\/\/www.hateggeoparc.ro\/new\/wp-content\/uploads\/2020\/01\/Taul-fara-fund_1.jpg 1024w\" sizes=\"auto, (max-width: 300px) 100vw, 300px\" \/>\t\t        <\/a>\n\t\t\t<\/div>\n\t\t\t<\/header>\n \n\t<div class=\"entry-content\">\n\t\t<div class=\"entry-content-inner\">\n\t\t\t<h4 class=\"place-title\"><a href=\"https:\/\/www.hateggeoparc.ro\/new\/index.php\/place\/taul-fara-fund\/\" rel=\"bookmark\">T\u0103ul f\u0103r\u0103 Fund<\/a><\/h4>\t\t\t\t\t\t\t\t<\/div>\n\t<\/div><!-- .entry-content -->\n\n\t\n\t<meta itemprop=\"url\" content=\"https:\/\/www.hateggeoparc.ro\/new\/index.php\/place\/taul-fara-fund\/\" \/>\n\n<\/div><!-- #post-## -->\n\t\n\t\t\t\t\t<\/div>\n\t\t\t\t\t\t\t\t\t<div class=\"col-lg-4 col-md-4 col-sm-6 \">\n\t\t\t\t\t\t \n<div itemscope itemtype=\"http:\/\/schema.org\/Activity\" class=\"page location-box post-12026 opal_place type-opal_place status-publish has-post-thumbnail hentry opal_categories-natura\">\n\t\t\n\t<header>\n\t\t\t\t\t<div class=\"place-box-image\">\n\t\t        <a href=\"https:\/\/www.hateggeoparc.ro\/new\/index.php\/place\/poiana-cu-narcise\/\" class=\"place-box-image-inner \">\t\n\t\t         \t<img loading=\"lazy\" decoding=\"async\" width=\"300\" height=\"225\" src=\"https:\/\/www.hateggeoparc.ro\/new\/wp-content\/uploads\/2020\/01\/poiana-cu-narcise_1-300x225.jpg\" class=\"attachment-medium size-medium wp-post-image\" alt=\"\" srcset=\"https:\/\/www.hateggeoparc.ro\/new\/wp-content\/uploads\/2020\/01\/poiana-cu-narcise_1-300x225.jpg 300w, https:\/\/www.hateggeoparc.ro\/new\/wp-content\/uploads\/2020\/01\/poiana-cu-narcise_1-768x576.jpg 768w, https:\/\/www.hateggeoparc.ro\/new\/wp-content\/uploads\/2020\/01\/poiana-cu-narcise_1-600x450.jpg 600w, https:\/\/www.hateggeoparc.ro\/new\/wp-content\/uploads\/2020\/01\/poiana-cu-narcise_1.jpg 1024w\" sizes=\"auto, (max-width: 300px) 100vw, 300px\" \/>\t\t        <\/a>\n\t\t\t<\/div>\n\t\t\t<\/header>\n \n\t<div class=\"entry-content\">\n\t\t<div class=\"entry-content-inner\">\n\t\t\t<h4 class=\"place-title\"><a href=\"https:\/\/www.hateggeoparc.ro\/new\/index.php\/place\/poiana-cu-narcise\/\" rel=\"bookmark\">F\u00e2na\u021bele cu narcise<\/a><\/h4>\t\t\t\t\t\t\t\t<\/div>\n\t<\/div><!-- .entry-content -->\n\n\t\n\t<meta itemprop=\"url\" content=\"https:\/\/www.hateggeoparc.ro\/new\/index.php\/place\/poiana-cu-narcise\/\" \/>\n\n<\/div><!-- #post-## -->\n\t\n\t\t\t\t\t<\/div>\n\t\t\t\t\t\t\t\t\t<div class=\"col-lg-4 col-md-4 col-sm-6 \">\n\t\t\t\t\t\t \n<div itemscope itemtype=\"http:\/\/schema.org\/Activity\" class=\"page location-box post-12024 opal_place type-opal_place status-publish has-post-thumbnail hentry opal_categories-natura\">\n\t\t\n\t<header>\n\t\t\t\t\t<div class=\"place-box-image\">\n\t\t        <a href=\"https:\/\/www.hateggeoparc.ro\/new\/index.php\/place\/padurea-cu-zimbri\/\" class=\"place-box-image-inner \">\t\n\t\t         \t<img loading=\"lazy\" decoding=\"async\" width=\"300\" height=\"225\" src=\"https:\/\/www.hateggeoparc.ro\/new\/wp-content\/uploads\/2020\/01\/Padurea-cu-zimbri_2-300x225.jpg\" class=\"attachment-medium size-medium wp-post-image\" alt=\"\" srcset=\"https:\/\/www.hateggeoparc.ro\/new\/wp-content\/uploads\/2020\/01\/Padurea-cu-zimbri_2-300x225.jpg 300w, https:\/\/www.hateggeoparc.ro\/new\/wp-content\/uploads\/2020\/01\/Padurea-cu-zimbri_2-768x576.jpg 768w, https:\/\/www.hateggeoparc.ro\/new\/wp-content\/uploads\/2020\/01\/Padurea-cu-zimbri_2-600x450.jpg 600w, https:\/\/www.hateggeoparc.ro\/new\/wp-content\/uploads\/2020\/01\/Padurea-cu-zimbri_2.jpg 1024w\" sizes=\"auto, (max-width: 300px) 100vw, 300px\" \/>\t\t        <\/a>\n\t\t\t<\/div>\n\t\t\t<\/header>\n \n\t<div class=\"entry-content\">\n\t\t<div class=\"entry-content-inner\">\n\t\t\t<h4 class=\"place-title\"><a href=\"https:\/\/www.hateggeoparc.ro\/new\/index.php\/place\/padurea-cu-zimbri\/\" rel=\"bookmark\">P\u0103durea cu zimbri<\/a><\/h4>\t\t\t\t\t\t\t\t<\/div>\n\t<\/div><!-- .entry-content -->\n\n\t\n\t<meta itemprop=\"url\" content=\"https:\/\/www.hateggeoparc.ro\/new\/index.php\/place\/padurea-cu-zimbri\/\" \/>\n\n<\/div><!-- #post-## -->\n\t\n\t\t\t\t\t<\/div>\n\t\t\t\t\t\t\t\t<\/div>\n\t\t\t<\/div>\t\n<\/div>\n<\/div><\/div><\/div><\/div><\/div><\/div><\/div><\/section>\n","protected":false},"excerpt":{"rendered":"","protected":false},"author":1,"featured_media":0,"parent":0,"menu_order":0,"comment_status":"closed","ping_status":"closed","template":"","meta":{"_seopress_robots_primary_cat":"","_seopress_titles_title":"","_seopress_titles_desc":"","_seopress_robots_index":"","footnotes":""},"class_list":["post-12030","page","type-page","status-publish","hentry","has-post-thumbnail"],"_links":{"self":[{"href":"https:\/\/www.hateggeoparc.ro\/new\/index.php\/wp-json\/wp\/v2\/pages\/12030","targetHints":{"allow":["GET"]}}],"collection":[{"href":"https:\/\/www.hateggeoparc.ro\/new\/index.php\/wp-json\/wp\/v2\/pages"}],"about":[{"href":"https:\/\/www.hateggeoparc.ro\/new\/index.php\/wp-json\/wp\/v2\/types\/page"}],"author":[{"embeddable":true,"href":"https:\/\/www.hateggeoparc.ro\/new\/index.php\/wp-json\/wp\/v2\/users\/1"}],"replies":[{"embeddable":true,"href":"https:\/\/www.hateggeoparc.ro\/new\/index.php\/wp-json\/wp\/v2\/comments?post=12030"}],"version-history":[{"count":5,"href":"https:\/\/www.hateggeoparc.ro\/new\/index.php\/wp-json\/wp\/v2\/pages\/12030\/revisions"}],"predecessor-version":[{"id":13847,"href":"https:\/\/www.hateggeoparc.ro\/new\/index.php\/wp-json\/wp\/v2\/pages\/12030\/revisions\/13847"}],"wp:attachment":[{"href":"https:\/\/www.hateggeoparc.ro\/new\/index.php\/wp-json\/wp\/v2\/media?parent=12030"}],"curies":[{"name":"wp","href":"https:\/\/api.w.org\/{rel}","templated":true}]}}