{"id":12043,"date":"2020-01-15T11:21:22","date_gmt":"2020-01-15T11:21:22","guid":{"rendered":"http:\/\/www.hateggeoparc.ro\/new\/?page_id=12043"},"modified":"2020-06-21T06:45:23","modified_gmt":"2020-06-21T06:45:23","slug":"terra","status":"publish","type":"page","link":"https:\/\/www.hateggeoparc.ro\/new\/index.php\/terra\/","title":{"rendered":"Terra"},"content":{"rendered":"<section class=\"kc-elm kc-css-819038 kc_row\"><div class=\"kc-row-container  kc-container\"><div class=\"kc-wrap-columns\"><div class=\"kc-elm kc-css-775750 kc_col-sm-12 kc_column kc_col-sm-12\"><div class=\"kc-col-container\"><div class=\"kc-elm kc-css-115560 kc_row kc_row_inner\"><div class=\"kc-elm kc-css-446706 kc_col-sm-12 kc_column_inner kc_col-sm-12\"><div class=\"kc_wrapper kc-col-inner-container\"><div class=\"wpo-place\">\n\t\t<div class=\"place_title_group align-center\">\n\t\t<h2 class=\"place_title  align-center\">Terra<\/h2>\n\t\t\t\t<span class=\"title-desc\">\n\t\t\tGeoparcul este locul cel mai potrivit ca s\u0103 afli povestea P\u0103m\u00e2ntului: cum au ap\u0103rut continentele \u0219i dac\u0103 au fost \u00eentotdeauna amplasate \u00een locurile pe care le \u0219tim ast\u0103zi, cum se formeaz\u0103 o roc\u0103 (piatr\u0103) \u0219i dac\u0103 roca are propriul ei ciclu de via\u021b\u0103. C\u00e2nd au ap\u0103rut primele forme de via\u021b\u0103 \u0219i ce tipuri de vie\u021buitoare au tr\u0103it \u0219i au disp\u0103rut brusc de pe P\u0103m\u00e2nt.<br><br>\r\nCa s\u0103 \u00een\u021belegi mai bine despre ce este vorba, afl\u0103 c\u0103 sloganul Geoparcului Interna\u021bional UNESCO \u021aara Ha\u021begului este Drum prin vremi. De ce? Pentru c\u0103 este cel mai potrivit loc din Rom\u00e2nia \u00een care s\u0103 faci o c\u0103l\u0103torie \u00een timp, folosindu-te de cea mai complex\u0103 \u0219i fascinant\u0103 ma\u0219in\u0103rie pe care o ai \u00een interiorul t\u0103u: imagina\u021bia. <br><br>\r\nImagineaz\u0103-\u021bi c\u0103, acum 70 de milioane de ani, actualul teritoriu al geoparcului era parte dintr-o insul\u0103 tropical\u0103 populat\u0103 de dinozauri. Dar nu orice fel de dinozauri, ci unii pitici, ierbivori \u0219i carnivori, cunoscu\u021bi \u00een lumea \u0219tiin\u021bific\u0103 drept \u201ddinozaurii pitici din Transilvania\u201d. C\u00e2nd au v\u0103zut fosilele, oamenii locului le spuneau \u201doase de urie\u0219i\u201d. Nu mai pu\u021bin de 10 specii de dinozauri, cuiburi cu ou\u0103 de dinozaur, dar \u0219i fosile de reptile, p\u0103s\u0103ri \u0219i mamifere ce tr\u0103iau \u00een acele vremuri au fost descoperite pe teritoriul Geoparcului. O lume cu o poveste fascinant\u0103 care te a\u0219teapt\u0103 s\u0103 o descoperi, doar \u00een Geoparc. <br><br>\r\nAcum d\u0103 drumul imagina\u021biei la vitez\u0103 maxim\u0103 p\u00e2n\u0103 acum 10 milioane de ani \u0219i afl\u0103 cum s-au format Mun\u021bii Retezat \u0219i cum au ajuns uria\u0219e buc\u0103\u021bi de granit, rupte din munte, s\u0103 stea la temelia \u021a\u0103rii Ha\u021begului, iar buc\u0103\u021bile mai u\u0219or de c\u0103rat \u0219i de ridicat s\u0103 devin\u0103 garduri \u0219i funda\u021bii de cas\u0103. <br><br>\r\nTe invit\u0103m s\u0103 descoperi povestea P\u0103m\u00e2ntului \u00een geositurile de pe traseele geoparcului.\t\t<\/span>\n\t\t\t<\/div>\n\t\t<div class=\"opalplace-recent-place opalplace-rows\">\n\t\t \n\t\t\t<div class=\"row\">\n\t\t\t\t\t\t\t\t\t\t<div class=\"col-lg-4 col-md-4 col-sm-6  first-child\">\n\t\t\t\t\t\t \n<div itemscope itemtype=\"http:\/\/schema.org\/Activity\" class=\"page location-box post-12041 opal_place type-opal_place status-publish has-post-thumbnail hentry opal_categories-terra\">\n\t\t\n\t<header>\n\t\t\t\t\t<div class=\"place-box-image\">\n\t\t        <a href=\"https:\/\/www.hateggeoparc.ro\/new\/index.php\/place\/valea-dinozaurilor\/\" class=\"place-box-image-inner \">\t\n\t\t         \t<img loading=\"lazy\" decoding=\"async\" width=\"300\" height=\"225\" src=\"https:\/\/www.hateggeoparc.ro\/new\/wp-content\/uploads\/2020\/01\/1.-Terra-Valea-Dinozaurilor-300x225.jpg\" class=\"attachment-medium size-medium wp-post-image\" alt=\"\" srcset=\"https:\/\/www.hateggeoparc.ro\/new\/wp-content\/uploads\/2020\/01\/1.-Terra-Valea-Dinozaurilor-300x225.jpg 300w, https:\/\/www.hateggeoparc.ro\/new\/wp-content\/uploads\/2020\/01\/1.-Terra-Valea-Dinozaurilor-768x576.jpg 768w, https:\/\/www.hateggeoparc.ro\/new\/wp-content\/uploads\/2020\/01\/1.-Terra-Valea-Dinozaurilor-600x450.jpg 600w, https:\/\/www.hateggeoparc.ro\/new\/wp-content\/uploads\/2020\/01\/1.-Terra-Valea-Dinozaurilor.jpg 1024w\" sizes=\"auto, (max-width: 300px) 100vw, 300px\" \/>\t\t        <\/a>\n\t\t\t<\/div>\n\t\t\t<\/header>\n \n\t<div class=\"entry-content\">\n\t\t<div class=\"entry-content-inner\">\n\t\t\t<h4 class=\"place-title\"><a href=\"https:\/\/www.hateggeoparc.ro\/new\/index.php\/place\/valea-dinozaurilor\/\" rel=\"bookmark\">Valea Dinozaurilor<\/a><\/h4>\t\t\t\t\t\t\t\t<\/div>\n\t<\/div><!-- .entry-content -->\n\n\t\n\t<meta itemprop=\"url\" content=\"https:\/\/www.hateggeoparc.ro\/new\/index.php\/place\/valea-dinozaurilor\/\" \/>\n\n<\/div><!-- #post-## -->\n\t\n\t\t\t\t\t<\/div>\n\t\t\t\t\t\t\t\t\t<div class=\"col-lg-4 col-md-4 col-sm-6 \">\n\t\t\t\t\t\t \n<div itemscope itemtype=\"http:\/\/schema.org\/Activity\" class=\"page location-box post-12036 opal_place type-opal_place status-publish has-post-thumbnail hentry opal_categories-terra\">\n\t\t\n\t<header>\n\t\t\t\t\t<div class=\"place-box-image\">\n\t\t        <a href=\"https:\/\/www.hateggeoparc.ro\/new\/index.php\/place\/drumul-vulcanilor\/\" class=\"place-box-image-inner \">\t\n\t\t         \t<img loading=\"lazy\" decoding=\"async\" width=\"300\" height=\"225\" src=\"https:\/\/www.hateggeoparc.ro\/new\/wp-content\/uploads\/2020\/06\/DrumulVulcanilor_AndreeaDogar-300x225.jpg\" class=\"attachment-medium size-medium wp-post-image\" alt=\"\" srcset=\"https:\/\/www.hateggeoparc.ro\/new\/wp-content\/uploads\/2020\/06\/DrumulVulcanilor_AndreeaDogar-300x225.jpg 300w, https:\/\/www.hateggeoparc.ro\/new\/wp-content\/uploads\/2020\/06\/DrumulVulcanilor_AndreeaDogar-768x576.jpg 768w, https:\/\/www.hateggeoparc.ro\/new\/wp-content\/uploads\/2020\/06\/DrumulVulcanilor_AndreeaDogar-600x450.jpg 600w, https:\/\/www.hateggeoparc.ro\/new\/wp-content\/uploads\/2020\/06\/DrumulVulcanilor_AndreeaDogar.jpg 1024w\" sizes=\"auto, (max-width: 300px) 100vw, 300px\" \/>\t\t        <\/a>\n\t\t\t<\/div>\n\t\t\t<\/header>\n \n\t<div class=\"entry-content\">\n\t\t<div class=\"entry-content-inner\">\n\t\t\t<h4 class=\"place-title\"><a href=\"https:\/\/www.hateggeoparc.ro\/new\/index.php\/place\/drumul-vulcanilor\/\" rel=\"bookmark\">Drumul vulcanilor<\/a><\/h4>\t\t\t\t\t\t\t\t<\/div>\n\t<\/div><!-- .entry-content -->\n\n\t\n\t<meta itemprop=\"url\" content=\"https:\/\/www.hateggeoparc.ro\/new\/index.php\/place\/drumul-vulcanilor\/\" \/>\n\n<\/div><!-- #post-## -->\n\t\n\t\t\t\t\t<\/div>\n\t\t\t\t\t\t\t\t\t<div class=\"col-lg-4 col-md-4 col-sm-6 \">\n\t\t\t\t\t\t \n<div itemscope itemtype=\"http:\/\/schema.org\/Activity\" class=\"page location-box post-12034 opal_place type-opal_place status-publish has-post-thumbnail hentry opal_categories-terra\">\n\t\t\n\t<header>\n\t\t\t\t\t<div class=\"place-box-image\">\n\t\t        <a href=\"https:\/\/www.hateggeoparc.ro\/new\/index.php\/place\/campurile-cu-granit\/\" class=\"place-box-image-inner \">\t\n\t\t         \t<img loading=\"lazy\" decoding=\"async\" width=\"300\" height=\"225\" src=\"https:\/\/www.hateggeoparc.ro\/new\/wp-content\/uploads\/2020\/06\/GDTH_bulgari-de-granit-sat-Ohaba-Sibisel-300x225.jpg\" class=\"attachment-medium size-medium wp-post-image\" alt=\"\" srcset=\"https:\/\/www.hateggeoparc.ro\/new\/wp-content\/uploads\/2020\/06\/GDTH_bulgari-de-granit-sat-Ohaba-Sibisel-300x225.jpg 300w, https:\/\/www.hateggeoparc.ro\/new\/wp-content\/uploads\/2020\/06\/GDTH_bulgari-de-granit-sat-Ohaba-Sibisel-768x576.jpg 768w, https:\/\/www.hateggeoparc.ro\/new\/wp-content\/uploads\/2020\/06\/GDTH_bulgari-de-granit-sat-Ohaba-Sibisel-600x450.jpg 600w, https:\/\/www.hateggeoparc.ro\/new\/wp-content\/uploads\/2020\/06\/GDTH_bulgari-de-granit-sat-Ohaba-Sibisel.jpg 1024w\" sizes=\"auto, (max-width: 300px) 100vw, 300px\" \/>\t\t        <\/a>\n\t\t\t<\/div>\n\t\t\t<\/header>\n \n\t<div class=\"entry-content\">\n\t\t<div class=\"entry-content-inner\">\n\t\t\t<h4 class=\"place-title\"><a href=\"https:\/\/www.hateggeoparc.ro\/new\/index.php\/place\/campurile-cu-granit\/\" rel=\"bookmark\">C\u00e2mpurile cu granit<\/a><\/h4>\t\t\t\t\t\t\t\t<\/div>\n\t<\/div><!-- .entry-content -->\n\n\t\n\t<meta itemprop=\"url\" content=\"https:\/\/www.hateggeoparc.ro\/new\/index.php\/place\/campurile-cu-granit\/\" \/>\n\n<\/div><!-- #post-## -->\n\t\n\t\t\t\t\t<\/div>\n\t\t\t\t\t\t\t\t\t<div class=\"col-lg-4 col-md-4 col-sm-6  first-child\">\n\t\t\t\t\t\t \n<div itemscope itemtype=\"http:\/\/schema.org\/Activity\" class=\"page location-box post-12040 opal_place type-opal_place status-publish has-post-thumbnail hentry opal_categories-terra\">\n\t\t\n\t<header>\n\t\t\t\t\t<div class=\"place-box-image\">\n\t\t        <a href=\"https:\/\/www.hateggeoparc.ro\/new\/index.php\/place\/situl-fosilifer-de-la-sanpetru-comuna-santamaria-orlea\/\" class=\"place-box-image-inner \">\t\n\t\t         \t<img loading=\"lazy\" decoding=\"async\" width=\"300\" height=\"225\" src=\"https:\/\/www.hateggeoparc.ro\/new\/wp-content\/uploads\/2020\/01\/4.-Situl-fosilifer-Sanpetru-300x225.jpg\" class=\"attachment-medium size-medium wp-post-image\" alt=\"\" srcset=\"https:\/\/www.hateggeoparc.ro\/new\/wp-content\/uploads\/2020\/01\/4.-Situl-fosilifer-Sanpetru-300x225.jpg 300w, https:\/\/www.hateggeoparc.ro\/new\/wp-content\/uploads\/2020\/01\/4.-Situl-fosilifer-Sanpetru-768x576.jpg 768w, https:\/\/www.hateggeoparc.ro\/new\/wp-content\/uploads\/2020\/01\/4.-Situl-fosilifer-Sanpetru-600x450.jpg 600w, https:\/\/www.hateggeoparc.ro\/new\/wp-content\/uploads\/2020\/01\/4.-Situl-fosilifer-Sanpetru.jpg 1024w\" sizes=\"auto, (max-width: 300px) 100vw, 300px\" \/>\t\t        <\/a>\n\t\t\t<\/div>\n\t\t\t<\/header>\n \n\t<div class=\"entry-content\">\n\t\t<div class=\"entry-content-inner\">\n\t\t\t<h4 class=\"place-title\"><a href=\"https:\/\/www.hateggeoparc.ro\/new\/index.php\/place\/situl-fosilifer-de-la-sanpetru-comuna-santamaria-orlea\/\" rel=\"bookmark\">Situl fosilifer de la S\u00e2npetru<\/a><\/h4>\t\t\t\t\t\t\t\t<\/div>\n\t<\/div><!-- .entry-content -->\n\n\t\n\t<meta itemprop=\"url\" content=\"https:\/\/www.hateggeoparc.ro\/new\/index.php\/place\/situl-fosilifer-de-la-sanpetru-comuna-santamaria-orlea\/\" \/>\n\n<\/div><!-- #post-## -->\n\t\n\t\t\t\t\t<\/div>\n\t\t\t\t\t\t\t\t\t<div class=\"col-lg-4 col-md-4 col-sm-6 \">\n\t\t\t\t\t\t \n<div itemscope itemtype=\"http:\/\/schema.org\/Activity\" class=\"page location-box post-12038 opal_place type-opal_place status-publish has-post-thumbnail hentry opal_categories-terra\">\n\t\t\n\t<header>\n\t\t\t\t\t<div class=\"place-box-image\">\n\t\t        <a href=\"https:\/\/www.hateggeoparc.ro\/new\/index.php\/place\/geositurile-rau-barbat\/\" class=\"place-box-image-inner \">\t\n\t\t         \t<img loading=\"lazy\" decoding=\"async\" width=\"300\" height=\"225\" src=\"https:\/\/www.hateggeoparc.ro\/new\/wp-content\/uploads\/2020\/01\/5.-Geositurile-Rau-Barbat-300x225.jpg\" class=\"attachment-medium size-medium wp-post-image\" alt=\"\" srcset=\"https:\/\/www.hateggeoparc.ro\/new\/wp-content\/uploads\/2020\/01\/5.-Geositurile-Rau-Barbat-300x225.jpg 300w, https:\/\/www.hateggeoparc.ro\/new\/wp-content\/uploads\/2020\/01\/5.-Geositurile-Rau-Barbat-1024x768.jpg 1024w, https:\/\/www.hateggeoparc.ro\/new\/wp-content\/uploads\/2020\/01\/5.-Geositurile-Rau-Barbat-768x576.jpg 768w, https:\/\/www.hateggeoparc.ro\/new\/wp-content\/uploads\/2020\/01\/5.-Geositurile-Rau-Barbat-1536x1152.jpg 1536w, https:\/\/www.hateggeoparc.ro\/new\/wp-content\/uploads\/2020\/01\/5.-Geositurile-Rau-Barbat-600x450.jpg 600w, https:\/\/www.hateggeoparc.ro\/new\/wp-content\/uploads\/2020\/01\/5.-Geositurile-Rau-Barbat.jpg 2048w\" sizes=\"auto, (max-width: 300px) 100vw, 300px\" \/>\t\t        <\/a>\n\t\t\t<\/div>\n\t\t\t<\/header>\n \n\t<div class=\"entry-content\">\n\t\t<div class=\"entry-content-inner\">\n\t\t\t<h4 class=\"place-title\"><a href=\"https:\/\/www.hateggeoparc.ro\/new\/index.php\/place\/geositurile-rau-barbat\/\" rel=\"bookmark\">Geositurile R\u00e2u B\u0103rbat<\/a><\/h4>\t\t\t\t\t\t\t\t<\/div>\n\t<\/div><!-- .entry-content -->\n\n\t\n\t<meta itemprop=\"url\" content=\"https:\/\/www.hateggeoparc.ro\/new\/index.php\/place\/geositurile-rau-barbat\/\" \/>\n\n<\/div><!-- #post-## -->\n\t\n\t\t\t\t\t<\/div>\n\t\t\t\t\t\t\t\t\t<div class=\"col-lg-4 col-md-4 col-sm-6 \">\n\t\t\t\t\t\t \n<div itemscope itemtype=\"http:\/\/schema.org\/Activity\" class=\"page location-box post-12035 opal_place type-opal_place status-publish has-post-thumbnail hentry opal_categories-terra\">\n\t\t\n\t<header>\n\t\t\t\t\t<div class=\"place-box-image\">\n\t\t        <a href=\"https:\/\/www.hateggeoparc.ro\/new\/index.php\/place\/cascada-lolaia\/\" class=\"place-box-image-inner \">\t\n\t\t         \t<img loading=\"lazy\" decoding=\"async\" width=\"300\" height=\"225\" src=\"https:\/\/www.hateggeoparc.ro\/new\/wp-content\/uploads\/2020\/01\/6.-Cascada-lolaia-300x225.jpg\" class=\"attachment-medium size-medium wp-post-image\" alt=\"\" srcset=\"https:\/\/www.hateggeoparc.ro\/new\/wp-content\/uploads\/2020\/01\/6.-Cascada-lolaia-300x225.jpg 300w, https:\/\/www.hateggeoparc.ro\/new\/wp-content\/uploads\/2020\/01\/6.-Cascada-lolaia-768x576.jpg 768w, https:\/\/www.hateggeoparc.ro\/new\/wp-content\/uploads\/2020\/01\/6.-Cascada-lolaia-600x450.jpg 600w, https:\/\/www.hateggeoparc.ro\/new\/wp-content\/uploads\/2020\/01\/6.-Cascada-lolaia.jpg 1024w\" sizes=\"auto, (max-width: 300px) 100vw, 300px\" \/>\t\t        <\/a>\n\t\t\t<\/div>\n\t\t\t<\/header>\n \n\t<div class=\"entry-content\">\n\t\t<div class=\"entry-content-inner\">\n\t\t\t<h4 class=\"place-title\"><a href=\"https:\/\/www.hateggeoparc.ro\/new\/index.php\/place\/cascada-lolaia\/\" rel=\"bookmark\">Cascada Lolaia<\/a><\/h4>\t\t\t\t\t\t\t\t<\/div>\n\t<\/div><!-- .entry-content -->\n\n\t\n\t<meta itemprop=\"url\" content=\"https:\/\/www.hateggeoparc.ro\/new\/index.php\/place\/cascada-lolaia\/\" \/>\n\n<\/div><!-- #post-## -->\n\t\n\t\t\t\t\t<\/div>\n\t\t\t\t\t\t\t\t\t<div class=\"col-lg-4 col-md-4 col-sm-6  first-child\">\n\t\t\t\t\t\t \n<div itemscope itemtype=\"http:\/\/schema.org\/Activity\" class=\"page location-box post-12042 opal_place type-opal_place status-publish has-post-thumbnail hentry opal_categories-terra\">\n\t\t\n\t<header>\n\t\t\t\t\t<div class=\"place-box-image\">\n\t\t        <a href=\"https:\/\/www.hateggeoparc.ro\/new\/index.php\/place\/zona-vulcanica-valioara\/\" class=\"place-box-image-inner \">\t\n\t\t         \t<img loading=\"lazy\" decoding=\"async\" width=\"300\" height=\"225\" src=\"https:\/\/www.hateggeoparc.ro\/new\/wp-content\/uploads\/2020\/01\/7.-zona-vulcanica-Valioara-300x225.jpg\" class=\"attachment-medium size-medium wp-post-image\" alt=\"\" srcset=\"https:\/\/www.hateggeoparc.ro\/new\/wp-content\/uploads\/2020\/01\/7.-zona-vulcanica-Valioara-300x225.jpg 300w, https:\/\/www.hateggeoparc.ro\/new\/wp-content\/uploads\/2020\/01\/7.-zona-vulcanica-Valioara-768x576.jpg 768w, https:\/\/www.hateggeoparc.ro\/new\/wp-content\/uploads\/2020\/01\/7.-zona-vulcanica-Valioara-600x450.jpg 600w, https:\/\/www.hateggeoparc.ro\/new\/wp-content\/uploads\/2020\/01\/7.-zona-vulcanica-Valioara.jpg 1024w\" sizes=\"auto, (max-width: 300px) 100vw, 300px\" \/>\t\t        <\/a>\n\t\t\t<\/div>\n\t\t\t<\/header>\n \n\t<div class=\"entry-content\">\n\t\t<div class=\"entry-content-inner\">\n\t\t\t<h4 class=\"place-title\"><a href=\"https:\/\/www.hateggeoparc.ro\/new\/index.php\/place\/zona-vulcanica-valioara\/\" rel=\"bookmark\">Zona vulcanic\u0103 V\u0103lioara<\/a><\/h4>\t\t\t\t\t\t\t\t<\/div>\n\t<\/div><!-- .entry-content -->\n\n\t\n\t<meta itemprop=\"url\" content=\"https:\/\/www.hateggeoparc.ro\/new\/index.php\/place\/zona-vulcanica-valioara\/\" \/>\n\n<\/div><!-- #post-## -->\n\t\n\t\t\t\t\t<\/div>\n\t\t\t\t\t\t\t\t\t<div class=\"col-lg-4 col-md-4 col-sm-6 \">\n\t\t\t\t\t\t \n<div itemscope itemtype=\"http:\/\/schema.org\/Activity\" class=\"page location-box post-12037 opal_place type-opal_place status-publish has-post-thumbnail hentry opal_categories-terra\">\n\t\t\n\t<header>\n\t\t\t\t\t<div class=\"place-box-image\">\n\t\t        <a href=\"https:\/\/www.hateggeoparc.ro\/new\/index.php\/place\/geositurile-ponor-fizesti\/\" class=\"place-box-image-inner \">\t\n\t\t         \t<img loading=\"lazy\" decoding=\"async\" width=\"300\" height=\"225\" src=\"https:\/\/www.hateggeoparc.ro\/new\/wp-content\/uploads\/2020\/01\/8.-Geositurile-ponor-fizesti-300x225.jpg\" class=\"attachment-medium size-medium wp-post-image\" alt=\"\" srcset=\"https:\/\/www.hateggeoparc.ro\/new\/wp-content\/uploads\/2020\/01\/8.-Geositurile-ponor-fizesti-300x225.jpg 300w, https:\/\/www.hateggeoparc.ro\/new\/wp-content\/uploads\/2020\/01\/8.-Geositurile-ponor-fizesti-1024x768.jpg 1024w, https:\/\/www.hateggeoparc.ro\/new\/wp-content\/uploads\/2020\/01\/8.-Geositurile-ponor-fizesti-768x576.jpg 768w, https:\/\/www.hateggeoparc.ro\/new\/wp-content\/uploads\/2020\/01\/8.-Geositurile-ponor-fizesti-1536x1152.jpg 1536w, https:\/\/www.hateggeoparc.ro\/new\/wp-content\/uploads\/2020\/01\/8.-Geositurile-ponor-fizesti-2048x1536.jpg 2048w, https:\/\/www.hateggeoparc.ro\/new\/wp-content\/uploads\/2020\/01\/8.-Geositurile-ponor-fizesti-600x450.jpg 600w\" sizes=\"auto, (max-width: 300px) 100vw, 300px\" \/>\t\t        <\/a>\n\t\t\t<\/div>\n\t\t\t<\/header>\n \n\t<div class=\"entry-content\">\n\t\t<div class=\"entry-content-inner\">\n\t\t\t<h4 class=\"place-title\"><a href=\"https:\/\/www.hateggeoparc.ro\/new\/index.php\/place\/geositurile-ponor-fizesti\/\" rel=\"bookmark\">Geositurile Ponor-Fize\u0219ti<\/a><\/h4>\t\t\t\t\t\t\t\t<\/div>\n\t<\/div><!-- .entry-content -->\n\n\t\n\t<meta itemprop=\"url\" content=\"https:\/\/www.hateggeoparc.ro\/new\/index.php\/place\/geositurile-ponor-fizesti\/\" \/>\n\n<\/div><!-- #post-## -->\n\t\n\t\t\t\t\t<\/div>\n\t\t\t\t\t\t\t\t\t<div class=\"col-lg-4 col-md-4 col-sm-6 \">\n\t\t\t\t\t\t \n<div itemscope itemtype=\"http:\/\/schema.org\/Activity\" class=\"page location-box post-12039 opal_place type-opal_place status-publish has-post-thumbnail hentry opal_categories-terra\">\n\t\t\n\t<header>\n\t\t\t\t\t<div class=\"place-box-image\">\n\t\t        <a href=\"https:\/\/www.hateggeoparc.ro\/new\/index.php\/place\/pestera-sura-mare\/\" class=\"place-box-image-inner \">\t\n\t\t         \t<img loading=\"lazy\" decoding=\"async\" width=\"300\" height=\"225\" src=\"https:\/\/www.hateggeoparc.ro\/new\/wp-content\/uploads\/2020\/01\/9.-Sura-mare-300x225.jpg\" class=\"attachment-medium size-medium wp-post-image\" alt=\"\" srcset=\"https:\/\/www.hateggeoparc.ro\/new\/wp-content\/uploads\/2020\/01\/9.-Sura-mare-300x225.jpg 300w, https:\/\/www.hateggeoparc.ro\/new\/wp-content\/uploads\/2020\/01\/9.-Sura-mare-1024x768.jpg 1024w, https:\/\/www.hateggeoparc.ro\/new\/wp-content\/uploads\/2020\/01\/9.-Sura-mare-768x576.jpg 768w, https:\/\/www.hateggeoparc.ro\/new\/wp-content\/uploads\/2020\/01\/9.-Sura-mare-1536x1152.jpg 1536w, https:\/\/www.hateggeoparc.ro\/new\/wp-content\/uploads\/2020\/01\/9.-Sura-mare-2048x1536.jpg 2048w, https:\/\/www.hateggeoparc.ro\/new\/wp-content\/uploads\/2020\/01\/9.-Sura-mare-600x450.jpg 600w\" sizes=\"auto, (max-width: 300px) 100vw, 300px\" \/>\t\t        <\/a>\n\t\t\t<\/div>\n\t\t\t<\/header>\n \n\t<div class=\"entry-content\">\n\t\t<div class=\"entry-content-inner\">\n\t\t\t<h4 class=\"place-title\"><a href=\"https:\/\/www.hateggeoparc.ro\/new\/index.php\/place\/pestera-sura-mare\/\" rel=\"bookmark\">Pe\u0219tera \u0218ura Mare<\/a><\/h4>\t\t\t\t\t\t\t\t<\/div>\n\t<\/div><!-- .entry-content -->\n\n\t\n\t<meta itemprop=\"url\" content=\"https:\/\/www.hateggeoparc.ro\/new\/index.php\/place\/pestera-sura-mare\/\" \/>\n\n<\/div><!-- #post-## -->\n\t\n\t\t\t\t\t<\/div>\n\t\t\t\t\t\t\t\t<\/div>\n\t\t\t<\/div>\t\n<\/div>\n<\/div><\/div><\/div><\/div><\/div><\/div><\/div><\/section>\n","protected":false},"excerpt":{"rendered":"","protected":false},"author":1,"featured_media":0,"parent":0,"menu_order":0,"comment_status":"closed","ping_status":"closed","template":"","meta":{"_seopress_robots_primary_cat":"","_seopress_titles_title":"","_seopress_titles_desc":"","_seopress_robots_index":"","footnotes":""},"class_list":["post-12043","page","type-page","status-publish","hentry","has-post-thumbnail"],"_links":{"self":[{"href":"https:\/\/www.hateggeoparc.ro\/new\/index.php\/wp-json\/wp\/v2\/pages\/12043","targetHints":{"allow":["GET"]}}],"collection":[{"href":"https:\/\/www.hateggeoparc.ro\/new\/index.php\/wp-json\/wp\/v2\/pages"}],"about":[{"href":"https:\/\/www.hateggeoparc.ro\/new\/index.php\/wp-json\/wp\/v2\/types\/page"}],"author":[{"embeddable":true,"href":"https:\/\/www.hateggeoparc.ro\/new\/index.php\/wp-json\/wp\/v2\/users\/1"}],"replies":[{"embeddable":true,"href":"https:\/\/www.hateggeoparc.ro\/new\/index.php\/wp-json\/wp\/v2\/comments?post=12043"}],"version-history":[{"count":12,"href":"https:\/\/www.hateggeoparc.ro\/new\/index.php\/wp-json\/wp\/v2\/pages\/12043\/revisions"}],"predecessor-version":[{"id":13728,"href":"https:\/\/www.hateggeoparc.ro\/new\/index.php\/wp-json\/wp\/v2\/pages\/12043\/revisions\/13728"}],"wp:attachment":[{"href":"https:\/\/www.hateggeoparc.ro\/new\/index.php\/wp-json\/wp\/v2\/media?parent=12043"}],"curies":[{"name":"wp","href":"https:\/\/api.w.org\/{rel}","templated":true}]}}