{"id":12082,"date":"2020-01-20T15:11:43","date_gmt":"2020-01-20T15:11:43","guid":{"rendered":"http:\/\/www.hateggeoparc.ro\/new\/?page_id=12082"},"modified":"2024-04-05T08:08:28","modified_gmt":"2024-04-05T08:08:28","slug":"geoparcurile-internationale","status":"publish","type":"page","link":"https:\/\/www.hateggeoparc.ro\/new\/index.php\/geoparcurile-internationale\/","title":{"rendered":"Geoparcurile internationale"},"content":{"rendered":"<p><section class=\"kc-elm kc-css-775406 kc_row\"><div class=\"kc-row-container  kc-container\"><div class=\"kc-wrap-columns\"><div class=\"kc-elm kc-css-563392 kc_col-sm-6 kc_column kc_col-sm-6\"><div class=\"kc-col-container\">\n<div class=\"kc-elm kc-css-782505 kc-title-wrap \">\n\n\t<h1 class=\"kc_title\">Georparcurile <br>\r\ninternationale<\/h1>\n<\/div>\n\n<div class=\"kc-elm kc-css-132211 kc-title-wrap \">\n\n\t<h4 class=\"kc_title\">Explore our Villages and see more about what<br>\r\nbreaks at Ecopark have to offer<\/h4>\n<\/div>\n<\/div><\/div><div class=\"kc-elm kc-css-692434 kc_col-sm-6 kc_column kc_col-sm-6\"><div class=\"kc-col-container\"><div class=\"kc_shortcode kc_single_image \"><img decoding=\"async\" src=\"https:\/\/www.hateggeoparc.ro\/new\/wp-content\/uploads\/2020\/01\/bg-05.png\" class=\"\" alt=\"\" \/><\/div><\/div><\/div><\/div><\/div><\/section><section class=\"kc-elm kc-css-652513 kc_row\"><div class=\"kc-row-container  kc-container\"><div class=\"kc-wrap-columns\"><div class=\"kc-elm kc-css-167373 kc_col-sm-6 kc_column kc_col-sm-6\"><div class=\"kc-col-container\">\n<div class=\"element-block-heading style-v1\">\n\t<div class=\"wrapper\">\n\t\t<div class=\"inner\">\n\t\t\t\n\t\t\t\t\t\t<h2 class=\"heading\">Forumul Na\u021bional al Geoparcurilor<\/h2>\n\t\t\t\t\t\t\n\t\t\t\t\t<\/div>\n\t<\/div>\n<\/div><div class=\"kc-elm kc-css-176079 kc_text_block\"><\/p>\n<p>\nEste un organism informal, format dintr-un parteneriat \u00eentre Comisia Na\u021bional\u0103 a Rom\u00e2niei pentru UNESCO, Geoparcurile Interna\u021bionale UNESCO din Rom\u00e2nia \u0219i entit\u0103\u021bi ce pot sus\u021bine dezvoltarea noilor Geoparcuri Interna\u021bionale UNESCO pe teritoriul Rom\u00e2niei.<\/p>\n<p>Forumul Na\u021bional al Geoparcurilor din Rom\u00e2nia este o structur\u0103 f\u0103r\u0103 personalitate juridic\u0103, \u00eenfiin\u021bat\u0103 \u00een conformitate cu prevederile Programului UNESCO pentru Geo\u0219tiinte \u0219i Geoparcuri, \u00een \u021b\u0103rile \u00een care exist\u0103 Geoparcuri Interna\u021bionale UNESCO.<span class=\"Apple-converted-space\">\u00a0<\/span><\/p>\n<p>\u00cen Rom\u00e2nia, Geoparcul Interna\u021bional UNESCO \u021aara Ha\u021begului este primul geoparc membru \u00een Re\u021beaua Global\u0103 a Geoparcurilor, declarat sit UNESCO pentru perioada 2015 &#8211; 2018, revalidat \u00een 2019, al c\u0103rui statut de Geoparc Interna\u021bional este administrat de Universitatea din Bucure\u0219ti.<\/p>\n<p><span class=\"Apple-converted-space\">\u00a0<\/span><\/p>\n<p>\n<\/div><\/div><\/div><div class=\"kc-elm kc-css-925903 kc_col-sm-6 kc_column kc_col-sm-6\"><div class=\"kc-col-container\"><div class=\"kc_shortcode kc_single_image effect-v3\"><img decoding=\"async\" src=\"https:\/\/www.hateggeoparc.ro\/new\/wp-content\/uploads\/2020\/05\/forum.jpg\" class=\"\" alt=\"\" \/><\/div><\/div><\/div><\/div><\/div><\/section><section class=\"kc-elm kc-css-22940 kc_row\"><div class=\"kc-row-container  kc-container\"><div class=\"kc-wrap-columns\"><div class=\"kc-elm kc-css-464343 kc_col-sm-12 kc_column kc_col-sm-12\"><div class=\"kc-col-container\"><div class=\"kc-elm kc-css-323045 kc_text_block\"><\/p>\n<p>\n<b>Obiectivele<\/b> Forumului sunt:<\/p>\n<ul>\n<li>Promovarea Programului UNESCO pentru Geoparcuri \u00een Rom\u00e2nia \u0219i \u00een str\u0103in\u0103tate;<\/li>\n<li>Promovarea geoparcurilor \u0219i a patrimoniului geologic la nivel na\u021bional \u0219i interna\u021bional;<\/li>\n<li>Propunerea unui cadru de creare \u0219i func\u021bionare a Geoparcurilor Interna\u021bionale UNESCO \u00een Rom\u00e2nia;<\/li>\n<li>Sus\u021binerea Geoparcului \u021aara Ha\u021begului \u00een p\u0103strarea statutului de Geoparc Interna\u021bional UNESCO;<\/li>\n<li>Sus\u021binerea dezvolt\u0103rii unor noi Geoparcuri Interna\u021bionale \u00een Rom\u00e2nia prin cooperare, consultan\u021b\u0103, promovare;<\/li>\n<li>Prezentarea, c\u0103tre UNESCO, a noilor candidaturi \u0219i ierarhizarea lor, \u00een cazul mai multor candidaturi;<\/li>\n<li>Reprezentarea Geoparcurilor din Rom\u00e2nia \u00een diferite institu\u021bii na\u021bionale \u0219i interna\u021bionale.<\/li>\n<\/ul>\n<p><b>Componen\u021ba <\/b>Forumului:<\/p>\n<p>Forumul este constituit din reprezentan\u021bii unor ministere, institu\u021bii \u0219i organiza\u021bii cu experien\u021b\u0103 \u0219i interese \u00een dezvoltarea geoparcurilor \u0219i a conserv\u0103rii patrimoniului geologic, natural \u0219i cultural. \u00cen acest moment, Forumul este format din reprezentan\u021bii urm\u0103toarelor entit\u0103\u021bi:<\/p>\n<ul>\n<li>Comisia Na\u021bional\u0103 a Rom\u00e2niei pentru UNESCO,<\/li>\n<li>Geoparcul Interna\u021bional UNESCO \u021aara Ha\u021begului ,<\/li>\n<li>Universitatea din Bucure\u0219ti,<\/li>\n<li>Ministerul Educa\u021biei \u0219i Cercet\u0103rii,<\/li>\n<li>Ministerul Mediului, Apelor \u0219i P\u0103durilor,<\/li>\n<li>Ministerul Culturii,<\/li>\n<li>Autoritatea Na\u021bional\u0103 pentru Turism,<\/li>\n<li>Institutul Na\u021bional de Cercetare \u2013 Dezvoltare \u00een Turism,<\/li>\n<li>Institutul Na\u0163ional de Cercetare \u2013 Dezvoltare pentru Geologie \u015fi Geoecologie Marin\u0103 \u2013 GEOECOMAR,<\/li>\n<li>Institutul Geologic al Rom\u00e2niei,<\/li>\n<li>Institutul Na\u021bional al Patrimoniului,<\/li>\n<li>ProPark \u2013 Funda\u021bia pentru Arii Protejate,<\/li>\n<li>Asocia\u021bia de Ecoturism din Rom\u00e2nia,<\/li>\n<\/ul>\n<p>Cu rol de observatori, reprezentan\u021bii proiectelor Geoparcul \u021ainutul Buz\u0103ului, Geoparcul Per\u0219ani, Geoparcul Platoul Mehedin\u021bi, Geoparcul Oltenia de Sub Munte.<\/p>\n<p>Orice nou Geoparc Interna\u021bional UNESCO din Rom\u00e2nia devine membru de drept al Forumului, \u00een momentul ob\u021binerii recunoa\u0219terii interna\u021bionale.<\/p>\n<p>Solicit\u0103rile unor noi entit\u0103\u021bi de a deveni membre se supun aprob\u0103rii membrilor Forumului.<\/p>\n<p>Activitatea Forumului se desf\u0103\u0219oar\u0103 la sediul Geoparcului Interna\u021bional UNESCO \u021aara Ha\u021begului, din Bucure\u0219ti, din cadrul Facult\u0103\u021bii de Geologie \u0219i Geofizic\u0103, Universitatea Bucure\u0219ti, Bd. Nicolae B\u0103lcescu, nr.1, sector 1, etaj 2, Sala Geomedia.<span class=\"Apple-converted-space\">\u00a0<\/span><\/p>\n<p>Persoan\u0103 de contact\u00a0:<\/p>\n<p>Cristina TOMA (Secretar Forum)\u00a0 &#8211; 0729838427<\/p>\n<p>\n<\/div><\/div><\/div><\/div><\/div><\/section><section class=\"kc-elm kc-css-657245 kc_row\"><div class=\"kc-row-container  kc-container\"><div class=\"kc-wrap-columns\"><div class=\"kc-elm kc-css-85250 kc_col-sm-4 kc_column kc_col-sm-4\"><div class=\"kc-col-container\"><div class=\"kc_shortcode kc_single_image \"><a  href=\"http:\/\/www.europeangeoparks.org\/\" title=\"\" target=\"_blank\"><img decoding=\"async\" src=\"https:\/\/www.hateggeoparc.ro\/new\/wp-content\/uploads\/2020\/06\/EGN.jpg\" class=\"\" alt=\"\" \/><\/a><\/div><div class=\"kc_shortcode kc_single_image \"><a  href=\"http:\/\/www.globalgeopark.org\/\" title=\"\" target=\"_blank\"><img decoding=\"async\" src=\"https:\/\/www.hateggeoparc.ro\/new\/wp-content\/uploads\/2020\/06\/GGN.jpg\" class=\"\" alt=\"\" \/><\/a><\/div><\/div><\/div><div class=\"kc-elm kc-css-395105 kc_col-sm-8 kc_column kc_col-sm-8\"><div class=\"kc-col-container\">\n<div class=\"element-block-heading style-v1\">\n\t<div class=\"wrapper\">\n\t\t<div class=\"inner\">\n\t\t\t\n\t\t\t\t\t\t<h2 class=\"heading\">Re\u021beaua European\u0103 a Geoparcurilor (European Geoparks Network - EGN)<\/h2>\n\t\t\t\t\t\t\n\t\t\t\t\t<\/div>\n\t<\/div>\n<\/div><div class=\"kc-elm kc-css-453395 kc_text_block\"><\/p>\n<p>\n<\/div><div class=\"kc-elm kc-css-607370 kc_text_block\"><\/p>\n<p>\nConceptul de <strong>Geoparc<\/strong> a ap\u0103rut \u00een <strong>anul 2000<\/strong>, \u0219i a fost ini\u021biat de patru teritorii LEADER:<\/p>\n<ul>\n<li><span style=\"font-style: inherit;\">Reserve Geologique de Haute &#8211; Provence, Fran\u021ba,&nbsp;<\/span><\/li>\n<li>Natural History Museum of Lesvos Petrified Forest, Grecia<\/li>\n<li>Geopark Gerolstein\/Vulkaneifel \u2013&nbsp;Germania<\/li>\n<li>Maestrazgo Cultural Park \u2013 Spania<\/li>\n<\/ul>\n<p>Prin intermediul acestei colabor\u0103ri statuate printr-o conven\u021bie, reprezentan\u021bii celor patru teritorii \u0219i-au propus ca prin <strong>Re\u021beaua European\u0103 a Geoparcurilor<\/strong> nou creat\u0103 s\u0103 promoveze patrimoniul geologic \u0219i dezvoltarea durabil\u0103 a teritoriilor lor.<\/p>\n<p>\u00cen <strong>aprilie 2001<\/strong>, Re\u021beaua European\u0103 a Geoparcurilor a semnat cu <strong>UNESCO<\/strong> (Divizia de \u0218tiin\u021bele P\u0103m\u00e2ntului) un <strong>acord de colaborare<\/strong> care a pus re\u021beaua sub auspiciile acestei prestigioase organiza\u021bii interna\u021bionale.<\/p>\n<p>Pe baza acestui model, \u00een <strong>2004<\/strong>, la Paris a fost fondat\u0103 <strong>Re\u021beaua Global\u0103 a Geoparcurilor<\/strong>, ca parteneriat interna\u021bional dezvoltat sub umbrela UNESCO. Organismul nou creat urm\u0103re\u0219te dezvoltarea modelelor de bune practici \u0219i stabilirea unor standarde de calitate pentru teritoriile care integreaz\u0103 protejarea siturilor geologice de importan\u021b\u0103 mondial\u0103 \u00eentr-o strategie de dezvoltare economic\u0103 durabil\u0103.<\/p>\n<p>\u00cen <strong>octombrie 2005<\/strong>, prin declara\u021bia de la Madonie (Italia), <strong>Re\u021beaua European\u0103 a Geoparcurilor<\/strong> este recunoscut\u0103 ca <strong>filial\u0103 oficial\u0103 a UNESCO \u2013 Re\u021beaua Global\u0103 a Geoparcurilor \u00een Europa<\/strong>. Astfel, UNESCO recunoa\u0219te \u00een mod oficial c\u0103 Re\u021beaua European\u0103 este o referin\u021b\u0103 de urmat pentru crearea, la nivel mondial, de alte re\u021bele continentale ale geoparcurilor.<\/p>\n<p>\u00cen <strong>2015<\/strong>, prin crearea <strong>Programului UNESCO pentru Geo\u0219tiin\u021be \u0219i Geoparcuri<\/strong>, toate geoparcurile membre ale Re\u021belei Europene a Geoparcurilor \u0219i implicit a Re\u021belei Interna\u021bionale a Geoparcurilor, devin <strong>situri UNESCO.&nbsp;<\/strong><\/p>\n<p>Un geoparc este admis \u00een cadrul Re\u021belei \u00een baza unor criterii clare de evaluare stabilite de Re\u021beaua Interna\u021bional\u0103 a Geoparcurilor UNESCO. Geoparcurile membre \u00een cadrul Re\u021belei sunt revalidate odat\u0103 la patru ani.<\/p>\n<p>Geoparcurile pot fi teritorii la nivel na\u021bional sau teritorii transfrontaliere. \u00cen Europa sunt \u00een prezent patru geoparcuri transfrontaliere la grani\u021bele dintre Irlanda de Nord (Marea Britanie) \u0219i Republica Irlanda, Ungaria \u0219i Slovacia, Germania \u0219i Polonia, respectiv Austria \u0219i Slovenia.<\/p>\n<p>Re\u021beaua European\u0103 a Geoparcurilor s-a extins de la an la an astfel c\u0103, \u00een 2024, ea cuprinde <b>109<\/b><strong>&nbsp;de geoparcuri<\/strong> din <strong>28 de \u021b\u0103ri europene<\/strong>.<\/p>\n<p>Re\u021beaua European\u0103 a Geoparcurilor \u00eencurajeaz\u0103 colaborarea \u0219i schimbul de experien\u021b\u0103 \u00eentre geoparcurile membre. Printre activit\u0103\u021bile comune desf\u0103\u0219urate \u00een geoparcurile europene se num\u0103r\u0103:<\/p>\n<ul>\n<li>organizarea de conferin\u021be interna\u021bionale \u0219i regionale;<\/li>\n<li>activit\u0103\u021bi de consolidare a capacit\u0103\u021bii de dezvoltare a geoparcurilor;<\/li>\n<li>&nbsp;organizarea evenimentului \u201eS\u0103pt\u0103m\u00e2na European\u0103 a Geoparcurilor\u201d;<\/li>\n<li>participarea la t\u00e2rguri de turism;<\/li>\n<li>promovarea activit\u0103\u021bilor geoparcurilor prin intermediul website-ului propriu, respectiv pe re\u021belele de socializare Facebook \u0219i Twitter;<\/li>\n<li>editarea de publica\u021bii \u0219i a unui newsletter.<\/li>\n<\/ul>\n<p>Mai multe detalii despre Re\u021beaua European\u0103 a Geoparcurilor sunt disponibile (\u00een limbile englez\u0103, italian\u0103 \u0219i portughez\u0103) aici:<\/p>\n<p><a href=\"http:\/\/www.europeangeoparks.org\/\">http:\/\/www.europeangeoparks.org\/<\/a>)<\/p>\n<p>\n<\/div><\/div><\/div><\/div><\/div><\/section><section class=\"kc-elm kc-css-67549 kc_row\"><div class=\"kc-row-container  kc-container\"><div class=\"kc-wrap-columns\"><div class=\"kc-elm kc-css-704711 kc_col-sm-6 kc_column kc_col-sm-6\"><div class=\"kc-col-container\">\n<div class=\"element-block-heading style-v1\">\n\t<div class=\"wrapper\">\n\t\t<div class=\"inner\">\n\t\t\t\n\t\t\t\t\t\t<h2 class=\"heading\">Geoparcurile Interna\u021bionale UNESCO (Global Geoparks Network - GGN)<\/h2>\n\t\t\t\t\t\t\n\t\t\t\t\t<\/div>\n\t<\/div>\n<\/div><div class=\"kc-elm kc-css-605278 kc_text_block\"><\/p>\n<p>\nGeoparcurile fac parte din familia UNESCO prin Programul pentru Geo\u0219tiin\u021be \u0219i Geoparcuri.<\/p>\n<p>Geoparcurile interna\u021bionale UNESCO sunt teritorii unice, bine delimitate din punct de vedere geografic. Siturile \u0219i peisajele de importan\u021b\u0103 geologic\u0103 interna\u021bional\u0103 sunt gestionate holistic \u00een scopul protej\u0103rii lor, a educa\u021biei pentru \u0219tiin\u021bele p\u0103m\u00e2ntului care le implic\u0103 \u0219i al dezvolt\u0103rii durabile. Este nevoie de o abordare de jos \u00een sus pentru a \u00eembina conservarea cu dezvoltarea durabil\u0103, implic\u00e2nd \u00een acela\u0219i timp comunit\u0103\u021bile locale. \u00cen prezent, exist\u0103 213 de Geoparcuri interna\u021bionale UNESCO \u00een 48 de \u021b\u0103ri.<span class=\"Apple-converted-space\">&nbsp;<\/span><\/p>\n<p>Activitatea UNESCO cu geoparcurile a \u00eenceput \u00een anul 2001. \u00cen 2004, 17 geoparcuri europene \u0219i 8 geoparcuri chineze s-au reunit la sediul UNESCO din Paris pentru a forma Re\u021beaua Global\u0103 a<span class=\"Apple-converted-space\">&nbsp;<\/span>Geoparcurilor (GGN), unde ini\u021biativele na\u021bionale de patrimoniu geologic contribuie \u0219i beneficiaz\u0103 astfel de apartenen\u021ba lor la o re\u021bea global\u0103 de schimb \u0219i cooperare.<\/p>\n<p>Pe 17 noiembrie 2015, cele 195 de state membre ale UNESCO au ratificat crearea unei noi etichete, Geoparcurile Interna\u021bionale UNESCO, \u00een cadrul celei de-a 38-a Conferin\u021be Generale a Organiza\u021biei. Aceasta exprim\u0103 recunoa\u0219terea guvernamental\u0103 a importan\u021bei administr\u0103rii siturilor \u0219i a peisajelor geologice deosebite \u00eentr-o manier\u0103 holistic\u0103.<\/p>\n<p>Organiza\u021bia sprijin\u0103 eforturile statelor membre de a \u00eenfiin\u021ba Geoparcuri Interna\u021bionale UNESCO \u00een \u00eentreaga lume, \u00een str\u00e2ns\u0103 colaborare cu Re\u021beaua Global\u0103 a Geoparcurilor.<\/p>\n<p>UNESCO v\u0103 r\u0103spunde \u00eentreb\u0103rilor despre geoparcuri la urm\u0103toarea adres\u0103:<\/p>\n<p><a href=\"http:\/\/www.unesco.org\/new\/en\/natural-sciences\/environment\/earth-sciences\/unesco-global-geoparks\/\">http:\/\/www.unesco.org\/new\/en\/natural-sciences\/environment\/earth-sciences\/unesco-global-geoparks\/<\/a><\/p>\n<p>\n<\/div><\/div><\/div><div class=\"kc-elm kc-css-916731 kc_col-sm-6 kc_column kc_col-sm-6\"><div class=\"kc-col-container\"><div class=\"kc_shortcode kc_single_image \"><a  href=\"http:\/\/www.unesco.org\/new\/en\/natural-sciences\/environment\/earth-sciences\/unesco-global-geoparks\/\" title=\"\" target=\"_blank\"><img decoding=\"async\" src=\"https:\/\/www.hateggeoparc.ro\/new\/wp-content\/uploads\/2022\/04\/geopark_blue_eng.png\" class=\"\" alt=\"\" \/><\/a><\/div><\/div><\/div><\/div><\/div><\/section><\/p>\n","protected":false},"excerpt":{"rendered":"","protected":false},"author":1,"featured_media":0,"parent":0,"menu_order":0,"comment_status":"closed","ping_status":"closed","template":"","meta":{"_seopress_robots_primary_cat":"","_seopress_titles_title":"","_seopress_titles_desc":"","_seopress_robots_index":"","footnotes":""},"class_list":["post-12082","page","type-page","status-publish","hentry"],"_links":{"self":[{"href":"https:\/\/www.hateggeoparc.ro\/new\/index.php\/wp-json\/wp\/v2\/pages\/12082","targetHints":{"allow":["GET"]}}],"collection":[{"href":"https:\/\/www.hateggeoparc.ro\/new\/index.php\/wp-json\/wp\/v2\/pages"}],"about":[{"href":"https:\/\/www.hateggeoparc.ro\/new\/index.php\/wp-json\/wp\/v2\/types\/page"}],"author":[{"embeddable":true,"href":"https:\/\/www.hateggeoparc.ro\/new\/index.php\/wp-json\/wp\/v2\/users\/1"}],"replies":[{"embeddable":true,"href":"https:\/\/www.hateggeoparc.ro\/new\/index.php\/wp-json\/wp\/v2\/comments?post=12082"}],"version-history":[{"count":70,"href":"https:\/\/www.hateggeoparc.ro\/new\/index.php\/wp-json\/wp\/v2\/pages\/12082\/revisions"}],"predecessor-version":[{"id":14997,"href":"https:\/\/www.hateggeoparc.ro\/new\/index.php\/wp-json\/wp\/v2\/pages\/12082\/revisions\/14997"}],"wp:attachment":[{"href":"https:\/\/www.hateggeoparc.ro\/new\/index.php\/wp-json\/wp\/v2\/media?parent=12082"}],"curies":[{"name":"wp","href":"https:\/\/api.w.org\/{rel}","templated":true}]}}