{"id":12096,"date":"2020-01-20T15:29:13","date_gmt":"2020-01-20T15:29:13","guid":{"rendered":"http:\/\/www.hateggeoparc.ro\/new\/?page_id=12096"},"modified":"2020-05-28T10:43:15","modified_gmt":"2020-05-28T10:43:15","slug":"istoric","status":"publish","type":"page","link":"https:\/\/www.hateggeoparc.ro\/new\/index.php\/istoric\/","title":{"rendered":"Istoric"},"content":{"rendered":"<section data-kc-fullwidth=\"row\" class=\"kc-elm kc-css-373868 kc_row\"><div class=\"kc-row-container  kc-container\"><div class=\"kc-wrap-columns\"><div class=\"kc-elm kc-css-389920 kc_col-sm-12 kc_column kc_col-sm-12\"><div class=\"kc-col-container\"><div class=\"kc-elm kc-css-985644 kc_row kc_row_inner\"><div class=\"kc-elm kc-css-739197 kc_col-sm-12 kc_column_inner kc_col-sm-12\"><div class=\"kc_wrapper kc-col-inner-container\">\n<div class=\"element-block-heading style-default\">\n\t<div class=\"wrapper\">\n\t\t<div class=\"inner\">\n\t\t\t\n\t\t\t\t\t\t<h2 class=\"heading\">Istoric<\/h2>\n\t\t\t\t\t\t\n\t\t\t\t\t<\/div>\n\t<\/div>\n<\/div><div class=\"kc-elm kc-css-461399 kc_text_block\"><\/p>\n<p style=\"margin: 0px 0px 14px;\"><span style=\"font-kerning: none;\">Geoparcul Dinozaurilor \u0162ara Ha\u021begului a fost creat \u00een cadrul unei colabor\u0103ri interdisciplinare lansat\u0103 \u015fi coordonat\u0103 de Universitatea din Bucure\u015fti, \u00een parteneriat cu: Consiliul Jude\u0163ean Hunedoara, Consiliile \u015fi prim\u0103riile din localit\u0103\u0163ile Baru, Pui, S\u0103la\u015fu de Sus, S\u00e2nt\u0103m\u0103ria Orlea, Ha\u0163eg, Tote\u015fti, R\u00e2u de Mori, Sarmizegetusa, General Berthelot, R\u0103chitova, Densu\u015f, Agen\u0163ia Pentru Protec\u0163ia Mediului Deva, Universitatea de Arhitectur\u0103 Ion Mincu, Universitatea din Petro\u015fani, Hidroconstruc\u0163ia SA, Ministerul Mediului \u015fi Gospod\u0103ririi Apelor, Asocia\u0163ia Geoparcul Dinosaurilor Ha\u0163eg, alte organiza\u0163ii \u015fi institu\u0163ii na\u0163ionale \u015fi interna\u0163ionale.<\/span><\/p>\n<p style=\"margin: 0px 0px 14px; font-stretch: normal;\"><span style=\"font-kerning: none;\">Echipa care a sus\u0163inut aplicarea proiectului de constituire a geoparcului a fost format\u0103 din: prof. univ. dr. Dan Grigorescu (ini\u0163iere \u015fi coordonare proiect geoparc, director geoparc, expert geologie, paleontologie, geoconservare), lect. univ. dr. Alexandru Andr\u0103\u015fanu (coordonare studii interdisciplinare, realizare documenta\u0163ii, educa\u0163ie, proiecte, geoconservare), geol. Dan Palcu (multimedia, comunicare, promovare), prof. univ. dr. Dan Manoleli (dezvoltare durabil\u0103), Cerc. Dorel Rusti (biodiversitate); prof. univ. dr. Cristina Ochinciuc (arhitectur\u0103), conf. univ. dr. C\u0103t\u0103lin S\u00e2rbu (amenajarea teritoriului), lect. univ. dr. Florin Lupescu (dezvoltare regional\u0103); asist. univ. Zoltan Csiki (paleontologie), lect. univ. arh. Alina Bogheanu (arhitectur\u0103), lect. univ. dr. Iuliana Gheorghe (botanic\u0103), prof. univ. dr. Dan Cog\u0103lniceanu (biodiversitate), prof. univ. dr. Grigore Buia (aplica\u0163ii teren), Theodora Niculescu (grafic\u0103), cerc. Sorin Piperca, lect. Oana Ciobanu (sociologie), Ioan Glodeanu (rela\u0163ia cu comunit\u0103\u0163ile), Alex Bernad (documentare).<\/span><\/p>\n<p style=\"margin: 0px 0px 14px; font-stretch: normal;\"><span style=\"font-kerning: none;\">Ini\u0163ierea proiectului Geoparcul Dinozaurilor \u021aara Ha\u021begului a avut la baz\u0103 rezultatele deosebite ale studiilor paleontologice efectuate \u00een zon\u0103, deschiderea manifestat\u0103 de autorit\u0103\u0163ile locale pentru un astfel de proiect, experien\u0163a colabor\u0103rii cu Rezerva\u0163ia Geologic\u0103 Haute Provence, lansarea conceptului de geoparc de c\u0103tre UNESCO, \u00een 1998, la Conferin\u0163a ProGEO de la Belogradcik (Bulgaria).<\/span><\/p>\n<p>\n<\/div>\n<div class=\"element-block-heading style-default\">\n\t<div class=\"wrapper\">\n\t\t<div class=\"inner\">\n\t\t\t\n\t\t\t\t\t\t<h2 class=\"heading\">Momente cheie<\/h2>\n\t\t\t\t\t\t\n\t\t\t\t\t<\/div>\n\t<\/div>\n<\/div><div class=\"kc-elm kc-css-524443 kc_text_block\"><\/p>\n<p style=\"margin: 0px 0px 14px;\"><span style=\"font-kerning: none;\"><b>Principalele momente parcurse \u00een dezvoltarea proiectului \u015fi a geoparcului sunt<\/b>:<\/span><\/p>\n<ul>\n<li style=\"margin: 0px;\"><span style=\"font-kerning: none;\">2000 \u2013 Lansarea ideii cre\u0103rii Geoparcului Dinozaurilor \u0162ara Ha\u0163egului, conferin\u0163a ProGEO, Praga;<\/span><\/li>\n<li style=\"margin: 0px;\"><span style=\"font-kerning: none;\">2001-2005 \u2013 Studii interdisciplinare (sociologie, geologie, biologie, ecologie, turism, arhitectur\u0103) ca baz\u0103 pentru realizarea documenta\u0163iilor \u015ftiin\u0163ifice;<\/span><\/li>\n<li style=\"margin: 0px;\"><span style=\"font-kerning: none;\">2001 &#8211; Crearea unui parteneriat de proiect sub conducerea Universit\u0103\u0163ii din Bucure\u015fti;<\/span><\/li>\n<li style=\"margin: 0px; font-stretch: normal;\"><span style=\"font-kerning: none;\">2001 &#8211; Semnarea unui acord de parteneriat cu prim\u0103riile din teritoriul Geoparcului;<\/span><\/li>\n<li style=\"margin: 0px;\"><span style=\"font-kerning: none;\">2001 &#8211; Crearea Asocia\u0163iei Geoparcul Dinosaurilor Ha\u0163eg &#8211; AGDH;<\/span><\/li>\n<li style=\"margin: 0px;\"><span style=\"font-kerning: none;\">2003 \u2013 Realizarea ilustr\u0103rii de tem\u0103 pentru Muzeul Dinozaurilor (\u00een aer liber) de la N\u0103la\u0163vad;<\/span><\/li>\n<li><span style=\"font-kerning: none;\">2003 \u2013 Annual workshop of ProGEO Network Group. Adoptarea Declara\u0163iei de la Ha\u0163eg \u015fi men\u0163ionarea geoparcurilor ca o direc\u0163ie de ac\u0163iune \u00een cadrul WG1;<\/span><\/li>\n<li><span style=\"font-kerning: none;\">2003 \u2013 2004 \u2013 Realizarea Planului de Amenajare a Teritoriului Zonal Intercomunal (PATZIC);<\/span><\/li>\n<li><span style=\"font-kerning: none;\">2003 \u2013 Realizarea unei strategii de agroturism;<\/span><\/li>\n<li><span style=\"font-kerning: none;\">2003 \u2013 Realizarea Centrului pentru Educa\u0163ia Adul\u0163ilor \u2013 com. General Berthelot;<\/span><\/li>\n<li><span style=\"font-kerning: none;\">2004 \u2013 Realizarea documenta\u0163iei pentru instituirea statutului de arie protejat\u0103;<\/span><\/li>\n<li><span style=\"font-kerning: none;\">2004 &#8211;\u00a0 Recunoa\u015fterea oficial\u0103 la nivel na\u0163ional ca parc natural (HG2151\/30\/11\/\/2004);<\/span><\/li>\n<li><span style=\"font-kerning: none;\">2004 &#8211; Realizarea dosarului de candidatur\u0103 pentru Re\u0163eaua European\u0103 a Geoparcurilor; 2005 \u2013 Acceptarea ca membru cu drepturi depline \u00een Re\u0163eaua European\u0103 a Geoparcurilor \u015fi \u00een Re\u0163eaua Global\u0103 a Geoparcurilor (UNESCO);<\/span><\/li>\n<li><span style=\"font-kerning: none;\">2005 \u2013 \u00cencercarea de a crea un Grup de ini\u0163iativ\u0103 interministerial sub patronajul UNDP pentru sus\u0163inerea proiectelor geoparcului;<\/span><\/li>\n<li><span style=\"font-kerning: none;\">2005 \u2013 Crearea Asocia\u0163iei Intercomunale \u0162ara Ha\u0163egului ini\u0163iat\u0103 de Universitatea din Bucure\u015fti;<\/span><\/li>\n<li><span style=\"font-kerning: none;\">2005 \u2013 Crearea Biroului pentru Administrarea Geoparcului \u00een cadrul Centrului Geomedia;\u00a0<\/span><\/li>\n<li><span style=\"font-kerning: none;\">2005 \u2013 \u00centocmirea dosarului de candidatur\u0103 pentru preluarea administr\u0103rii Geoparcului;<\/span><\/li>\n<li><span style=\"font-kerning: none;\">2005 \u2013 \u00cencredin\u0163area administr\u0103rii Geoparcului c\u0103tre Universitatea din Bucure\u015fti (contract);<\/span><\/li>\n<li><span style=\"font-kerning: none;\">2005 \u2013 Primirea \u00een Re\u0163eaua European\u0103 \u015fi Re\u0163eaua Mondial\u0103 a Geoparcurilor;<\/span><\/li>\n<li><span style=\"font-kerning: none;\">2006 \u2013 Realizarea primului produs ecoturistic \u201cFluturi \u015fi dinozauri \u00een \u021aara Ha\u021begului\u201d;<\/span><\/li>\n<li><span style=\"font-kerning: none;\">2006 \u2013 Realizarea proiectului cultural co-finan\u021bat AFCN\u00a0 \u201cS\u00e2nt\u0103m\u0103ria Orlea \u2013 Autoportret\u201d<\/span><\/li>\n<li><span style=\"font-kerning: none;\">2007 \u2013 Crearea unei structuri independente de administrare, \u00een cadrul Universit\u0103\u0163ii din Bucure\u015fti: Unitatea de Administrare a Geoparcului Dinozaurilor \u0162ara Ha\u0163egului;<\/span><\/li>\n<li><span style=\"font-kerning: none;\">2007 \u2013 Demararea realiz\u0103rii Planului de management;<\/span><\/li>\n<li><span style=\"font-kerning: none;\">2008 \u2013 Realizarea unei identit\u0103\u021bi vizuale &#8211; logo, materiale de promovare, trasee de vizitare\u00a0<\/span><\/li>\n<li><span style=\"font-kerning: none;\">2008 \u2013 Reevaluarea geoparcului de c\u0103tre EGN \u015fi GGN. Prelungirea cu doi ani a statutului de membru \u00een cele dou\u0103 re\u0163ele, p\u00e2n\u0103 la o nou\u0103 evaluare;<\/span><\/li>\n<li><span style=\"font-kerning: none;\">2008 \u2013 2009 \u2013 Investi\u0163ii pentru extinderea Centrului de Educa\u0163ie a Adul\u0163ilor din comuna General Berthelot;\u00a0<\/span><\/li>\n<li><span style=\"font-kerning: none;\">2008 \u2013 2011 \u2013 Derularea proiectului finan\u0163at de Administra\u0163ia Fondului pentru Mediu \u201c\u00centocmirea Planului de management al Geoparcului Dinozaurilor \u0162ara Ha\u0163egului\";\u00a0<\/span><\/li>\n<li><span style=\"font-kerning: none;\">2009 \u2013 2011 \u2013 Derularea proiectului \u201cConservarea Bio \u015fi Geodiversit\u0103\u0163ii ca suport al dezvolt\u0103rii durabile \u015fi al cre\u015fterii economice \u015fi sociale a zonei \u0162ara Ha\u0163egului &#8211;\u00a0 Retezat\u201d \u015fi crearea Centrului de Cercetare pentru Biodiversitate \u015fi Geodiversitate \u00een cadrul Conacului Berthelot;\u00a0<\/span><\/li>\n<li><span style=\"font-kerning: none;\">2010 \u2013 Evaluarea din partea EGN \u015fi GGN;\u00a0<\/span><\/li>\n<li><span style=\"font-kerning: none;\">2013 &#8211; Inaugurarea Casei Dinozaurilor Pitici S\u00e2npetru, comuna S\u00e2nt\u0103m\u0103ria Orlea;\u00a0<\/span><\/li>\n<li><span style=\"font-kerning: none;\">2013 &#8211; Formarea grupului de Voluntari pentru Geoparc;\u00a0<\/span><\/li>\n<li><span style=\"font-kerning: none;\">2014 &#8211; Evaluarea din partea EGN \u015fi GGN;\u00a0<\/span><\/li>\n<li><span style=\"font-kerning: none;\">2014 &#8211; Inaugurarea expozi\u021biei permanente \u201dBalauri, dragoni, dinozauri\u201d de la sediul Geoparcului din ora\u0219ul Ha\u021beg;\u00a0<\/span><\/li>\n<li><span style=\"font-kerning: none;\">2014 &#8211; Inaugurarea Casei Vulcanilor din Densu\u0219;\u00a0<\/span><\/li>\n<li><span style=\"font-kerning: none;\">2014 &#8211; Inaugurarea Casei Tradi\u021biilor din S\u00e2npetru, comuna S\u00e2nt\u0103m\u0103ria Orlea;\u00a0<\/span><\/li>\n<li><span style=\"font-kerning: none;\">2015 &#8211; Recunoa\u0219terea teritoriului Geoparcului ca sit UNESCO, prin includerea Re\u021belei Globale a Geoparcurilor \u00een programul UNESCO pentru Geo\u0219tiin\u021be \u0219i Geoparcuri;\u00a0<\/span><\/li>\n<li><span style=\"font-kerning: none;\">2015 &#8211; Amenajarea traseului \u201dDrumul Vulcanilor\u201d<\/span><\/li>\n<li><span style=\"font-kerning: none;\">2016 &#8211; Ini\u021bierea programului Ambasadorii Geoparcului;\u00a0<\/span><\/li>\n<li><span style=\"font-kerning: none;\">2017 &#8211; Inaugurarea Casei Pietrelor;\u00a0<\/span><\/li>\n<li><span style=\"font-kerning: none;\">2017 &#8211; 2019 &#8211; Derularea proiectului Interreg Danube GeoTour \u00een care Universitatea din Bucure\u0219ti este partener prin Geoparcul Dinozaurilor \u021aara Ha\u021begului; Implementarea conceptelor de geoprodus (casele geoparcului) \u0219i dinostop<\/span><\/li>\n<li><span style=\"font-kerning: none;\">2018 &#8211; Evaluarea geoparcului din partea UNESCO;<\/span><\/li>\n<li><span style=\"font-kerning: none;\">2019 &#8211; Derularea proiectului co-finan\u021bat AFCN \u201dLocuri cu pove\u0219ti pe Valea Dinozaurilor, \u00een Geoparcul Dinozaurilor \u021aara Ha\u021begului\u201d<\/span><\/li>\n<li><span style=\"font-kerning: none;\">2019 &#8211; Amenajarea \u0218colii de Dinozauri \u0219i Meserii \u00een satul S\u00e2npetru<\/span><\/li>\n<li><span style=\"font-kerning: none;\">2019 &#8211; Schimbarea denumirii \u00een Geoparcul Interna\u021bional UNESCO \u021aara Ha\u021begului \u0219i revizuirea identit\u0103\u021bii vizuale\u00a0<\/span><\/li>\n<\/ul>\n<p style=\"margin: 0px 0px 0px 36px; font-stretch: normal; font-size: 12px; line-height: normal; font-family: 'Times New Roman'; color: #000000; min-height: 15px;\">\n<\/div><\/div><\/div><\/div><\/div><\/div><\/div><\/div><\/section>\n","protected":false},"excerpt":{"rendered":"","protected":false},"author":1,"featured_media":0,"parent":0,"menu_order":0,"comment_status":"closed","ping_status":"closed","template":"","meta":{"_seopress_robots_primary_cat":"","_seopress_titles_title":"","_seopress_titles_desc":"","_seopress_robots_index":"","footnotes":""},"class_list":["post-12096","page","type-page","status-publish","hentry"],"_links":{"self":[{"href":"https:\/\/www.hateggeoparc.ro\/new\/index.php\/wp-json\/wp\/v2\/pages\/12096","targetHints":{"allow":["GET"]}}],"collection":[{"href":"https:\/\/www.hateggeoparc.ro\/new\/index.php\/wp-json\/wp\/v2\/pages"}],"about":[{"href":"https:\/\/www.hateggeoparc.ro\/new\/index.php\/wp-json\/wp\/v2\/types\/page"}],"author":[{"embeddable":true,"href":"https:\/\/www.hateggeoparc.ro\/new\/index.php\/wp-json\/wp\/v2\/users\/1"}],"replies":[{"embeddable":true,"href":"https:\/\/www.hateggeoparc.ro\/new\/index.php\/wp-json\/wp\/v2\/comments?post=12096"}],"version-history":[{"count":18,"href":"https:\/\/www.hateggeoparc.ro\/new\/index.php\/wp-json\/wp\/v2\/pages\/12096\/revisions"}],"predecessor-version":[{"id":12831,"href":"https:\/\/www.hateggeoparc.ro\/new\/index.php\/wp-json\/wp\/v2\/pages\/12096\/revisions\/12831"}],"wp:attachment":[{"href":"https:\/\/www.hateggeoparc.ro\/new\/index.php\/wp-json\/wp\/v2\/media?parent=12096"}],"curies":[{"name":"wp","href":"https:\/\/api.w.org\/{rel}","templated":true}]}}