{"id":12208,"date":"2020-01-20T17:35:13","date_gmt":"2020-01-20T17:35:13","guid":{"rendered":"http:\/\/www.hateggeoparc.ro\/new\/?page_id=12208"},"modified":"2022-03-20T12:38:23","modified_gmt":"2022-03-20T12:38:23","slug":"casele-geoparcului-2","status":"publish","type":"page","link":"https:\/\/www.hateggeoparc.ro\/new\/index.php\/casele-geoparcului-2\/","title":{"rendered":"Casele Geoparcului"},"content":{"rendered":"<section class=\"kc-elm kc-css-754911 kc_row\"><div class=\"kc-row-container  kc-container\"><div class=\"kc-wrap-columns\"><div class=\"kc-elm kc-css-472733 kc_col-sm-12 kc_column kc_col-sm-12\"><div class=\"kc-col-container\"><div class=\"kc-elm kc-css-286507 kc_row kc_row_inner\"><div class=\"kc-elm kc-css-642370 kc_col-sm-12 kc_column_inner kc_col-sm-12\"><div class=\"kc_wrapper kc-col-inner-container\"><div class=\"wpo-place\">\n\t\t<div class=\"place_title_group align-center\">\n\t\t<h2 class=\"place_title  align-center\">Casele Geoparcului<\/h2>\n\t\t\t\t<span class=\"title-desc\">\n\t\t\tFi\u021bi preg\u0103ti\u021bi pentru o nou\u0103 abordare a interpret\u0103rii valorilor materiale \u0219i imateriale locale: o re\u021bea de mici centre de vizitare, \u00een mai multe localit\u0103\u021bi de pe teritoriul Geoparcului, denumite CASE. Casele sunt construc\u021bii ecologice, cl\u0103diri renovate sau foste \u015fcoli. Ele apar\u0163in comunit\u0103\u0163ii, iar prin interpretare sunt re\u00eenviate, cap\u0103t\u0103 un nou sens care nu le este str\u0103in locuitorilor, ei particip\u00e2nd la amenajarea \u015fi la men\u0163inerea lor, la activit\u0103\u0163ile \u015fi evenimentele organizate. Fiecare Cas\u0103 spune o poveste specific\u0103 \u0219i complementar\u0103 celorlalte.\t\t<\/span>\n\t\t\t<\/div>\n\t\t<div class=\"opalplace-recent-place opalplace-rows\">\n\t\t \n\t\t\t<div class=\"row\">\n\t\t\t\t\t\t\t\t\t\t<div class=\"col-lg-4 col-md-4 col-sm-6  first-child\">\n\t\t\t\t\t\t \n<div itemscope itemtype=\"http:\/\/schema.org\/Activity\" class=\"page location-box post-12200 opal_place type-opal_place status-publish has-post-thumbnail hentry opal_categories-casele-geoparcului\">\n\t\t\n\t<header>\n\t\t\t\t\t<div class=\"place-box-image\">\n\t\t        <a href=\"https:\/\/www.hateggeoparc.ro\/new\/index.php\/place\/casa-geoparcului\/\" class=\"place-box-image-inner \">\t\n\t\t         \t<img loading=\"lazy\" decoding=\"async\" width=\"300\" height=\"225\" src=\"https:\/\/www.hateggeoparc.ro\/new\/wp-content\/uploads\/2020\/01\/1.-Casa-Geoparcului-300x225.jpg\" class=\"attachment-medium size-medium wp-post-image\" alt=\"\" srcset=\"https:\/\/www.hateggeoparc.ro\/new\/wp-content\/uploads\/2020\/01\/1.-Casa-Geoparcului-300x225.jpg 300w, https:\/\/www.hateggeoparc.ro\/new\/wp-content\/uploads\/2020\/01\/1.-Casa-Geoparcului-768x576.jpg 768w, https:\/\/www.hateggeoparc.ro\/new\/wp-content\/uploads\/2020\/01\/1.-Casa-Geoparcului-600x450.jpg 600w, https:\/\/www.hateggeoparc.ro\/new\/wp-content\/uploads\/2020\/01\/1.-Casa-Geoparcului.jpg 1024w\" sizes=\"auto, (max-width: 300px) 100vw, 300px\" \/>\t\t        <\/a>\n\t\t\t<\/div>\n\t\t\t<\/header>\n \n\t<div class=\"entry-content\">\n\t\t<div class=\"entry-content-inner\">\n\t\t\t<h4 class=\"place-title\"><a href=\"https:\/\/www.hateggeoparc.ro\/new\/index.php\/place\/casa-geoparcului\/\" rel=\"bookmark\">Casa Geoparcului<\/a><\/h4>\t\t\t\t\t\t\t\t<\/div>\n\t<\/div><!-- .entry-content -->\n\n\t\n\t<meta itemprop=\"url\" content=\"https:\/\/www.hateggeoparc.ro\/new\/index.php\/place\/casa-geoparcului\/\" \/>\n\n<\/div><!-- #post-## -->\n\t\n\t\t\t\t\t<\/div>\n\t\t\t\t\t\t\t\t\t<div class=\"col-lg-4 col-md-4 col-sm-6 \">\n\t\t\t\t\t\t \n<div itemscope itemtype=\"http:\/\/schema.org\/Activity\" class=\"page location-box post-12204 opal_place type-opal_place status-publish has-post-thumbnail hentry opal_categories-casele-geoparcului\">\n\t\t\n\t<header>\n\t\t\t\t\t<div class=\"place-box-image\">\n\t\t        <a href=\"https:\/\/www.hateggeoparc.ro\/new\/index.php\/place\/casa-dinozaurilor-pitici\/\" class=\"place-box-image-inner \">\t\n\t\t         \t<img loading=\"lazy\" decoding=\"async\" width=\"300\" height=\"225\" src=\"https:\/\/www.hateggeoparc.ro\/new\/wp-content\/uploads\/2020\/01\/2.-Casa-Dinozaurilor-Pitici-300x225.jpg\" class=\"attachment-medium size-medium wp-post-image\" alt=\"\" srcset=\"https:\/\/www.hateggeoparc.ro\/new\/wp-content\/uploads\/2020\/01\/2.-Casa-Dinozaurilor-Pitici-300x225.jpg 300w, https:\/\/www.hateggeoparc.ro\/new\/wp-content\/uploads\/2020\/01\/2.-Casa-Dinozaurilor-Pitici-768x576.jpg 768w, https:\/\/www.hateggeoparc.ro\/new\/wp-content\/uploads\/2020\/01\/2.-Casa-Dinozaurilor-Pitici-600x450.jpg 600w, https:\/\/www.hateggeoparc.ro\/new\/wp-content\/uploads\/2020\/01\/2.-Casa-Dinozaurilor-Pitici.jpg 1024w\" sizes=\"auto, (max-width: 300px) 100vw, 300px\" \/>\t\t        <\/a>\n\t\t\t<\/div>\n\t\t\t<\/header>\n \n\t<div class=\"entry-content\">\n\t\t<div class=\"entry-content-inner\">\n\t\t\t<h4 class=\"place-title\"><a href=\"https:\/\/www.hateggeoparc.ro\/new\/index.php\/place\/casa-dinozaurilor-pitici\/\" rel=\"bookmark\">Casa Dinozaurilor Pitici<\/a><\/h4>\t\t\t\t\t\t\t\t<\/div>\n\t<\/div><!-- .entry-content -->\n\n\t\n\t<meta itemprop=\"url\" content=\"https:\/\/www.hateggeoparc.ro\/new\/index.php\/place\/casa-dinozaurilor-pitici\/\" \/>\n\n<\/div><!-- #post-## -->\n\t\n\t\t\t\t\t<\/div>\n\t\t\t\t\t\t\t\t\t<div class=\"col-lg-4 col-md-4 col-sm-6 \">\n\t\t\t\t\t\t \n<div itemscope itemtype=\"http:\/\/schema.org\/Activity\" class=\"page location-box post-12203 opal_place type-opal_place status-publish has-post-thumbnail hentry opal_categories-casele-geoparcului\">\n\t\t\n\t<header>\n\t\t\t\t\t<div class=\"place-box-image\">\n\t\t        <a href=\"https:\/\/www.hateggeoparc.ro\/new\/index.php\/place\/casa-vulcanilor\/\" class=\"place-box-image-inner \">\t\n\t\t         \t<img loading=\"lazy\" decoding=\"async\" width=\"300\" height=\"225\" src=\"https:\/\/www.hateggeoparc.ro\/new\/wp-content\/uploads\/2020\/06\/aaaaaCasaVulcanilor_CCiobanu-300x225.png\" class=\"attachment-medium size-medium wp-post-image\" alt=\"\" srcset=\"https:\/\/www.hateggeoparc.ro\/new\/wp-content\/uploads\/2020\/06\/aaaaaCasaVulcanilor_CCiobanu-300x225.png 300w, https:\/\/www.hateggeoparc.ro\/new\/wp-content\/uploads\/2020\/06\/aaaaaCasaVulcanilor_CCiobanu-768x576.png 768w, https:\/\/www.hateggeoparc.ro\/new\/wp-content\/uploads\/2020\/06\/aaaaaCasaVulcanilor_CCiobanu-600x450.png 600w, https:\/\/www.hateggeoparc.ro\/new\/wp-content\/uploads\/2020\/06\/aaaaaCasaVulcanilor_CCiobanu.png 1024w\" sizes=\"auto, (max-width: 300px) 100vw, 300px\" \/>\t\t        <\/a>\n\t\t\t<\/div>\n\t\t\t<\/header>\n \n\t<div class=\"entry-content\">\n\t\t<div class=\"entry-content-inner\">\n\t\t\t<h4 class=\"place-title\"><a href=\"https:\/\/www.hateggeoparc.ro\/new\/index.php\/place\/casa-vulcanilor\/\" rel=\"bookmark\">Casa Vulcanilor<\/a><\/h4>\t\t\t\t\t\t\t\t<\/div>\n\t<\/div><!-- .entry-content -->\n\n\t\n\t<meta itemprop=\"url\" content=\"https:\/\/www.hateggeoparc.ro\/new\/index.php\/place\/casa-vulcanilor\/\" \/>\n\n<\/div><!-- #post-## -->\n\t\n\t\t\t\t\t<\/div>\n\t\t\t\t\t\t\t\t\t<div class=\"col-lg-4 col-md-4 col-sm-6  first-child\">\n\t\t\t\t\t\t \n<div itemscope itemtype=\"http:\/\/schema.org\/Activity\" class=\"page location-box post-12205 opal_place type-opal_place status-publish has-post-thumbnail hentry opal_categories-casele-geoparcului\">\n\t\t\n\t<header>\n\t\t\t\t\t<div class=\"place-box-image\">\n\t\t        <a href=\"https:\/\/www.hateggeoparc.ro\/new\/index.php\/place\/casa-traditiilor\/\" class=\"place-box-image-inner \">\t\n\t\t         \t<img loading=\"lazy\" decoding=\"async\" width=\"300\" height=\"225\" src=\"https:\/\/www.hateggeoparc.ro\/new\/wp-content\/uploads\/2020\/01\/CAM04756-300x225.jpg\" class=\"attachment-medium size-medium wp-post-image\" alt=\"\" srcset=\"https:\/\/www.hateggeoparc.ro\/new\/wp-content\/uploads\/2020\/01\/CAM04756-300x225.jpg 300w, https:\/\/www.hateggeoparc.ro\/new\/wp-content\/uploads\/2020\/01\/CAM04756-1024x768.jpg 1024w, https:\/\/www.hateggeoparc.ro\/new\/wp-content\/uploads\/2020\/01\/CAM04756-768x576.jpg 768w, https:\/\/www.hateggeoparc.ro\/new\/wp-content\/uploads\/2020\/01\/CAM04756-1536x1152.jpg 1536w, https:\/\/www.hateggeoparc.ro\/new\/wp-content\/uploads\/2020\/01\/CAM04756-600x450.jpg 600w, https:\/\/www.hateggeoparc.ro\/new\/wp-content\/uploads\/2020\/01\/CAM04756.jpg 1993w\" sizes=\"auto, (max-width: 300px) 100vw, 300px\" \/>\t\t        <\/a>\n\t\t\t<\/div>\n\t\t\t<\/header>\n \n\t<div class=\"entry-content\">\n\t\t<div class=\"entry-content-inner\">\n\t\t\t<h4 class=\"place-title\"><a href=\"https:\/\/www.hateggeoparc.ro\/new\/index.php\/place\/casa-traditiilor\/\" rel=\"bookmark\">Casa Tradi\u021biilor<\/a><\/h4>\t\t\t\t\t\t\t\t<\/div>\n\t<\/div><!-- .entry-content -->\n\n\t\n\t<meta itemprop=\"url\" content=\"https:\/\/www.hateggeoparc.ro\/new\/index.php\/place\/casa-traditiilor\/\" \/>\n\n<\/div><!-- #post-## -->\n\t\n\t\t\t\t\t<\/div>\n\t\t\t\t\t\t\t\t\t<div class=\"col-lg-4 col-md-4 col-sm-6 \">\n\t\t\t\t\t\t \n<div itemscope itemtype=\"http:\/\/schema.org\/Activity\" class=\"page location-box post-12207 opal_place type-opal_place status-publish has-post-thumbnail hentry opal_categories-casele-geoparcului\">\n\t\t\n\t<header>\n\t\t\t\t\t<div class=\"place-box-image\">\n\t\t        <a href=\"https:\/\/www.hateggeoparc.ro\/new\/index.php\/place\/scoala-de-dinozauri-si-meserii\/\" class=\"place-box-image-inner \">\t\n\t\t         \t<img loading=\"lazy\" decoding=\"async\" width=\"300\" height=\"225\" src=\"https:\/\/www.hateggeoparc.ro\/new\/wp-content\/uploads\/2020\/01\/5.-scoala-de-dinozauri-si-meserii_1-300x225.jpg\" class=\"attachment-medium size-medium wp-post-image\" alt=\"\" srcset=\"https:\/\/www.hateggeoparc.ro\/new\/wp-content\/uploads\/2020\/01\/5.-scoala-de-dinozauri-si-meserii_1-300x225.jpg 300w, https:\/\/www.hateggeoparc.ro\/new\/wp-content\/uploads\/2020\/01\/5.-scoala-de-dinozauri-si-meserii_1-768x576.jpg 768w, https:\/\/www.hateggeoparc.ro\/new\/wp-content\/uploads\/2020\/01\/5.-scoala-de-dinozauri-si-meserii_1-600x450.jpg 600w, https:\/\/www.hateggeoparc.ro\/new\/wp-content\/uploads\/2020\/01\/5.-scoala-de-dinozauri-si-meserii_1.jpg 1024w\" sizes=\"auto, (max-width: 300px) 100vw, 300px\" \/>\t\t        <\/a>\n\t\t\t<\/div>\n\t\t\t<\/header>\n \n\t<div class=\"entry-content\">\n\t\t<div class=\"entry-content-inner\">\n\t\t\t<h4 class=\"place-title\"><a href=\"https:\/\/www.hateggeoparc.ro\/new\/index.php\/place\/scoala-de-dinozauri-si-meserii\/\" rel=\"bookmark\">\u0218coala de Dinozauri \u0219i Meserii<\/a><\/h4>\t\t\t\t\t\t\t\t<\/div>\n\t<\/div><!-- .entry-content -->\n\n\t\n\t<meta itemprop=\"url\" content=\"https:\/\/www.hateggeoparc.ro\/new\/index.php\/place\/scoala-de-dinozauri-si-meserii\/\" \/>\n\n<\/div><!-- #post-## -->\n\t\n\t\t\t\t\t<\/div>\n\t\t\t\t\t\t\t\t<\/div>\n\t\t\t<\/div>\t\n<\/div>\n<\/div><\/div><\/div><\/div><\/div><\/div><\/div><\/section>\n","protected":false},"excerpt":{"rendered":"","protected":false},"author":1,"featured_media":0,"parent":0,"menu_order":0,"comment_status":"closed","ping_status":"closed","template":"","meta":{"_seopress_robots_primary_cat":"","_seopress_titles_title":"","_seopress_titles_desc":"","_seopress_robots_index":"","footnotes":""},"class_list":["post-12208","page","type-page","status-publish","hentry","has-post-thumbnail"],"_links":{"self":[{"href":"https:\/\/www.hateggeoparc.ro\/new\/index.php\/wp-json\/wp\/v2\/pages\/12208","targetHints":{"allow":["GET"]}}],"collection":[{"href":"https:\/\/www.hateggeoparc.ro\/new\/index.php\/wp-json\/wp\/v2\/pages"}],"about":[{"href":"https:\/\/www.hateggeoparc.ro\/new\/index.php\/wp-json\/wp\/v2\/types\/page"}],"author":[{"embeddable":true,"href":"https:\/\/www.hateggeoparc.ro\/new\/index.php\/wp-json\/wp\/v2\/users\/1"}],"replies":[{"embeddable":true,"href":"https:\/\/www.hateggeoparc.ro\/new\/index.php\/wp-json\/wp\/v2\/comments?post=12208"}],"version-history":[{"count":17,"href":"https:\/\/www.hateggeoparc.ro\/new\/index.php\/wp-json\/wp\/v2\/pages\/12208\/revisions"}],"predecessor-version":[{"id":14335,"href":"https:\/\/www.hateggeoparc.ro\/new\/index.php\/wp-json\/wp\/v2\/pages\/12208\/revisions\/14335"}],"wp:attachment":[{"href":"https:\/\/www.hateggeoparc.ro\/new\/index.php\/wp-json\/wp\/v2\/media?parent=12208"}],"curies":[{"name":"wp","href":"https:\/\/api.w.org\/{rel}","templated":true}]}}