{"id":12219,"date":"2020-01-20T17:44:56","date_gmt":"2020-01-20T17:44:56","guid":{"rendered":"http:\/\/www.hateggeoparc.ro\/new\/?page_id=12219"},"modified":"2020-06-12T14:49:42","modified_gmt":"2020-06-12T14:49:42","slug":"geodiversitate-si-arta","status":"publish","type":"page","link":"https:\/\/www.hateggeoparc.ro\/new\/index.php\/geodiversitate-si-arta\/","title":{"rendered":"Geodiversitate \u0219i Art\u0103"},"content":{"rendered":"<section class=\"kc-elm kc-css-150681 kc_row\"><div class=\"kc-row-container  kc-container\"><div class=\"kc-wrap-columns\"><div class=\"kc-elm kc-css-568694 kc_col-sm-12 kc_column kc_col-sm-12\"><div class=\"kc-col-container\"><div class=\"kc-elm kc-css-479580 kc_row kc_row_inner\"><div class=\"kc-elm kc-css-934072 kc_col-sm-6 kc_column_inner kc_col-sm-6\"><div class=\"kc_wrapper kc-col-inner-container\"><div class=\"kc-elm kc-css-775085 kc_text_block\"><\/p>\n<p>\nHa\u021beg, S\u00e2nt\u0103m\u0103rie Orlea, Crivadia, B\u0103ni\u021ba, Petro\u0219ani<\/p>\n<p><strong>Distan\u021b\u0103: 50 km<\/strong><\/p>\n<p>\n<\/div><div class=\"kc-elm kc-css-156560 kc_box_wrap \"><ul class=\"list-unstyled list\"><li><i class=\"fa fa-tree text-primary\"><\/i><a href=\"https:\/\/www.hateggeoparc.ro\/new\/index.php\/place\/casa-geoparcului\/\" target=\"_blank\"><text>Casa Geoparcului<\/text><\/a><\/li><li><i class=\"fa fa-tree text-primary\"><\/i>Biserica S\u00e2nt\u0103m\u0103ria-Orlea<\/li><li><i class=\"fa fa-tree text-primary\"><\/i><a href=\"#\">V\u00e2rful Poienii <text><br><\/text><\/a><\/li><li><i class=\"fa fa-tree text-primary\"><\/i><a href=\"#\"><\/a><a href=\"https:\/\/www.hateggeoparc.ro\/new\/index.php\/place\/turnul-crivadiei\/\" target=\"_blank\">Turnul de la Crivadia<\/a><\/li><li><i class=\"fa fa-tree text-primary\"><\/i><a href=\"#\">Cheile Crivadiei<\/a><\/li><li><i class=\"fa fa-tree text-primary\"><\/i><a href=\"#\">Cheile B\u0103ni\u021bei<\/a><\/li><li><i class=\"fa fa-tree text-primary\"><\/i><a href=\"#\"><\/a><a href=\"https:\/\/www.facebook.com\/pesterabolii\/\" target=\"_blank\">Pe\u0219tera Bolii<\/a><\/li><li><i class=\"fa fa-tree text-primary\"><\/i><a href=\"#\"><\/a><a href=\"#\"><\/a><a href=\"https:\/\/www.facebook.com\/pages\/Muzeul-Instalatorului\/304687666546852\" target=\"_blank\">Muzeele de art\u0103 modern\u0103 Ion Barbu<\/a><\/li><\/ul><\/div><div class=\"kc-elm kc-css-702157 kc_text_block\"><\/p>\n<p>\n<strong>Adi\u021bional<\/strong><\/p>\n<p>\n<\/div><div class=\"kc-elm kc-css-880339 kc_box_wrap \"><ul class=\"list-unstyled list\"><li><i class=\"fa fa-tree text-primary\"><\/i><a href=\"#\"><\/a><a href=\"https:\/\/www.hateggeoparc.ro\/new\/index.php\/place\/geositurile-ponor-fizesti\/\" target=\"_blank\">Geositurile Ponor-Fize\u0219ti&nbsp;<\/a><\/li><li><i class=\"fa fa-tree text-primary\"><\/i><a href=\"#\"><\/a><a href=\"#\"><\/a><a href=\"https:\/\/www.hateggeoparc.ro\/new\/index.php\/place\/geositurile-rau-barbat\/\" target=\"_blank\">Geositurile Valea R\u00e2ului B\u0103rbat<\/a><\/li><li><i class=\"fa fa-tree text-primary\"><\/i><a href=\"#\">Cheile Streiului<\/a><\/li><li><i class=\"fa fa-tree text-primary\"><\/i><a href=\"#\"><\/a><a href=\"#\"><\/a><a href=\"http:\/\/www.gradiste.ro\/\" target=\"_blank\">Parcul Natural Gr\u0103di\u0219tea Muncelului - Cioclovina<\/a><\/li><\/ul><\/div><\/div><\/div><div class=\"kc-elm kc-css-260663 kc_col-sm-6 kc_column_inner kc_col-sm-6\"><div class=\"kc_wrapper kc-col-inner-container\"><div class=\"kc-elm kc-css-333147 kc_text_block\"><\/p>\n<p>\n<iframe style=\"width: 1px; min-width: 100%; height: 700px; border: none;\" src=\"https:\/\/ridewithgps.com\/embeds?type=route&amp;id=31909204&amp;sampleGraph=true\" scrolling=\"no\"><\/iframe><\/p>\n<p>\n<\/div><\/div><\/div><\/div><\/div><\/div><\/div><\/div><\/section>\n","protected":false},"excerpt":{"rendered":"","protected":false},"author":1,"featured_media":0,"parent":0,"menu_order":0,"comment_status":"closed","ping_status":"closed","template":"","meta":{"_seopress_robots_primary_cat":"","_seopress_titles_title":"","_seopress_titles_desc":"","_seopress_robots_index":"","footnotes":""},"class_list":["post-12219","page","type-page","status-publish","hentry"],"_links":{"self":[{"href":"https:\/\/www.hateggeoparc.ro\/new\/index.php\/wp-json\/wp\/v2\/pages\/12219","targetHints":{"allow":["GET"]}}],"collection":[{"href":"https:\/\/www.hateggeoparc.ro\/new\/index.php\/wp-json\/wp\/v2\/pages"}],"about":[{"href":"https:\/\/www.hateggeoparc.ro\/new\/index.php\/wp-json\/wp\/v2\/types\/page"}],"author":[{"embeddable":true,"href":"https:\/\/www.hateggeoparc.ro\/new\/index.php\/wp-json\/wp\/v2\/users\/1"}],"replies":[{"embeddable":true,"href":"https:\/\/www.hateggeoparc.ro\/new\/index.php\/wp-json\/wp\/v2\/comments?post=12219"}],"version-history":[{"count":49,"href":"https:\/\/www.hateggeoparc.ro\/new\/index.php\/wp-json\/wp\/v2\/pages\/12219\/revisions"}],"predecessor-version":[{"id":14678,"href":"https:\/\/www.hateggeoparc.ro\/new\/index.php\/wp-json\/wp\/v2\/pages\/12219\/revisions\/14678"}],"wp:attachment":[{"href":"https:\/\/www.hateggeoparc.ro\/new\/index.php\/wp-json\/wp\/v2\/media?parent=12219"}],"curies":[{"name":"wp","href":"https:\/\/api.w.org\/{rel}","templated":true}]}}