{"id":12241,"date":"2020-01-20T18:38:11","date_gmt":"2020-01-20T18:38:11","guid":{"rendered":"http:\/\/www.hateggeoparc.ro\/new\/?page_id=12241"},"modified":"2020-06-12T14:41:13","modified_gmt":"2020-06-12T14:41:13","slug":"valea-dinozaurilor","status":"publish","type":"page","link":"https:\/\/www.hateggeoparc.ro\/new\/index.php\/valea-dinozaurilor\/","title":{"rendered":"Valea Dinozaurilor"},"content":{"rendered":"<section class=\"kc-elm kc-css-169172 kc_row\"><div class=\"kc-row-container  kc-container\"><div class=\"kc-wrap-columns\"><div class=\"kc-elm kc-css-181799 kc_col-sm-12 kc_column kc_col-sm-12\"><div class=\"kc-col-container\"><div class=\"kc-elm kc-css-503297 kc_row kc_row_inner\"><div class=\"kc-elm kc-css-338141 kc_col-sm-6 kc_column_inner kc_col-sm-6\"><div class=\"kc_wrapper kc-col-inner-container\"><div class=\"kc-elm kc-css-298714 kc_text_block\"><\/p>\n<p>Ha\u021beg, S\u00e2nt\u0103m\u0103ria Orlea, S\u00e2npetru, Ohaba-Sibi\u0219el<\/p>\n<p><strong>Distan\u021b\u0103: 18 km<\/strong><\/p>\n<p>\n<\/div><div class=\"kc-elm kc-css-145136 kc_box_wrap \"><ul class=\"list-unstyled list\"><li><i class=\"fa fa-tree text-primary\"><\/i><a href=\"https:\/\/www.hateggeoparc.ro\/new\/index.php\/place\/casa-geoparcului\/\" target=\"_blank\"><text>Casa Geoparcului<\/text><\/a><\/li><li><i class=\"fa fa-tree text-primary\"><\/i>Biserica S\u00e2nt\u0103m\u0103ria-Orlea<\/li><li><i class=\"fa fa-tree text-primary\"><\/i><a href=\"#\">Centrul Comunitar S\u00e2npetru (<\/a><a href=\"https:\/\/www.hateggeoparc.ro\/new\/index.php\/place\/casa-dinozaurilor-pitici\/\" target=\"_blank\">Casa Dinozaurilor Pitici<\/a>,<a href=\"https:\/\/www.hateggeoparc.ro\/new\/index.php\/place\/casa-traditiilor\/\" target=\"_blank\">Casa Tradi\u021biilor<\/a>,<a href=\"https:\/\/www.hateggeoparc.ro\/new\/index.php\/place\/scoala-de-dinozauri-si-meserii\/\" target=\"_blank\">\u0218coala de Dinozauri \u0219i Meserii S\u00e2npetru)<\/a><\/li><li><i class=\"fa fa-tree text-primary\"><\/i><a href=\"#\">Biserica din S\u00e2npetru<\/a><\/li><li><i class=\"fa fa-tree text-primary\"><\/i><a href=\"#\">Geositul ,,La Scoab\u0103\u201d<\/a><\/li><li><i class=\"fa fa-tree text-primary\"><\/i><a href=\"#\"><\/a><a href=\"https:\/\/www.hateggeoparc.ro\/new\/index.php\/place\/casa-pietrelor\/\" target=\"_blank\">Casa Pietrelor<\/a><\/li><li><i class=\"fa fa-tree text-primary\"><\/i><a href=\"#\"><\/a><a href=\"https:\/\/www.hateggeoparc.ro\/new\/index.php\/place\/campurile-cu-granit\/\" target=\"_blank\">C\u00e2mpurile cu granit<\/a><\/li><\/ul><\/div><div class=\"kc-elm kc-css-502977 kc_text_block\"><\/p>\n<p>\n<strong>Aditional:<\/strong><\/p>\n<p>\n<\/div><div class=\"kc-elm kc-css-949149 kc_box_wrap \"><ul class=\"list-unstyled list\"><li><i class=\"fa fa-tree text-primary\"><\/i><a href=\"https:\/\/www.hateggeoparc.ro\/new\/index.php\/place\/muzeul-satului-hategan\/\" target=\"_blank\"><text>Muzeul \u021a\u0103rii Ha\u021begului<\/text><\/a><\/li><\/ul><\/div><\/div><\/div><div class=\"kc-elm kc-css-368341 kc_col-sm-6 kc_column_inner kc_col-sm-6\"><div class=\"kc_wrapper kc-col-inner-container\"><div class=\"kc-elm kc-css-766575 kc_text_block\"><\/p>\n<p>\n<iframe style=\"width: 1px; min-width: 100%; height: 700px; border: none;\" src=\"https:\/\/ridewithgps.com\/embeds?type=route&amp;id=31909301&amp;sampleGraph=true\" scrolling=\"no\"><\/iframe><\/p>\n<p>\n<\/div><\/div><\/div><\/div><\/div><\/div><\/div><\/div><\/section>\n","protected":false},"excerpt":{"rendered":"","protected":false},"author":1,"featured_media":0,"parent":0,"menu_order":0,"comment_status":"closed","ping_status":"closed","template":"","meta":{"_seopress_robots_primary_cat":"","_seopress_titles_title":"","_seopress_titles_desc":"","_seopress_robots_index":"","footnotes":""},"class_list":["post-12241","page","type-page","status-publish","hentry"],"_links":{"self":[{"href":"https:\/\/www.hateggeoparc.ro\/new\/index.php\/wp-json\/wp\/v2\/pages\/12241","targetHints":{"allow":["GET"]}}],"collection":[{"href":"https:\/\/www.hateggeoparc.ro\/new\/index.php\/wp-json\/wp\/v2\/pages"}],"about":[{"href":"https:\/\/www.hateggeoparc.ro\/new\/index.php\/wp-json\/wp\/v2\/types\/page"}],"author":[{"embeddable":true,"href":"https:\/\/www.hateggeoparc.ro\/new\/index.php\/wp-json\/wp\/v2\/users\/1"}],"replies":[{"embeddable":true,"href":"https:\/\/www.hateggeoparc.ro\/new\/index.php\/wp-json\/wp\/v2\/comments?post=12241"}],"version-history":[{"count":16,"href":"https:\/\/www.hateggeoparc.ro\/new\/index.php\/wp-json\/wp\/v2\/pages\/12241\/revisions"}],"predecessor-version":[{"id":13553,"href":"https:\/\/www.hateggeoparc.ro\/new\/index.php\/wp-json\/wp\/v2\/pages\/12241\/revisions\/13553"}],"wp:attachment":[{"href":"https:\/\/www.hateggeoparc.ro\/new\/index.php\/wp-json\/wp\/v2\/media?parent=12241"}],"curies":[{"name":"wp","href":"https:\/\/api.w.org\/{rel}","templated":true}]}}