{"id":12246,"date":"2020-01-20T18:43:13","date_gmt":"2020-01-20T18:43:13","guid":{"rendered":"http:\/\/www.hateggeoparc.ro\/new\/?page_id=12246"},"modified":"2020-06-19T16:02:45","modified_gmt":"2020-06-19T16:02:45","slug":"drumul-vulcanilor","status":"publish","type":"page","link":"https:\/\/www.hateggeoparc.ro\/new\/index.php\/drumul-vulcanilor\/","title":{"rendered":"Drumul Vulcanilor"},"content":{"rendered":"<section class=\"kc-elm kc-css-704573 kc_row\"><div class=\"kc-row-container  kc-container\"><div class=\"kc-wrap-columns\"><div class=\"kc-elm kc-css-941539 kc_col-sm-12 kc_column kc_col-sm-12\"><div class=\"kc-col-container\"><div class=\"kc-elm kc-css-289906 kc_row kc_row_inner\"><div class=\"kc-elm kc-css-870908 kc_col-sm-6 kc_column_inner kc_col-sm-6\"><div class=\"kc_wrapper kc-col-inner-container\"><div class=\"kc-elm kc-css-509888 kc_text_block\"><\/p>\n<p>\nHa\u021beg, Densu\u0219, \u0218tei, Pe\u0219teana<\/p>\n<p><strong>Distan\u021b\u0103: 26 km<\/strong><\/p>\n<p>\n<\/div><div class=\"kc-elm kc-css-676456 kc_box_wrap \"><ul class=\"list-unstyled list\"><li><i class=\"fa fa-tree text-primary\"><\/i><a href=\"https:\/\/www.hateggeoparc.ro\/new\/index.php\/place\/casa-geoparcului\/\"><text>Casa Geoparcului<\/text><\/a><\/li><li><i class=\"fa fa-tree text-primary\"><\/i><a href=\"https:\/\/www.hateggeoparc.ro\/new\/index.php\/place\/casa-pentru-stiinta-si-arta-dumitru-huzoni\/\">Casa pentru \u0218tiin\u021b\u0103 \u0219i Art\u0103 General Berthelot<\/a><\/li><li><i class=\"fa fa-tree text-primary\"><\/i><a href=\"#\"><\/a><a href=\"https:\/\/www.hateggeoparc.ro\/new\/index.php\/place\/biserica-sfantul-nicolae-densus\/\">Biserica din Densu\u0219<\/a><\/li><li><i class=\"fa fa-tree text-primary\"><\/i><a href=\"#\"><\/a><a href=\"https:\/\/www.casavulcanilor.ro\/\" target=\"_blank\" rel=\"noopener\">Casa Vulcanilor din Densu\u0219<\/a><\/li><li><i class=\"fa fa-tree text-primary\"><\/i><a href=\"#\"><\/a><a href=\"https:\/\/www.hateggeoparc.ro\/new\/index.php\/place\/muzeul-satului-hategan\/\">Muzeul Satului Ha\u021began Pe\u0219teana<\/a><\/li><li><i class=\"fa fa-tree text-primary\"><\/i><a href=\"#\">Bisericile din Pe\u0219teana<text><br><\/text><\/a><\/li><li><i class=\"fa fa-tree text-primary\"><\/i><a href=\"#\"><\/a><a href=\"https:\/\/www.hateggeoparc.ro\/new\/index.php\/place\/taul-fara-fund\/\">T\u0103ul F\u0103r\u0103 Fund<\/a><\/li><li><a href=\"#\"><\/a><\/li><\/ul><\/div><div class=\"kc-elm kc-css-850480 kc_text_block\"><\/p>\n<p>\n<strong>Aditional:<\/strong><\/p>\n<p>\n<\/div><div class=\"kc-elm kc-css-830583 kc_box_wrap \"><ul class=\"list-unstyled list\"><li><i class=\"fa fa-tree text-primary\"><\/i><a href=\"https:\/\/www.hateggeoparc.ro\/new\/index.php\/place\/turnul-de-la-rachitova\/\" target=\"_blank\"><text>Turnul de la R\u0103chitova<\/text><\/a><\/li><li><i class=\"fa fa-tree text-primary\"><\/i>H\u0103\u021b\u0103gel \u2013 Ulpia Cristiana<\/li><li><i class=\"fa fa-tree text-primary\"><\/i><a href=\"#\">Satul Tradi\u021bional \u0218tei<\/a><\/li><\/ul><\/div><\/div><\/div><div class=\"kc-elm kc-css-874 kc_col-sm-6 kc_column_inner kc_col-sm-6\"><div class=\"kc_wrapper kc-col-inner-container\"><div class=\"kc-elm kc-css-660870 kc_text_block\"><\/p>\n<p>\n<iframe style=\"width: 1px; min-width: 100%; height: 700px; border: none;\" src=\"https:\/\/ridewithgps.com\/embeds?type=route&amp;id=31909405&amp;sampleGraph=true\" scrolling=\"no\"><\/iframe><\/p>\n<p>\n<\/div><\/div><\/div><\/div><\/div><\/div><\/div><\/div><\/section>\n","protected":false},"excerpt":{"rendered":"","protected":false},"author":1,"featured_media":0,"parent":0,"menu_order":0,"comment_status":"closed","ping_status":"closed","template":"","meta":{"_seopress_robots_primary_cat":"","_seopress_titles_title":"","_seopress_titles_desc":"","_seopress_robots_index":"","footnotes":""},"class_list":["post-12246","page","type-page","status-publish","hentry"],"_links":{"self":[{"href":"https:\/\/www.hateggeoparc.ro\/new\/index.php\/wp-json\/wp\/v2\/pages\/12246","targetHints":{"allow":["GET"]}}],"collection":[{"href":"https:\/\/www.hateggeoparc.ro\/new\/index.php\/wp-json\/wp\/v2\/pages"}],"about":[{"href":"https:\/\/www.hateggeoparc.ro\/new\/index.php\/wp-json\/wp\/v2\/types\/page"}],"author":[{"embeddable":true,"href":"https:\/\/www.hateggeoparc.ro\/new\/index.php\/wp-json\/wp\/v2\/users\/1"}],"replies":[{"embeddable":true,"href":"https:\/\/www.hateggeoparc.ro\/new\/index.php\/wp-json\/wp\/v2\/comments?post=12246"}],"version-history":[{"count":26,"href":"https:\/\/www.hateggeoparc.ro\/new\/index.php\/wp-json\/wp\/v2\/pages\/12246\/revisions"}],"predecessor-version":[{"id":13704,"href":"https:\/\/www.hateggeoparc.ro\/new\/index.php\/wp-json\/wp\/v2\/pages\/12246\/revisions\/13704"}],"wp:attachment":[{"href":"https:\/\/www.hateggeoparc.ro\/new\/index.php\/wp-json\/wp\/v2\/media?parent=12246"}],"curies":[{"name":"wp","href":"https:\/\/api.w.org\/{rel}","templated":true}]}}