{"id":12258,"date":"2020-01-20T18:58:27","date_gmt":"2020-01-20T18:58:27","guid":{"rendered":"http:\/\/www.hateggeoparc.ro\/new\/?page_id=12258"},"modified":"2020-06-12T17:14:28","modified_gmt":"2020-06-12T17:14:28","slug":"natura-si-traditie","status":"publish","type":"page","link":"https:\/\/www.hateggeoparc.ro\/new\/index.php\/natura-si-traditie\/","title":{"rendered":"Natur\u0103 \u0219i Tradi\u021bie"},"content":{"rendered":"<section class=\"kc-elm kc-css-853007 kc_row\"><div class=\"kc-row-container  kc-container\"><div class=\"kc-wrap-columns\"><div class=\"kc-elm kc-css-444551 kc_col-sm-12 kc_column kc_col-sm-12\"><div class=\"kc-col-container\"><div class=\"kc-elm kc-css-534162 kc_row kc_row_inner\"><div class=\"kc-elm kc-css-324715 kc_col-sm-6 kc_column_inner kc_col-sm-6\"><div class=\"kc_wrapper kc-col-inner-container\"><div class=\"kc-elm kc-css-497670 kc_text_block\"><\/p>\n<p>\nHa\u021beg, S\u0103la\u0219u de Sus, M\u0103l\u0103ie\u0219ti, Nuc\u0219oara<\/p>\n<p><strong>Distan\u021b\u0103: 28 km<\/strong><\/p>\n<p>\n<\/div><div class=\"kc-elm kc-css-825767 kc_box_wrap \"><ul class=\"list-unstyled list\"><li><i class=\"fa fa-tree text-primary\"><\/i><a href=\"https:\/\/www.hateggeoparc.ro\/new\/index.php\/place\/casa-geoparcului\/\" target=\"_blank\"><text>Casa Geoparcului<\/text><\/a><\/li><li><i class=\"fa fa-tree text-primary\"><\/i><a href=\"https:\/\/www.hateggeoparc.ro\/new\/index.php\/place\/biserica-de-la-santamaria-orlea\/\" target=\"_blank\"><text>Biserica S\u00e2nt\u0103m\u0103ria-Orlea<\/text><\/a><\/li><li><i class=\"fa fa-tree text-primary\"><\/i><a href=\"#\">V\u00e2rful Poienii<\/a><\/li><li><i class=\"fa fa-tree text-primary\"><\/i><a href=\"#\">DinoStop Struthiosaurus transylvanicus - S\u0103la\u0219u de Sus<\/a><\/li><li><i class=\"fa fa-tree text-primary\"><\/i><a href=\"#\"><\/a><a href=\"https:\/\/www.facebook.com\/muzicanaturii\/\" target=\"_blank\"><\/a><a href=\"https:\/\/www.facebook.com\/muzicanaturii\/\" target=\"_blank\">Poteca tematic\u0103 \u201dMuzica Naturii\u201d \u0219i Complexul de tehnic\u0103 popular\u0103 Pe\u0219tera<\/a><\/li><li><i class=\"fa fa-tree text-primary\"><\/i><a href=\"#\"><\/a><a href=\"https:\/\/www.hateggeoparc.ro\/new\/index.php\/place\/poiana-cu-narcise\/\"><\/a><a href=\"https:\/\/www.hateggeoparc.ro\/new\/index.php\/place\/poiana-cu-narcise\/\" target=\"_blank\">F\u00e2ne\u021bele cu Narcise<\/a><\/li><li><i class=\"fa fa-tree text-primary\"><\/i><a href=\"#\"><\/a><a href=\"https:\/\/www.hateggeoparc.ro\/new\/index.php\/place\/cetatea-malaiesti\/\"><\/a><a href=\"https:\/\/www.hateggeoparc.ro\/new\/index.php\/place\/cetatea-malaiesti\/\" target=\"_blank\">Cetatea M\u0103l\u0103ie\u0219ti<\/a><\/li><li><i class=\"fa fa-tree text-primary\"><\/i><a href=\"#\"><\/a><a href=\"http:\/\/retezat.ro\/index.php\/romana\/pentru-oaspetii-pnr\/centre-vizitare\/72-contact-apnr-orar-centru-vizitare.html\"><\/a><a href=\"http:\/\/retezat.ro\/index.php\/romana\/pentru-oaspetii-pnr\/centre-vizitare\/72-contact-apnr-orar-centru-vizitare.html\" target=\"_blank\">Centrul de Vizitare al Parcului Na\u021bional Retezat<\/a><\/li><\/ul><\/div><div class=\"kc-elm kc-css-319361 kc_text_block\"><\/p>\n<p>\n<strong>Aditional:<\/strong><\/p>\n<p>\n<\/div><div class=\"kc-elm kc-css-506158 kc_box_wrap \"><ul class=\"list-unstyled list\"><li><i class=\"fa fa-tree text-primary\"><\/i>Pe\u0219tera Gura Cet\u0103\u021bii<\/li><li><i class=\"fa fa-tree text-primary\"><\/i>Biserica Iobagilor<\/li><li><i class=\"fa fa-tree text-primary\"><\/i><a href=\"#\"><\/a><a href=\"https:\/\/www.hateggeoparc.ro\/new\/index.php\/place\/cascada-lolaia\/\" target=\"_blank\">Cascada Lolaia<\/a><\/li><\/ul><\/div><\/div><\/div><div class=\"kc-elm kc-css-376865 kc_col-sm-6 kc_column_inner kc_col-sm-6\"><div class=\"kc_wrapper kc-col-inner-container\"><div class=\"kc-elm kc-css-559953 kc_text_block\"><\/p>\n<p>\n<iframe style=\"width: 1px; min-width: 100%; height: 700px; border: none;\" src=\"https:\/\/ridewithgps.com\/embeds?type=route&amp;id=31909435&amp;sampleGraph=true\" scrolling=\"no\"><\/iframe><\/p>\n<p>\n<\/div><\/div><\/div><\/div><\/div><\/div><\/div><\/div><\/section>\n","protected":false},"excerpt":{"rendered":"","protected":false},"author":1,"featured_media":0,"parent":0,"menu_order":0,"comment_status":"closed","ping_status":"closed","template":"","meta":{"_seopress_robots_primary_cat":"","_seopress_titles_title":"","_seopress_titles_desc":"","_seopress_robots_index":"","footnotes":""},"class_list":["post-12258","page","type-page","status-publish","hentry"],"_links":{"self":[{"href":"https:\/\/www.hateggeoparc.ro\/new\/index.php\/wp-json\/wp\/v2\/pages\/12258","targetHints":{"allow":["GET"]}}],"collection":[{"href":"https:\/\/www.hateggeoparc.ro\/new\/index.php\/wp-json\/wp\/v2\/pages"}],"about":[{"href":"https:\/\/www.hateggeoparc.ro\/new\/index.php\/wp-json\/wp\/v2\/types\/page"}],"author":[{"embeddable":true,"href":"https:\/\/www.hateggeoparc.ro\/new\/index.php\/wp-json\/wp\/v2\/users\/1"}],"replies":[{"embeddable":true,"href":"https:\/\/www.hateggeoparc.ro\/new\/index.php\/wp-json\/wp\/v2\/comments?post=12258"}],"version-history":[{"count":15,"href":"https:\/\/www.hateggeoparc.ro\/new\/index.php\/wp-json\/wp\/v2\/pages\/12258\/revisions"}],"predecessor-version":[{"id":14690,"href":"https:\/\/www.hateggeoparc.ro\/new\/index.php\/wp-json\/wp\/v2\/pages\/12258\/revisions\/14690"}],"wp:attachment":[{"href":"https:\/\/www.hateggeoparc.ro\/new\/index.php\/wp-json\/wp\/v2\/media?parent=12258"}],"curies":[{"name":"wp","href":"https:\/\/api.w.org\/{rel}","templated":true}]}}