{"id":12273,"date":"2020-01-20T19:11:48","date_gmt":"2020-01-20T19:11:48","guid":{"rendered":"http:\/\/www.hateggeoparc.ro\/new\/?page_id=12273"},"modified":"2021-05-08T19:37:23","modified_gmt":"2021-05-08T19:37:23","slug":"activitati-pentru-elevi-copii","status":"publish","type":"page","link":"https:\/\/www.hateggeoparc.ro\/new\/index.php\/activitati-pentru-elevi-copii\/","title":{"rendered":"Activit\u0103\u021bi pentru elevi\/copii"},"content":{"rendered":"<p><section class=\"kc-elm kc-css-351210 kc_row\"><div class=\"kc-row-container  kc-container\"><div class=\"kc-wrap-columns\"><div class=\"kc-elm kc-css-17092 kc_col-sm-6 kc_column kc_col-sm-6\"><div class=\"kc-col-container\">\n<div class=\"kc-elm kc-css-180972 kc-title-wrap \">\n\n\t<h1 class=\"kc_title\">Activit\u0103\u021bi pentru elevi \u0219i copii<\/h1>\n<\/div>\n\n<div class=\"kc-elm kc-css-695987 kc-title-wrap \">\n\n\t<h4 class=\"kc_title\">Te invit\u0103m s\u0103 descoperi, s\u0103 explorezi, s\u0103 experimentezi \u0219i de ce nu? S\u0103 te \u00eentorci \u00een timp vreo 70 de milioane de ani<\/h4>\n<\/div>\n<\/div><\/div><div class=\"kc-elm kc-css-133577 kc_col-sm-6 kc_column kc_col-sm-6\"><div class=\"kc-col-container\"><div class=\"kc_shortcode kc_single_image \"><img decoding=\"async\" src=\"https:\/\/www.hateggeoparc.ro\/new\/wp-content\/uploads\/2020\/05\/Fundal-activ-copii.jpg\" class=\"\" alt=\"\" \/><\/div><\/div><\/div><\/div><\/div><\/section><section class=\"kc-elm kc-css-577021 kc_row\"><div class=\"kc-row-container  kc-container\"><div class=\"kc-wrap-columns\"><div class=\"kc-elm kc-css-382338 kc_col-sm-6 kc_column kc_col-sm-6\"><div class=\"kc-col-container\">\n<div class=\"element-block-heading style-v1\">\n\t<div class=\"wrapper\">\n\t\t<div class=\"inner\">\n\t\t\t\n\t\t\t\t\t\t<h2 class=\"heading\">Explorator la Casa Vulcanilor<\/h2>\n\t\t\t\t\t\t\n\t\t\t\t\t<\/div>\n\t<\/div>\n<\/div><div class=\"kc-elm kc-css-175328 kc_text_block\"><\/p>\n<p>\nEste un pachet de activit\u0103\u021bi educa\u021bionale adresate grupurilor de copii, tineri sau adul\u021bi, desf\u0103\u0219urat la Casa Vulcanilor, din comuna Densu\u0219, sub atenta observa\u021bie a lui Andi Andezit, mascota Casei Vulcanilor. Participan\u021bii pot experimenta, cu ajutorul sim\u021burilor, postura de explorator av\u00e2nd la dispozi\u021bie ghizi animatori \u0219i facilit\u0103\u021bile oferite de Casa Vulcanilor \u0219i de Livada Senzorial\u0103 (Aleea Formelor \u00cempietrite, Poteca Timpului, Expozi\u021bia Imagine \u0219i Imagina\u021bie, Lada micului paleontolog, Vulcanul, Foi\u0219orul Comunic\u0103rii, Sala de Concerte, Gr\u0103dina din nori \u0219i Copacii cu sunete). Bro\u0219ura \u201dGhidul Exploratorului\u201d \u0219i trusa de explorator transform\u0103 fiecare activitate \u00eentr-o real\u0103 experien\u021b\u0103 personal\u0103 \u00een care pot fi acumulate o mul\u021bime de informa\u021bii utile legate de vulcanism, paleontologie, geologie \u0219i despre cum poate fi observat \u0219i con\u0219tientizat spectacolul Naturii. Activit\u0103\u021bile se bazeaz\u0103 pe principiile educa\u021biei nonformale menite s\u0103 \u00eencurajeze lucrul \u00een echip\u0103, autocunoa\u0219terea \u0219i \u00eenv\u0103\u021barea activ\u0103 pe baza propriilor experien\u021be.<span class=\"Apple-converted-space\">&nbsp;<\/span><\/p>\n<p><b>Durat\u0103<\/b>: 1 or\u0103 \u2013 4 ore<\/p>\n<p><b>Doar cu rezervare <\/b><i>pentru orice zi a s\u0103pt\u0103m\u00e2nii<\/i><\/p>\n<p><i><span class=\"Apple-converted-space\">&nbsp;<\/span>\u0219i orice perioad\u0103 a anului sun\u00e2nd<span class=\"Apple-converted-space\">&nbsp;<\/span><\/i><\/p>\n<p><i>la 0743688108 cu cel pu\u021bin o zi<span class=\"Apple-converted-space\"> <br \/><\/span><\/i><\/p>\n<p><i>\u00eenainte de vizit\u0103.<\/i><\/p>\n<p><i>Contact&nbsp;: <\/i><a href=\"http:\/\/www.casavulcanilor.ro\">www.casavulcanilor.ro<\/a><span class=\"Apple-converted-space\">&nbsp; <\/span>0743688108<\/p>\n<p>\n<\/div><\/div><\/div><div class=\"kc-elm kc-css-749601 kc_col-sm-6 kc_column kc_col-sm-6\"><div class=\"kc-col-container\"><div class=\"kc_shortcode kc_single_image effect-v3\"><img decoding=\"async\" src=\"https:\/\/www.hateggeoparc.ro\/new\/wp-content\/plugins\/kingcomposer\/assets\/images\/get_start.jpg\" class=\"kc_image_empty\" alt=\"\" \/><\/div><\/div><\/div><\/div><\/div><\/section><section class=\"kc-elm kc-css-219746 kc_row\"><div class=\"kc-row-container  kc-container\"><div class=\"kc-wrap-columns\"><div class=\"kc-elm kc-css-672850 kc_col-sm-6 kc_column kc_col-sm-6\"><div class=\"kc-col-container\"><div class=\"kc_shortcode kc_single_image effect-v3\"><img decoding=\"async\" src=\"https:\/\/www.hateggeoparc.ro\/new\/wp-content\/uploads\/2020\/05\/investitor-in-gradina-aromata-a-timpului.jpg\" class=\"\" alt=\"\" \/><\/div><\/div><\/div><div class=\"kc-elm kc-css-270586 kc_col-sm-6 kc_column kc_col-sm-6\"><div class=\"kc-col-container\">\n<div class=\"element-block-heading style-v1\">\n\t<div class=\"wrapper\">\n\t\t<div class=\"inner\">\n\t\t\t\n\t\t\t\t\t\t<h2 class=\"heading\">Investitor \u00een Gr\u0103dina Aromat\u0103 a Timpului<\/h2>\n\t\t\t\t\t\t\n\t\t\t\t\t<\/div>\n\t<\/div>\n<\/div><div class=\"kc-elm kc-css-210800 kc_text_block\"><\/p>\n<p>\nEste o ofert\u0103 educa\u021bional\u0103 destinat\u0103 grupurilor de elevi care fac parte din unul dintre cele trei cicluri de \u00eenv\u0103\u021b\u0103m\u00e2nt (primar, gimnazial \u0219i liceal), dar \u0219i adul\u021bilor. Pachetul educa\u021bional cuprinde activit\u0103\u021bi de observa\u021bie direct\u0103 \u0219i recunoa\u0219tere a diferitelor tipuri de plante \u0219i de<span class=\"Apple-converted-space\">\u00a0 <\/span>roci din Gr\u0103dina aromat\u0103 a timpului amenajat\u0103 la sediul Geoparcului. La cerere, se pot pune la dispozi\u021bie participan\u021bilor 10 kituri educa\u021bionale ce con\u021bin 3 e\u0219antioane de diferite tipuri de semin\u021be (plante cultivate \u00een gr\u0103dina tradi\u021bional\u0103, \u00een culturile de c\u00e2mp \u0219i \u00een livad\u0103) \u0219i alte 3 e\u0219antioane de roci (magmatice, metamorfice \u0219i sedimentare), instrumente pentru observa\u021bii \u0219i pentru \u00eensemn\u0103ri sau desene.<span class=\"Apple-converted-space\">\u00a0 <\/span>De asemenea, ei pot utiliza bro\u0219urile \u201dCornel Granit \u0219i prietenii s\u0103i \u2013 povestea pietrelor de pe Aleea Timpului\u201d, \u201dDescoper\u0103 Gr\u0103dina Bunicii\u201d \u0219i \u201dRe\u021bete din Gr\u0103dina aromat\u0103 a timpului\u201d. La cerere, \u00een cadrul pachetului educa\u021bional pot fi incluse ateliere de craft, de pictur\u0103, modelaj sau de creat limonad\u0103 ori salate de legume aromatizate cu plante din gr\u0103din\u0103. Activit\u0103\u021bile se pot desf\u0103\u0219ura at\u00e2t \u00een sistem non-formal, dar \u0219i formal pentru clasele de elevi interesate s\u0103 sus\u021bin\u0103 cursuri \u00een aer liber.<\/p>\n<p><b>Durat\u0103: <\/b>1 or\u0103 \u2013 4 ore<\/p>\n<p><b>Doar cu rezervare <\/b><i>pentru orice zi a s\u0103pt\u0103m\u00e2nii<span class=\"Apple-converted-space\">\u00a0<\/span><\/i><\/p>\n<p><i>\u0219i orice perioad\u0103 a anului sun\u00e2nd<span class=\"Apple-converted-space\">\u00a0<\/span><\/i><\/p>\n<p><i>la <\/i>0254777853 <i>cu cel pu\u021bin<span class=\"Apple-converted-space\">\u00a0<\/span><\/i><\/p>\n<p><i>trei zile \u00eenainte de vizit\u0103.<\/i><\/p>\n<p>Contact: 0254777853<\/p>\n<p>\n<\/div><\/div><\/div><\/div><\/div><\/section><\/p>\n","protected":false},"excerpt":{"rendered":"","protected":false},"author":1,"featured_media":0,"parent":0,"menu_order":0,"comment_status":"closed","ping_status":"closed","template":"","meta":{"_seopress_robots_primary_cat":"","_seopress_titles_title":"","_seopress_titles_desc":"","_seopress_robots_index":"","footnotes":""},"class_list":["post-12273","page","type-page","status-publish","hentry"],"_links":{"self":[{"href":"https:\/\/www.hateggeoparc.ro\/new\/index.php\/wp-json\/wp\/v2\/pages\/12273","targetHints":{"allow":["GET"]}}],"collection":[{"href":"https:\/\/www.hateggeoparc.ro\/new\/index.php\/wp-json\/wp\/v2\/pages"}],"about":[{"href":"https:\/\/www.hateggeoparc.ro\/new\/index.php\/wp-json\/wp\/v2\/types\/page"}],"author":[{"embeddable":true,"href":"https:\/\/www.hateggeoparc.ro\/new\/index.php\/wp-json\/wp\/v2\/users\/1"}],"replies":[{"embeddable":true,"href":"https:\/\/www.hateggeoparc.ro\/new\/index.php\/wp-json\/wp\/v2\/comments?post=12273"}],"version-history":[{"count":19,"href":"https:\/\/www.hateggeoparc.ro\/new\/index.php\/wp-json\/wp\/v2\/pages\/12273\/revisions"}],"predecessor-version":[{"id":14206,"href":"https:\/\/www.hateggeoparc.ro\/new\/index.php\/wp-json\/wp\/v2\/pages\/12273\/revisions\/14206"}],"wp:attachment":[{"href":"https:\/\/www.hateggeoparc.ro\/new\/index.php\/wp-json\/wp\/v2\/media?parent=12273"}],"curies":[{"name":"wp","href":"https:\/\/api.w.org\/{rel}","templated":true}]}}