{"id":12291,"date":"2020-01-23T16:49:48","date_gmt":"2020-01-23T16:49:48","guid":{"rendered":"http:\/\/www.hateggeoparc.ro\/new\/?page_id=12291"},"modified":"2021-10-07T10:00:43","modified_gmt":"2021-10-07T10:00:43","slug":"edugeoparc","status":"publish","type":"page","link":"https:\/\/www.hateggeoparc.ro\/new\/index.php\/edugeoparc\/","title":{"rendered":"EDUGeoparc"},"content":{"rendered":"<section class=\"kc-elm kc-css-630011 kc_row\"><div class=\"kc-row-container  kc-container\"><div class=\"kc-wrap-columns\"><div class=\"kc-elm kc-css-479307 kc_col-sm-12 kc_column kc_col-sm-12\"><div class=\"kc-col-container\"><div class=\"kc-elm kc-css-685933 kc_row kc_row_inner\"><div class=\"kc-elm kc-css-928891 kc_col-sm-6 kc_column_inner kc_col-sm-6\"><div class=\"kc_wrapper kc-col-inner-container\"><div class=\"kc_shortcode kc_single_image \"><img decoding=\"async\" src=\"https:\/\/www.hateggeoparc.ro\/new\/wp-content\/uploads\/2020\/05\/edugeoparc_poza-exemplu-la-sfarsitul-textului-scaled-e1592747621707.jpg\" class=\"\" alt=\"\" \/><\/div><div class=\"kc-elm kc-css-857760\" style=\"height: 20px; clear: both; width:100%;\"><\/div><div class=\"kc_shortcode kc_single_image \"><img decoding=\"async\" src=\"https:\/\/www.hateggeoparc.ro\/new\/wp-content\/uploads\/2020\/05\/2018-02-28-14.11.16-1.jpg\" class=\"\" alt=\"\" \/><\/div><\/div><\/div><div class=\"kc-elm kc-css-913913 kc_col-sm-6 kc_column_inner kc_col-sm-6\"><div class=\"kc_wrapper kc-col-inner-container\"><div class=\"kc-elm kc-css-930492 kc_text_block\"><\/p>\n<p>Geoparcul Interna\u021bional UNESCO \u021aara Ha\u021begului este un laborator \u00een aer liber pentru educa\u021bia formal\u0103 \u0219i nonformal\u0103, av\u00e2nd drept grupuri \u021bint\u0103 elevii \u0219i studen\u021bii. Geoparcul este \u00een acela\u0219i timp un spa\u021biu care ofer\u0103 vizitatorilor de toate v\u00e2rstele o experien\u021b\u0103 pl\u0103cut\u0103 de \u00een\u021belegere \u0219i interpretare a naturii \u0219i a valorilor culturale.<\/p>\n<p>Ca s\u0103 \u00eencuraj\u0103m \u00eenv\u0103\u021barea interdisciplinar\u0103, prin propria experien\u021b\u0103, am creat re\u021beaua informal\u0103 <b>EduGeoparc, <\/b>\u00een parteneriat cu<b> Inspectoratul \u0218colar Jude\u021bean Hunedoara.<span class=\"Apple-converted-space\">&nbsp; &nbsp;<\/span><\/b><\/p>\n<p>Scopul Re\u021belei este de a coagula \u0219i sincroniza eforturile membrilor pentru o educa\u021bie formal\u0103 \u0219i nonformal\u0103 care s\u0103 foloseasc\u0103 valorile, abilit\u0103\u021bile \u0219i cuno\u0219tin\u021bele acumulate de c\u0103tre Geoparc \u00een vederea \u00een\u021belegerii, interpret\u0103rii \u0219i promov\u0103rii elementelor naturale \u0219i culturale din \u021aara Ha\u021begului de c\u0103tre localnici \u0219i vizitatori de toate v\u00e2rstele.<\/p>\n<p><b>Re\u021beaua EduGeoparc <\/b>asigur\u0103<b> parteneriatul educa\u0163ional <\/b>reunind \u015fcoli primare \u0219i gimnaziale de pe teritoriul Geoparcului \u0219i nu numai, institu\u0163ii educa\u0163ionale, asocia\u0163ii \u015fi exper\u0163i in educa\u0163ie. Elevii din cluburile <b>GeoExploratorii<\/b> \u015fi <b>Voluntari pentru Geoparc<\/b> sunt participan\u0163i \u015fi beneficiari ai activit\u0103\u0163ilor, cre\u00e2nd o leg\u0103tur\u0103 direct\u0103 \u00eentre programele educa\u0163ionale ale geoparcului, programele \u015fcolare locale \u015fi programele de formare profesional\u0103 pentru viitori ghizi, acompaniatori montani sau agen\u0163i de turism.<\/p>\n<p>Re\u021beaua EduGeoparc a fost constituit\u0103 la ini\u021biativa Geoparcul<span class=\"Apple-converted-space\">ui <\/span>\u021aara Ha\u021begului \u2013 Geoparc Interna\u021bional UNESCO, administrat de Universitatea din Bucure\u0219ti (GDTH UNESCO \u2013 UB), \u00een parteneriat cu Inspectoratul \u0218colar Jude\u021bean Hunedoara.<\/p>\n<p><a href=\"http:\/\/www.hateggeoparc.ro\/new\/wp-content\/uploads\/2020\/05\/Regulament-retea-EduGeoparc-2020-1.doc\">Descarc\u0103 regulamentul Re\u021belei Edu Geoparc<span class=\"Apple-converted-space\">&nbsp;<\/span><\/a><\/p>\n<p><a href=\"http:\/\/www.hateggeoparc.ro\/new\/wp-content\/uploads\/2020\/05\/Acord-parteneriat-EduGeoparc.docx\">Descarc\u0103 Acordul de parteneriat \u00een cadrul Re\u021belei EduGeoparc<\/a><\/p>\n<p><a href=\"http:\/\/www.hateggeoparc.ro\/new\/wp-content\/uploads\/2020\/05\/PROTOCOL-DE-COLABORARE-1-1.doc\">Protocol de colaborare<\/a><\/p>\n<p>\n<\/div><\/div><\/div><\/div><\/div><\/div><\/div><\/div><\/section>\n","protected":false},"excerpt":{"rendered":"","protected":false},"author":1,"featured_media":0,"parent":0,"menu_order":0,"comment_status":"closed","ping_status":"closed","template":"","meta":{"_seopress_robots_primary_cat":"","_seopress_titles_title":"","_seopress_titles_desc":"","_seopress_robots_index":"","footnotes":""},"class_list":["post-12291","page","type-page","status-publish","hentry"],"_links":{"self":[{"href":"https:\/\/www.hateggeoparc.ro\/new\/index.php\/wp-json\/wp\/v2\/pages\/12291","targetHints":{"allow":["GET"]}}],"collection":[{"href":"https:\/\/www.hateggeoparc.ro\/new\/index.php\/wp-json\/wp\/v2\/pages"}],"about":[{"href":"https:\/\/www.hateggeoparc.ro\/new\/index.php\/wp-json\/wp\/v2\/types\/page"}],"author":[{"embeddable":true,"href":"https:\/\/www.hateggeoparc.ro\/new\/index.php\/wp-json\/wp\/v2\/users\/1"}],"replies":[{"embeddable":true,"href":"https:\/\/www.hateggeoparc.ro\/new\/index.php\/wp-json\/wp\/v2\/comments?post=12291"}],"version-history":[{"count":20,"href":"https:\/\/www.hateggeoparc.ro\/new\/index.php\/wp-json\/wp\/v2\/pages\/12291\/revisions"}],"predecessor-version":[{"id":14314,"href":"https:\/\/www.hateggeoparc.ro\/new\/index.php\/wp-json\/wp\/v2\/pages\/12291\/revisions\/14314"}],"wp:attachment":[{"href":"https:\/\/www.hateggeoparc.ro\/new\/index.php\/wp-json\/wp\/v2\/media?parent=12291"}],"curies":[{"name":"wp","href":"https:\/\/api.w.org\/{rel}","templated":true}]}}