{"id":12294,"date":"2020-01-23T16:52:31","date_gmt":"2020-01-23T16:52:31","guid":{"rendered":"http:\/\/www.hateggeoparc.ro\/new\/?page_id=12294"},"modified":"2020-06-21T14:04:02","modified_gmt":"2020-06-21T14:04:02","slug":"ambasadorii-geoparcului","status":"publish","type":"page","link":"https:\/\/www.hateggeoparc.ro\/new\/index.php\/ambasadorii-geoparcului\/","title":{"rendered":"Voluntariat"},"content":{"rendered":"<p><section class=\"kc-elm kc-css-523575 kc_row\"><div class=\"kc-row-container  kc-container\"><div class=\"kc-wrap-columns\"><div class=\"kc-elm kc-css-685767 kc_col-sm-12 kc_column kc_col-sm-12\"><div class=\"kc-col-container\">\n<div class=\"kc-elm kc-css-536646 kc-title-wrap \">\n\n\t<h2 class=\"kc_title\">Voluntari pentru Geoparc<\/h2>\n<\/div>\n<\/div><\/div><\/div><\/div><\/section><section class=\"kc-elm kc_row\"><div class=\"kc-row-container  kc-container\"><div class=\"kc-wrap-columns\"><div class=\"kc-elm kc_col-sm-6 kc_column kc_col-sm-6\"><div class=\"kc-col-container\"><div class=\"kc_shortcode kc_single_image \"><img decoding=\"async\" src=\"https:\/\/www.hateggeoparc.ro\/new\/wp-content\/uploads\/2020\/05\/1.jpg\" class=\"\" alt=\"\" \/><\/div><div class=\"kc-elm kc-css-24566\" style=\"height: 32px; clear: both; width:100%;\"><\/div><div class=\"kc_shortcode kc_single_image \"><img decoding=\"async\" src=\"https:\/\/www.hateggeoparc.ro\/new\/wp-content\/uploads\/2020\/05\/2.png\" class=\"\" alt=\"\" \/><\/div><\/div><\/div><div class=\"kc-elm kc-css-108315 kc_col-sm-6 kc_column kc_col-sm-6\"><div class=\"kc-col-container\"><div class=\"kc-elm kc-css-683307 kc_text_block\"><\/p>\n<p>\nProgramul de voluntariat al Geoparcului Interna\u021bional UNESCO \u021aara Ha\u021begului\u00a0 administrat de Universitatea din Bucure\u0219ti a fost creat \u00een 2013 cu un num\u0103r de cinci voluntari. \u00cen c\u00e2\u021biva ani a devenit unul dintre cele mai cunoscute \u0219i apreciate programe de voluntariat din Rom\u00e2nia \u0219i are peste 230 de voluntari \u00eenscri\u0219i.<\/p>\n<p>\u00cen acest timp voluntarii au fost implica\u021bi \u00een zeci de proiecte \u0219i ac\u021biuni, au participat la realizarea a \u0219ase puncte de interpretare turistic\u0103 \u0219i patru trasee turistice, au fost implica\u021bi \u00een schimburi, deplas\u0103ri \u0219i cursuri de dezvoltare personal\u0103.<\/p>\n<p>\u201eVoluntari pentru Geoparc\u201d se adreseaz\u0103 \u00een special tinerilor din \u021aara Ha\u021begului, dar nu numai lor. Nucleul grupului de voluntari sunt liceenii de la Colegiul Na\u021bional I.C. Br\u0103tianu din Ha\u021beg, dar oricine dore\u0219te s\u0103 participe la proiectele Geoparcului este binevenit.<\/p>\n<p>Proiectul func\u021bioneaz\u0103 conform Legii Voluntariatului \u0219i respect\u00e2nd documentele realizate \u00een cadrul Grupurilor Tematice de Lucru care au func\u021bionat \u00een Rom\u00e2nia pe durata Anului European al Voluntariatului 2011. Voluntarii beneficiaz\u0103 de recunoa\u0219terea eforturilor lor prin acordarea de adeverin\u021be, iar cei care vor efectua peste 120 de ore de voluntariat vor primi un certificat de recunoa\u0219tere a competen\u021belor dup\u0103 model european, emis de c\u0103tre Universitatea din Bucure\u0219ti.<\/p>\n<p>\u00cen anul 2016, un proiect derulat de c\u0103tre Asocia\u021bia Geomedia \u0219i finan\u021bat de Funda\u021bia Pentru Parteneriat \u0219i MOL Rom\u00e2nia prin programul Spa\u021bii Verzi, a creat urm\u0103torul pas pentru programul Voluntari pentru Geoparc. Este vorba despre crearea conceptului \u0219i formarea primilor Ambasadori ai Geoparcului.<\/p>\n<p>Ambasadorii Geoparcului sunt un grup de voluntari preg\u0103ti\u021bi pentru a reprezenta comunitatea \u021a\u0103rii Ha\u021begului \u0219i Geoparcul Interna\u021bional UNESCO oriunde \u0219i \u00een fa\u021ba oricui pe plan na\u021bional \u0219i interna\u021bional. Ace\u0219tia trebuie s\u0103 aib\u0103 cuno\u0219tin\u021bele necesare despre regiune \u0219i despre conceptul de geoparc interna\u021bional UNESCO, dar trebuie s\u0103 aib\u0103 \u0219i abilit\u0103\u021bile, \u00een primul r\u00e2nd de comunicare, necesare unor astfel de activit\u0103\u021bi.<\/p>\n<p>Dac\u0103 vre\u021bi s\u0103 deveni\u021bi voluntari pentru Geoparc, completa\u021bi <a href=\"https:\/\/docs.google.com\/forms\/d\/e\/1FAIpQLSeReyVDIKFcxg_oe5R0AudGePT4XnaUm1aC1w-G_MsGmfhJIQ\/viewform\" target=\"_blank\" rel=\"noopener\">formularul<\/a>.<\/p>\n<p>Dac\u0103 vre\u021bi s\u0103 \u0219ti\u021bi mai multe despre program:<\/p>\n<ul>\n<li>Ciobanu, C. \u201eVoluntari pentru Geoparc. Voluntariat pentru comunitate\u201d in Societate.Publicitate.Consumator, Coordinator Octavian Rujoiu, ASE, 2017<\/li>\n<li>Istrate, L., Baciu, V. (2015). <em>Voluntariatul pentru Natura. Studiu. <\/em>Preluat\u0103 de la <u><a href=\"http:\/\/voluntariatnatura.ro\/downloads\/Voluntariatul%20pentru%20natura.pdf\">http:\/\/voluntariatnatura.ro\/downloads\/Voluntariatul%20pentru%20natura.pdf<\/a><\/u><\/li>\n<li>Legea nr. 78\/2014. Preluat\u0103 de la <u><a href=\"http:\/\/federatiavolum.ro\/wp-content\/uploads\/2014\/11\/LV_promulgata.pdf\">http:\/\/federatiavolum.ro\/wp-content\/uploads\/2014\/11\/LV_promulgata.pdf<\/a><\/u><\/li>\n<\/ul>\n<p>\n<\/div><\/div><\/div><\/div><\/div><\/section><section class=\"kc-elm kc_row\"><div class=\"kc-row-container  kc-container\"><div class=\"kc-wrap-columns\"><div class=\"kc-elm kc-css-140289 kc_col-sm-12 kc_column kc_col-sm-12\"><div class=\"kc-col-container\">\n<div class=\"kc-elm kc-css-552496 divider_line\">\n\t<div class=\"divider_inner divider_line1\">\n\t\t\t<\/div>\n<\/div>\n\n<div class=\"kc-elm kc-css-837278 kc-title-wrap \">\n\n\t<h2 class=\"kc_title\">Ambasadorii Geoparcului<\/h2>\n<\/div>\n<\/div><\/div><\/div><\/div><\/section><section class=\"kc-elm kc_row\"><div class=\"kc-row-container  kc-container\"><div class=\"kc-wrap-columns\"><div class=\"kc-elm kc_col-sm-6 kc_column kc_col-sm-6\"><div class=\"kc-col-container\"><div class=\"kc-elm kc-css-749677 kc_text_block\"><\/p>\n<p>\nEste un grup de elit\u0103 selectat din r\u00e2ndul voluntarilor pe baza unor criterii stabilite chiar de ei. Aspiran\u021bii la titlul de Ambasador trebuie s\u0103 urmeze un curs de dezvoltare personal\u0103 \u0219i profesional\u0103 \u00een care se familiarizeaz\u0103 cu conceptul de Geoparc Interna\u021bional UNESCO, particip\u0103 la diverse activit\u0103\u021bi \u0219i trebuie s\u0103 realizeze mai multe teme. Statutul lor este recunoscut printr-o diplom\u0103 care le atest\u0103 cuno\u0219tin\u021bele, abilit\u0103\u021bile \u0219i atitudinile dob\u00e2ndite \u0219i tricoul de Ambasador al Geoparcului Dinozaurilor \u021aara Ha\u021begului, Geoparc Interna\u021bional UNESCO. Rolul ambasadorilor este acela de a reprezenta \u0219i de a promova Geoparcul la nivel local, jude\u021bean, regional, na\u021bional \u0219i interna\u021bional. \u00cen acest scop, ei au posibilitatea de a participa la evenimente cu caracter \u0219tiin\u021bific, pot sus\u021bine prezent\u0103ri \u00een fa\u021ba publicului larg \u0219i pot participa la schimburi de experien\u021b\u0103 desf\u0103\u0219urate \u00een alte geoparcuri interna\u021bionale UNESCO. De asemenea, sunt \u00eencuraja\u021bi s\u0103 ia leg\u0103tura cu tineri de v\u00e2rsta lor din alte geoparcuri din cadrul Re\u021belei Globale a Geoparcurilor \u0219i s\u0103 pun\u0103 bazele unor colabor\u0103ri sau proiecte interna\u021bionale.<\/p>\n<p>\n<\/div><\/div><\/div><div class=\"kc-elm kc-css-766410 kc_col-sm-6 kc_column kc_col-sm-6\"><div class=\"kc-col-container\"><div class=\"kc_shortcode kc_single_image effect-default\"><img decoding=\"async\" src=\"https:\/\/www.hateggeoparc.ro\/new\/wp-content\/uploads\/2020\/05\/3-1.jpg\" class=\"\" alt=\"\" \/><\/div><\/div><\/div><\/div><\/div><\/section><\/p>\n","protected":false},"excerpt":{"rendered":"","protected":false},"author":1,"featured_media":0,"parent":0,"menu_order":0,"comment_status":"closed","ping_status":"closed","template":"","meta":{"_seopress_robots_primary_cat":"","_seopress_titles_title":"","_seopress_titles_desc":"","_seopress_robots_index":"","footnotes":""},"class_list":["post-12294","page","type-page","status-publish","hentry"],"_links":{"self":[{"href":"https:\/\/www.hateggeoparc.ro\/new\/index.php\/wp-json\/wp\/v2\/pages\/12294","targetHints":{"allow":["GET"]}}],"collection":[{"href":"https:\/\/www.hateggeoparc.ro\/new\/index.php\/wp-json\/wp\/v2\/pages"}],"about":[{"href":"https:\/\/www.hateggeoparc.ro\/new\/index.php\/wp-json\/wp\/v2\/types\/page"}],"author":[{"embeddable":true,"href":"https:\/\/www.hateggeoparc.ro\/new\/index.php\/wp-json\/wp\/v2\/users\/1"}],"replies":[{"embeddable":true,"href":"https:\/\/www.hateggeoparc.ro\/new\/index.php\/wp-json\/wp\/v2\/comments?post=12294"}],"version-history":[{"count":55,"href":"https:\/\/www.hateggeoparc.ro\/new\/index.php\/wp-json\/wp\/v2\/pages\/12294\/revisions"}],"predecessor-version":[{"id":13938,"href":"https:\/\/www.hateggeoparc.ro\/new\/index.php\/wp-json\/wp\/v2\/pages\/12294\/revisions\/13938"}],"wp:attachment":[{"href":"https:\/\/www.hateggeoparc.ro\/new\/index.php\/wp-json\/wp\/v2\/media?parent=12294"}],"curies":[{"name":"wp","href":"https:\/\/api.w.org\/{rel}","templated":true}]}}