{"id":12324,"date":"2020-01-23T17:33:23","date_gmt":"2020-01-23T17:33:23","guid":{"rendered":"http:\/\/www.hateggeoparc.ro\/new\/?page_id=12324"},"modified":"2020-06-21T13:39:44","modified_gmt":"2020-06-21T13:39:44","slug":"specialist-arii-protejate","status":"publish","type":"page","link":"https:\/\/www.hateggeoparc.ro\/new\/index.php\/specialist-arii-protejate\/","title":{"rendered":"Specialist Arii Protejate"},"content":{"rendered":"<p><section class=\"kc-elm kc-css-416202 kc_row\"><div class=\"kc-row-container  kc-container\"><div class=\"kc-wrap-columns\"><div class=\"kc-elm kc-css-586904 kc_column kc_col-sm-12\"><div class=\"kc-col-container\"><div class=\"kc-elm kc-css-800873 kc_text_block\"><\/p>\n<p>\n<b>Fundatia ProPark si noua certificare SAP<span class=\"Apple-converted-space\">&nbsp;<\/span><\/b><\/p>\n<p>ProPark \u2013 Funda\u021bia pentru Arii Protejate este principalul furnizor de instruire pentru arii protejate \u0219i conservare \u00een Rom\u00e2nia, av\u00e2nd \u00een acela\u0219i timp un rol activ \u00een re\u021belele europene \u0219i mondiale care \u00ee\u0219i propun s\u0103 dezvolte capacitatea profesional\u0103 a celor ce lucreaz\u0103 \u00een arii protejate \u0219i conservare, implicit prin proiecte, consultan\u021b\u0103 \u0219i mentoring.<\/p>\n<p>Funda\u021bia ProPark a fost \u00eenfiin\u021bat\u0103 \u00een anul 2008 pentru a g\u0103si solu\u021bii la problemele legate de sistemul de arii protejate din Rom\u00e2nia \u0219i pentru a r\u0103spunde acestor provoc\u0103ri. Pe baza celor mai bune practici \u015fi a experien\u0163ei, promov\u0103m integrarea \u0219i crearea de re\u021bele, fundatia construieste si contribuie la dezvoltarea capacit\u0103\u0163ilor institu\u0163ionale c\u00e2t \u0219i a celor individuale, oferind sprijin \u015fi rolul de facilitatori, toate cu scopul de a forma re\u0163ele de profesioni\u015fti care s\u0103 promoveze cauza conserv\u0103rii naturii \u0219i s\u0103 \u00ee\u0219i aduc\u0103 aportul \u00een cel mai bun mod cu putin\u021b\u0103.<\/p>\n<p><b>In viziunea ProPark,<\/b> <i>Rom\u00e2nia are o re\u0163ea de Arii Protejate eficient\u0103, gestionat\u0103 de profesioni\u015fti competen\u021bi \u015fi dedica\u0163i, sprijini\u0163i de ProPark, organiza\u021bie de referin\u021b\u0103 \u00een formarea profesional\u0103 pentru managementul ariilor protejate din Europa de Est<\/i>. <b>Misiunea asumata este dedicata <\/b>beneficiului societ\u0103\u0163ii, vizind \u00eembun\u0103t\u0103\u0163irea competen\u021belor persoanelor direct sau indirect implicate \u00een managementul ariilor protejate, pentru a-i ajuta s\u0103 conserve mai bine patrimoniul natural \u015fi cultural. Acest lucru se va realiza prin activit\u0103\u021bi de preg\u0103tire profesional\u0103 de calitate, prin consiliere \u0219i sprijin tehnic oferit echipelor din arii protejate\u201d.<\/p>\n<p><b>ProPark crede<\/b> cu t\u0103rie \u00een rolul important al oamenilor cu \u00eenalt\u0103 calificare \u00een construirea viitorului \u00een jurul valorilor centrale reprezentate de Natur\u0103 \u015fi Cultur\u0103. ProPark are o echip\u0103 de oameni motiva\u0163i \u015fi entuzia\u015fti ce consider\u0103 c\u0103 ariile protejate sunt esen\u0163iale pentru a demonstra c\u0103 Natura ofer\u0103 r\u0103spunsuri la multe \u2013 dac\u0103 nu la cele mai multe \u2013 din problemele critice ale societ\u0103\u0163ii noastre moderne.<\/p>\n<p><b>Specialist Arii Protejate<\/b><\/p>\n<p>Programul de formare profesional\u0103 Specialist Arii Protejate este cel mai complex program de formare profesional\u0103 la nivel na\u021bional pentru arii protejate, un program de formare profesional\u0103 tip \u00eenv\u0103\u021bare mixt\u0103, o combina\u021bie de cursuri online (www.proparktraining.ro) \u0219i sesiuni de formare fa\u021b\u0103 \u00een fa\u021b\u0103 (60 ore) ce ofer\u0103 participan\u021bilor oportunitatea de a dob\u00e2ndi competen\u021be specifice pentru administrarea eficient\u0103 a ariilor naturale protejate, contribuind \u00een acest fel la promovarea acestora ca zone model pentru conservarea \u0219i utilizarea durabil\u0103 a resurselor naturale.<\/p>\n<p>12 formatori cu experien\u021b\u0103 practic\u0103 coordoneaz\u0103 \u00eenv\u0103\u021barea \u00een mediul online pe platforma <a href=\"http:\/\/www.proparktraining.ro\">www.proparktraining.ro<\/a>, un mediu inovativ de \u00eenv\u0103\u021bare, interactiv \u0219i adaptat la nevoile de \u00eenv\u0103\u021bare ale tuturor participan\u021bilor. &nbsp;Cele 60 ore fa\u021b\u0103 \u00een fa\u021b\u0103 sunt concentrate \u00een 10 zile intense de studiu, dezbateri, analiza studiilor de caz, exemple extrase din experien\u021ba trainerilor sau bunele practici na\u021bionale \u0219i globale legate de managementul ariilor protejate, lucru \u00een echip\u0103 \u0219i elaborarea unui proiect de gestionare a unei arii protejate.<span class=\"Apple-converted-space\">&nbsp;<\/span><\/p>\n<p>Programul ofer\u0103 participan\u021bilor oportunitatea de a-\u0219i dezvolta competen\u021bele pentru a sus\u021bine cu succes examenul final, dar mai ales pentru transferul conceptelor abordate \u00een curs \u00een scenarii din via\u021ba real\u0103 \u0219i gestionarea eficient\u0103 a ariilor protejate.<\/p>\n<p>Absolven\u021bii programului primesc certificat de absolvire eliberat de Ministerul Muncii, Familiei, Protec\u021biei Sociale \u0219i Persoanelor V\u00e2rstnice \u0219i Ministerul Educa\u021biei Na\u021bionale (pentru ocupa\u021bia Specialist Arii Protejate, cod COR 213306).<span class=\"Apple-converted-space\">&nbsp;<\/span><\/p>\n<p>La ora actual\u0103 \u00een Rom\u00e2nia exist\u0103 63 persoane certificate la nivel na\u021bional \u00een ocupa\u021bia \u201dSpecialist Arii Protejate\u201d. Contactele acestora sunt disponibile aici: <a href=\"http:\/\/www.proparktraining.ro\/static\/contacte-sap-national.html\">http:\/\/www.proparktraining.ro\/static\/contacte-sap-national.html<\/a><\/p>\n<p>Cursurile on-line oferite de <b>ProPark<\/b> pentru studentii de la programul de master, ce doresc sa devina si <b>SAP<\/b> sunt: &nbsp;Rela\u021bia cu comunit\u0103\u021bile \u00een arii protejate, Comunicare- elemente de baz\u0103, Legisla\u021bie pentru arii protejate, Comunicare- elemente de baz\u0103, Oportunit\u0103\u021bi de finan\u021bare \u00een arii protejate, Arii Protejate- elemente de baz\u0103, Planificarea strategic\u0103 pentru managementul durabil al resurselor naturale .<\/p>\n<p>\n<\/div><\/div><\/div><\/div><\/div><\/section><section class=\"kc-elm kc_row\"><div class=\"kc-row-container  kc-container\"><div class=\"kc-wrap-columns\"><div class=\"kc-elm kc_col-sm-5 kc_column kc_col-sm-5\"><div class=\"kc-col-container\"><div class=\"kc_shortcode kc_single_image \"><img decoding=\"async\" src=\"https:\/\/www.hateggeoparc.ro\/new\/wp-content\/uploads\/2020\/05\/specialist-arii-protejate-in-text.jpg\" class=\"\" alt=\"\" \/><\/div><\/div><\/div><div class=\"kc-elm kc-css-411009 kc_col-sm-7 kc_column kc_col-sm-7\"><div class=\"kc-col-container\"><div class=\"kc-elm kc-css-135320 kc_text_block\"><\/p>\n<p>Pentru completarea form\u0103rii \u0219i ob\u021binerea certific\u0103rii SAP, cursan\u021bi<br \/>vor urma un modul intensiv, de dou\u0103 s\u0103pt\u0103m\u00e2ni, \u00eentr-o arie protejat\u0103, \u00een<br \/> iunie, 2017, cu urm\u0103toarea tematic\u0103:<\/p>\n<p><b>Comunicare pentru arii protejate <\/b>\/ Coordonator Alina Alexa<\/p>\n<p><b>Managementul opera\u021bional al ariilor protejate <\/b>\/ Coordonator Tiberiu Chiriches<\/p>\n<p><b>Managementul conserv\u0103rii biodiversit\u0103\u021bii <\/b>\/ Coordonator Zoltan Szabo<\/p>\n<p><b>Rela\u021bia cu comunit\u0103\u021bile <\/b>\/ Coordonator Alina Ionita<\/p>\n<p><b>Monitorizarea eficien\u021bei managementului ariilor protejate<\/b> \/ Coordonator Tiberiu Chiriches<\/p>\n<p><b>Legisla\u021bie pentru arii protejate <\/b>\/ Coordonator Mihai Togor<\/p>\n<p><b>Tehnici de interpretare a naturii <\/b>\/ Coordonator Bogdan Papuc<\/p>\n<p><b>Educa\u021bie pentru natur\u0103 <\/b>\/ Coordonator Horatiu Popa<\/p>\n<p><b>Managementul voluntarilor \u00een arii protejate <\/b>\/ Coordonator Laura Istrate<\/p>\n<p><b>Ecoturism &nbsp;\u0219i managementul vizitatorilor <\/b>\/ Coordonator Andrei Blumer<\/p>\n<p>\n<\/div><\/div><\/div><\/div><\/div><\/section><\/p>\n","protected":false},"excerpt":{"rendered":"","protected":false},"author":1,"featured_media":0,"parent":0,"menu_order":0,"comment_status":"closed","ping_status":"closed","template":"","meta":{"_seopress_robots_primary_cat":"","_seopress_titles_title":"","_seopress_titles_desc":"","_seopress_robots_index":"","footnotes":""},"class_list":["post-12324","page","type-page","status-publish","hentry"],"_links":{"self":[{"href":"https:\/\/www.hateggeoparc.ro\/new\/index.php\/wp-json\/wp\/v2\/pages\/12324","targetHints":{"allow":["GET"]}}],"collection":[{"href":"https:\/\/www.hateggeoparc.ro\/new\/index.php\/wp-json\/wp\/v2\/pages"}],"about":[{"href":"https:\/\/www.hateggeoparc.ro\/new\/index.php\/wp-json\/wp\/v2\/types\/page"}],"author":[{"embeddable":true,"href":"https:\/\/www.hateggeoparc.ro\/new\/index.php\/wp-json\/wp\/v2\/users\/1"}],"replies":[{"embeddable":true,"href":"https:\/\/www.hateggeoparc.ro\/new\/index.php\/wp-json\/wp\/v2\/comments?post=12324"}],"version-history":[{"count":18,"href":"https:\/\/www.hateggeoparc.ro\/new\/index.php\/wp-json\/wp\/v2\/pages\/12324\/revisions"}],"predecessor-version":[{"id":13914,"href":"https:\/\/www.hateggeoparc.ro\/new\/index.php\/wp-json\/wp\/v2\/pages\/12324\/revisions\/13914"}],"wp:attachment":[{"href":"https:\/\/www.hateggeoparc.ro\/new\/index.php\/wp-json\/wp\/v2\/media?parent=12324"}],"curies":[{"name":"wp","href":"https:\/\/api.w.org\/{rel}","templated":true}]}}