{"id":12329,"date":"2020-01-23T17:35:28","date_gmt":"2020-01-23T17:35:28","guid":{"rendered":"http:\/\/www.hateggeoparc.ro\/new\/?page_id=12329"},"modified":"2020-06-21T13:43:13","modified_gmt":"2020-06-21T13:43:13","slug":"evs-european-virtual-seminar","status":"publish","type":"page","link":"https:\/\/www.hateggeoparc.ro\/new\/index.php\/evs-european-virtual-seminar\/","title":{"rendered":"EVS- European Virtual Seminar"},"content":{"rendered":"<p><section class=\"kc-elm kc-css-214876 kc_row\"><div class=\"kc-row-container  kc-container\"><div class=\"kc-wrap-columns\"><div class=\"kc-elm kc-css-972324 kc_column kc_col-sm-12\"><div class=\"kc-col-container\"><div class=\"kc-elm kc-css-795076 kc_text_block\"><\/p>\n<p>\nEVS reprezint\u0103 o oportunitate pentru \u00eenv\u0103\u021barea de nivel post-universitar, de tip e-learning, un schimb de experien\u021b\u0103 \u0219i comunicare transfrontalier\u0103 folosind metode moderne TIC. Este un model de re\u021bea universitar\u0103 \u00een care Universit\u0103\u021bile partenere \u00ee\u0219i aduc aportul de experien\u021b\u0103 \u0219i resurse \u00een domeniul dezvolt\u0103rii durabile.<\/p>\n<p>Platforma online EVS creaz\u0103 o punte \u0219i \u00eencurajeaz\u0103 interac\u021biunea \u00eentre profesorii \u0219i studen\u021bii din 8 Universit\u0103\u021bi partenere \u0219i demonstreaz\u0103 ca mediul de \u00eenv\u0103\u021bare nu are limite.<span class=\"Apple-converted-space\">&nbsp;<\/span><\/p>\n<p>EVS este o comunitate de \u00eenv\u0103\u021bare pentru studen\u021bi complet separa\u021bi geografic, cu un con\u021binut educa\u021bional actual, autentic, bazat pe nevoile societ\u0103\u021bii noastre, realizat cu metode noi ce \u021bin de tehnologia informa\u021biei, ceea ce faciliteaz\u0103 comunicarea \u0219i interac\u021biunea la nivel interna\u021bional \u00eentre studen\u021bi.<\/p>\n<p>Tema principal\u0103 de care se leag\u0103 toate studiile de caz aferente seminarului, este dezvoltarea durabil\u0103 \u00een Europa. Problemele ce \u021bin de dezvoltare durabil\u0103 de obicei sunt deosebit de complexe \u0219i solu\u021biile posibile difer\u0103 de la specificul unei \u021b\u0103ri la al alteia, \u00een func\u021bie de trecutul cultural \u0219i social. Competen\u021bele transfrontaliere, capacitatea de a comunica \u0219i a colabora mai departe de grani\u021bele unei \u021b\u0103ri, a unei culturi, un schimb de experien\u021b\u0103 \u0219i expertiz\u0103, ofer\u0103 variante pentru o dezvoltare durabil\u0103 eficient\u0103.<\/p>\n<p>\u00cen cadrul EVS, studen\u021bii cu background diferit lucreaz\u0103 \u00een echipe interdisciplinare de 5-6 studen\u021bi din \u021b\u0103ri diferite \u0219i colaboreaz\u0103 pentru a realiza un proiect de cercetare despre un studiu de caz ales anterior din domeniul dezvolt\u0103rii durabile. Provocarea const\u0103 \u00een g\u0103sirea unei bune comunic\u0103ri, punerea \u00een comun a ideilor tuturor membrilor echipei care vin din culturi diferite \u0219i au experien\u021be \u0219i v\u00e2rste diferite, pentru a ajunge la un rezultat omogen \u00een privinta cercet\u0103rii \u0219i realiz\u0103rii proiectului final.<\/p>\n<p>Procesul de \u00eenv\u0103\u021bare difer\u0103 mult fa\u021b\u0103 de metodele clasice, \u00eentruc\u00e2t nu exist\u0103 lec\u021bii predate, studen\u021bii lucreaz\u0103 \u00een echipe interna\u021bionale \u0219i multidisciplinare, fac schimb de materiale, date, informa\u021bii, dar nu se pot \u00eent\u00e2lni fa\u021b\u0103 \u00een fa\u021b\u0103, ceea ce cre\u0219te dificultatea colabor\u0103rii \u0219i a tuturor proceselor sociale dezvoltate \u00een cadrul unor echipe de lucru. Toat\u0103 interac\u021biunea are loc online, ei stabilindu-\u0219i c\u00e2teva \u00eent\u00e2lniri Skype pentru dezbateri. Echipele beneficiaz\u0103 de sus\u021binerea unui tutore \u0219i a unui coordonator din partea Universit\u0103\u021bilor partenere.<\/p>\n<p>Seminarul se desf\u0103\u0219oar\u0103 pe parcursul a 16 s\u0103pt\u0103m\u00e2ni, este un curs atipic, mai lung decat toate celelalte,<span class=\"Apple-converted-space\">&nbsp; <\/span>pentru a oferi condi\u021bii favorabile studen\u021bilor pentru participarea activ\u0103 la acest mediu virtual de inv\u0103\u021bare. Trebuie luat \u00een calcul c\u0103 acest seminar presupune o cercetare serioas\u0103 asupra problemelor de dezvoltare durabil\u0103 din cadrul fiec\u0103rui studiu de caz, colaborare \u00een punerea \u00een comun a ideilor membrilor echipelor, \u00een condi\u021biile \u00een care studen\u021bii trebuie s\u0103 \u00ee\u0219i urmeze \u0219i programul obi\u0219nuit al facult\u0103\u021bilor. Pentru a spriji acest nou tip de \u00eenv\u0103\u021bare, seminarul este \u00eemp\u0103r\u021bit dup\u0103 cum urmeaz\u0103:<\/p>\n<ol>\n<li>Orientare \u0219i alegerea temelor (2 s\u0103pt\u0103m\u00e2ni)<\/li>\n<li>Crearea \u0219i consolidarea echipelor (2 s\u0103pt\u0103m\u00e2ni)<\/li>\n<li>Scrierea propunerii de proiect pentru fiecare echip\u0103 (4 s\u0103pt\u0103m\u00e2ni)<\/li>\n<li>Cercetarea asupra studiului de caz \u0219i scrierea raportului de cercetare (8 s\u0103pt\u0103m\u00e2ni)<\/li>\n<\/ol>\n<p>Studiile de caz: DEC- Decoupling of Environmental Pressure from Quality of Life, GEO-Geoconservation in Hateg Country Dinosaur Geopark, NAT-Innovation in European Nature Conservation Policy, UCA-Urban Climate Adaptation.<\/p>\n<p>Studen\u021bii trebuie s\u0103 lucreze aproximativ 120 de ore (8-10 ore\/s\u0103pt\u0103m\u00e2n\u0103).<\/p>\n<p>Dup\u0103 absolvirea cursului, pentru care studen\u021bii primesc o diploma<br \/>\nseparat\u0103 de cea de absolvire a programului de master\/post-universitar,<br \/>\nace\u0219tia ar trebui s\u0103 poat\u0103:<\/p>\n<ul>\n<li>Descrie \u0219i poate utiliza conceptul de dezvoltare durabil\u0103;<\/li>\n<li>Analiza probleme de dezvoltare durabil\u0103 dintr-o perspectiv\u0103 european\u0103;<\/li>\n<li>Conecta probleme de politici locale, na\u021bionale \u0219i europene la o<br \/>\nschimbare a societ\u0103\u021bii sau la o tranzi\u021bie c\u0103tre dezvoltare durabil\u0103;<\/li>\n<li>Coopera cu studen\u021bi de diferite na\u021bionalit\u0103\u021bi \u0219i din medii culturale \u0219i disciplinare diferite;<\/li>\n<li>Integra diferite viziuni culturale \u0219i disciplinare legate de probleme de sustenabilitate<span class=\"Apple-converted-space\">&nbsp; <\/span>\u0219i<br \/>\n s\u0103 vin\u0103, ca grup, cu o defini\u021bie mai dezvoltat\u0103 a problemei \u0219i de<br \/>\nasemenea o propunere pentru rezolvarea problemei identificate;<\/li>\n<li>Utiliza sistemul de conferin\u021b\u0103 virtual\u0103\/pe calculator\/online eficient pentru a \u00eenv\u0103\u021ba \u0219i a colabora.<\/li>\n<\/ul>\n<p>\n<\/div><\/div><\/div><\/div><\/div><\/section><section class=\"kc-elm kc_row\"><div class=\"kc-row-container  kc-container\"><div class=\"kc-wrap-columns\"><div class=\"kc-elm kc_col-sm-5 kc_column kc_col-sm-5\"><div class=\"kc-col-container\"><div class=\"kc_shortcode kc_single_image \"><img decoding=\"async\" src=\"https:\/\/www.hateggeoparc.ro\/new\/wp-content\/uploads\/2020\/05\/EVS-in-text-scaled-e1592745573423.jpg\" class=\"\" alt=\"\" \/><\/div><\/div><\/div><div class=\"kc-elm kc-css-445981 kc_col-sm-7 kc_column kc_col-sm-7\"><div class=\"kc-col-container\"><div class=\"kc-elm kc-css-129346 kc_text_block\"><\/p>\n<p><span class=\"Apple-converted-space\">&nbsp;<\/span>Universit\u0103\u021bi partenere:<span class=\"Apple-converted-space\">&nbsp;<\/span><\/p>\n<ul>\n<li>Open University of the Netherlands (EVS coordinator):&nbsp;<a href=\"mailto:joop.dekraker@ou.nl\">Joop de Kraker<\/a>&nbsp;<span class=\"Apple-converted-space\">&nbsp;<\/span><\/li>\n<li>Carl von Ossietzky Universit\u00e4t Oldenburg: Thomas Klenke<span class=\"Apple-converted-space\">&nbsp;<\/span><\/li>\n<li>Charles University in Prague: <a href=\"mailto:laura.machackova.henderson@czp.cuni.cz\">Laura Machackova Henderson<\/a><span class=\"Apple-converted-space\">&nbsp;<\/span><\/li>\n<li>Universidade Aberta: <a href=\"mailto:scaeiro@univ-ab.pt\">Sandra Caeiro<\/a><span class=\"Apple-converted-space\">&nbsp;<\/span><\/li>\n<li>University of Antwerp: <a href=\"mailto:monique.sys@uantwerpen.be\">Monique Sys<\/a><span class=\"Apple-converted-space\">&nbsp;<\/span><\/li>\n<li>University of Bucharest: <a href=\"mailto:aalex@geo.edu.ro\">Alexandru Andrasanu<\/a><span class=\"Apple-converted-space\">&nbsp;<\/span><\/li>\n<li>University of Maribor: <a href=\"mailto:majda.krajnc@um.si\">Majda Krajnc<\/a><span class=\"Apple-converted-space\">&nbsp;<\/span><\/li>\n<li>University of the Aegean: <a href=\"mailto:iosif@aegean.gr\">Iosif Botetzagias<\/a><\/li>\n<\/ul>\n<p>\n<\/div><\/div><\/div><\/div><\/div><\/section><\/p>\n","protected":false},"excerpt":{"rendered":"","protected":false},"author":1,"featured_media":0,"parent":0,"menu_order":0,"comment_status":"closed","ping_status":"closed","template":"","meta":{"_seopress_robots_primary_cat":"","_seopress_titles_title":"","_seopress_titles_desc":"","_seopress_robots_index":"","footnotes":""},"class_list":["post-12329","page","type-page","status-publish","hentry"],"_links":{"self":[{"href":"https:\/\/www.hateggeoparc.ro\/new\/index.php\/wp-json\/wp\/v2\/pages\/12329","targetHints":{"allow":["GET"]}}],"collection":[{"href":"https:\/\/www.hateggeoparc.ro\/new\/index.php\/wp-json\/wp\/v2\/pages"}],"about":[{"href":"https:\/\/www.hateggeoparc.ro\/new\/index.php\/wp-json\/wp\/v2\/types\/page"}],"author":[{"embeddable":true,"href":"https:\/\/www.hateggeoparc.ro\/new\/index.php\/wp-json\/wp\/v2\/users\/1"}],"replies":[{"embeddable":true,"href":"https:\/\/www.hateggeoparc.ro\/new\/index.php\/wp-json\/wp\/v2\/comments?post=12329"}],"version-history":[{"count":12,"href":"https:\/\/www.hateggeoparc.ro\/new\/index.php\/wp-json\/wp\/v2\/pages\/12329\/revisions"}],"predecessor-version":[{"id":13918,"href":"https:\/\/www.hateggeoparc.ro\/new\/index.php\/wp-json\/wp\/v2\/pages\/12329\/revisions\/13918"}],"wp:attachment":[{"href":"https:\/\/www.hateggeoparc.ro\/new\/index.php\/wp-json\/wp\/v2\/media?parent=12329"}],"curies":[{"name":"wp","href":"https:\/\/api.w.org\/{rel}","templated":true}]}}