{"id":12364,"date":"2020-01-23T18:21:01","date_gmt":"2020-01-23T18:21:01","guid":{"rendered":"http:\/\/www.hateggeoparc.ro\/new\/?page_id=12364"},"modified":"2020-05-29T09:41:51","modified_gmt":"2020-05-29T09:41:51","slug":"proiectul-erasmus-geotur","status":"publish","type":"page","link":"https:\/\/www.hateggeoparc.ro\/new\/index.php\/proiectul-erasmus-geotur\/","title":{"rendered":"Proiectul Erasmus+ GEOTUR"},"content":{"rendered":"<section class=\"kc-elm kc-css-502935 kc_row\"><div class=\"kc-row-container  kc-container\"><div class=\"kc-wrap-columns\"><div class=\"kc-elm kc-css-13707 kc_column kc_col-sm-12\"><div class=\"kc-col-container\"><div class=\"kc-elm kc-css-113553 kc_text_block\"><\/p>\n<p>\nGeoparcul Interna\u021bional UNESCO \u021aara Ha\u021begului este studiu de caz \u00een proiectul interna\u021bional GEOTUR, derulat de Universitatea din Bucure\u0219ti \u00een calitate de partener.<\/p>\n<p>GEOTUR este primul proiect interna\u021bional Erasmus+ de formare profesional\u0103 a unor ghizi \u00een geoturism pentru geoparcuri \u0219i alte arii naturale protejate.<\/p>\n<p>Proiectul propune dezvoltarea unui pachet de formare profesional\u0103 pentru ghizi \u00een geoturism \u0219i speologie. Materialele realizate \u00een cadrul proiectului vor fi disponibile online, \u00een sistem e-learning \u0219i vor fi dedicate interpret\u0103rii patrimoniului geologic. De asemenea, sunt dezvoltate ghiduri suport pentru cei care doresc s\u0103 dezvolte noi afaceri \u00een servicii de asisten\u021b\u0103 \u0219i ghidaj pentru turi\u0219ti \u0219i vizitatori \u0219i \u00een proiectarea unor itinerarii geoturistice legate de situri de interes geologic. Competen\u021bele dezvoltate vor avea la baz\u0103 criteriile codului european al calific\u0103rilor \u0219i ocupa\u021biilor \u0219i vor fi recunoscute prin Sistemul european de credite pentru educa\u021bie \u0219i formare profesional\u0103 (ECVET).<\/p>\n<p>Proiectul GEOTUR este co \u2013 finan\u021bat prin programul Erasmus+, ac\u021biunea cheie 2, ce vizeaz\u0103 parteneriate strategice \u00een domeniul form\u0103rii profesionale (KA202). \u00cen proiect sunt implicate 6 institu\u021bii \u0219i geoparcuri reprezent\u00e2nd Spania, Italia, Ungaria, Slovacia \u0219i Rom\u00e2nia \u0219i este coordonat de Asociaci\u00f3n Grupo para el Desarrollo Rural de la Subb\u00e9tica Cordobesa (GDR Subb\u00e9tica), din Spania.<\/p>\n<p>Mai multe detalii despre proiect sunt disponibile aici: https:\/\/geotur.gruposubbetica.com\/<\/p>\n<p>\n<\/div><div class=\"kc-image-gallery kc-elm kc-css-277472\">\n<div class=\"kc_image_gallery kc-carousel-image kc-grid \">\n<div class=\"item-grid grid-3\"><img decoding=\"async\" src=\"https:\/\/www.hateggeoparc.ro\/new\/wp-content\/uploads\/2020\/05\/geotur.jpg\" alt=\"\"\/><\/div><div class=\"item-grid grid-3\"><img decoding=\"async\" src=\"https:\/\/www.hateggeoparc.ro\/new\/wp-content\/uploads\/2020\/05\/miners2.jpg\" alt=\"\"\/><\/div><div class=\"item-grid grid-3\"><img decoding=\"async\" src=\"https:\/\/www.hateggeoparc.ro\/new\/wp-content\/uploads\/2020\/05\/meeting2.jpg\" alt=\"\"\/><\/div><\/div>\n<\/div><\/div><\/div><\/div><\/div><\/section>\n","protected":false},"excerpt":{"rendered":"","protected":false},"author":1,"featured_media":0,"parent":0,"menu_order":0,"comment_status":"closed","ping_status":"closed","template":"","meta":{"_seopress_robots_primary_cat":"","_seopress_titles_title":"","_seopress_titles_desc":"","_seopress_robots_index":"","footnotes":""},"class_list":["post-12364","page","type-page","status-publish","hentry"],"_links":{"self":[{"href":"https:\/\/www.hateggeoparc.ro\/new\/index.php\/wp-json\/wp\/v2\/pages\/12364","targetHints":{"allow":["GET"]}}],"collection":[{"href":"https:\/\/www.hateggeoparc.ro\/new\/index.php\/wp-json\/wp\/v2\/pages"}],"about":[{"href":"https:\/\/www.hateggeoparc.ro\/new\/index.php\/wp-json\/wp\/v2\/types\/page"}],"author":[{"embeddable":true,"href":"https:\/\/www.hateggeoparc.ro\/new\/index.php\/wp-json\/wp\/v2\/users\/1"}],"replies":[{"embeddable":true,"href":"https:\/\/www.hateggeoparc.ro\/new\/index.php\/wp-json\/wp\/v2\/comments?post=12364"}],"version-history":[{"count":4,"href":"https:\/\/www.hateggeoparc.ro\/new\/index.php\/wp-json\/wp\/v2\/pages\/12364\/revisions"}],"predecessor-version":[{"id":13125,"href":"https:\/\/www.hateggeoparc.ro\/new\/index.php\/wp-json\/wp\/v2\/pages\/12364\/revisions\/13125"}],"wp:attachment":[{"href":"https:\/\/www.hateggeoparc.ro\/new\/index.php\/wp-json\/wp\/v2\/media?parent=12364"}],"curies":[{"name":"wp","href":"https:\/\/api.w.org\/{rel}","templated":true}]}}