{"id":14348,"date":"2022-02-02T11:20:48","date_gmt":"2022-02-02T11:20:48","guid":{"rendered":"https:\/\/www.hateggeoparc.ro\/new\/?page_id=14348"},"modified":"2022-04-01T09:44:41","modified_gmt":"2022-04-01T09:44:41","slug":"cum-ajung","status":"publish","type":"page","link":"https:\/\/www.hateggeoparc.ro\/new\/index.php\/cum-ajung\/","title":{"rendered":"Cum ajung?"},"content":{"rendered":"<p>&nbsp;<\/p>\n<p>&nbsp;<\/p>\n<p>&nbsp;<\/p>\n<p><img loading=\"lazy\" decoding=\"async\" class=\"size-full wp-image-14367 alignleft\" src=\"https:\/\/www.hateggeoparc.ro\/new\/wp-content\/uploads\/2022\/02\/1rail-15-1.png\" alt=\"\" width=\"150\" height=\"150\" srcset=\"https:\/\/www.hateggeoparc.ro\/new\/wp-content\/uploads\/2022\/02\/1rail-15-1.png 150w, https:\/\/www.hateggeoparc.ro\/new\/wp-content\/uploads\/2022\/02\/1rail-15-1-85x85.png 85w\" sizes=\"auto, (max-width: 150px) 100vw, 150px\" \/> <img loading=\"lazy\" decoding=\"async\" class=\"size-medium wp-image-14368 alignright\" src=\"https:\/\/www.hateggeoparc.ro\/new\/wp-content\/uploads\/2022\/02\/1bus1503513098-1.png\" alt=\"\" width=\"150\" height=\"150\" srcset=\"https:\/\/www.hateggeoparc.ro\/new\/wp-content\/uploads\/2022\/02\/1bus1503513098-1.png 150w, https:\/\/www.hateggeoparc.ro\/new\/wp-content\/uploads\/2022\/02\/1bus1503513098-1-85x85.png 85w\" sizes=\"auto, (max-width: 150px) 100vw, 150px\" \/><\/p>\n<p>&nbsp;<\/p>\n<h2><\/h2>\n<h2><\/h2>\n<h2>\u00a0 \u00a0 \u00a0 \u00a0 \u00a0 \u00a0 \u00a0 \u00a0 \u00a0 \u00a0 \u00a0 Cum ajung \u00een geoparc?<\/h2>\n<h2><\/h2>\n<p>&nbsp;<\/p>\n<p>&nbsp;<\/p>\n<p>Vizitatorii din <strong>Bucure\u0219ti<\/strong> pot ajunge la geoparc, \u00een ora\u0219ul Ha\u021beg cu <strong><a href=\"https:\/\/www.autogari.ro\/Transport\/Bucuresti-Hateg\">autocarul<\/a><\/strong> sau\u00a0cu<strong> <a href=\"https:\/\/mersultrenurilor.infofer.ro\/ro-RO\/Rute-trenuri\/Bucuresti-Nord\/Subcetate\">trenul<\/a><\/strong> \u00een aproximativ 8 ore.<\/p>\n<p>Vizitatorii din <strong>Sibiu<\/strong> \u00een aproximativ 2 ore \u0219i jum\u0103tate pot fi la geoparc cu <strong><a href=\"https:\/\/www.autogari.ro\/Transport\/Sibiu-Hateg\">autocarul<\/a><\/strong>.<\/p>\n<p>Dup\u0103 aproximativ 3 ore cu <a href=\"https:\/\/www.mersulautobuzelor.ro\/curse\/timisoara-hateg\"><strong>autocarul<\/strong><\/a>, vizitatorii din <strong>Timi\u0219oara<\/strong> ajung la geoparc.<\/p>\n<p>Pentru vizitatorii de pe <strong>Valea Jiului,<\/strong> <a href=\"https:\/\/www.zmk.ro\"><strong>ZMK Valea Jiului<\/strong><\/a> ofer\u0103 rute folositoare.<\/p>\n<p>Pentru transportul <strong>local<\/strong> v\u0103 rug\u0103m s\u0103 consulta\u021bi listele publicate de Consiliul Jude\u021bean Hunedoara:<\/p>\n<p><a href=\"https:\/\/www.hateggeoparc.ro\/new\/wp-content\/uploads\/2022\/02\/Mersul-transportului-public-local-1.pdf\">Mersul transportului public local<\/a><\/p>\n<p><a href=\"https:\/\/www.hateggeoparc.ro\/new\/wp-content\/uploads\/2022\/02\/Statii-locale-imbarcare-transport-public-local.pdf\">Statii locale imbarcare transport public local<\/a><\/p>\n","protected":false},"excerpt":{"rendered":"<p>&nbsp; &nbsp; &nbsp; &nbsp; \u00a0 \u00a0 \u00a0 \u00a0 \u00a0 \u00a0 \u00a0 \u00a0 \u00a0 \u00a0 \u00a0 Cum ajung \u00een geoparc? &nbsp; &nbsp; Vizitatorii din Bucure\u0219ti pot ajunge la geoparc, \u00een ora\u0219ul &hellip; <a href=\"https:\/\/www.hateggeoparc.ro\/new\/index.php\/cum-ajung\/\" class=\"more-link\">Continue reading <span class=\"screen-reader-text\">Cum ajung?<\/span> <span class=\"meta-nav\">&rarr;<\/span><\/a><\/p>\n","protected":false},"author":2,"featured_media":0,"parent":0,"menu_order":0,"comment_status":"closed","ping_status":"closed","template":"","meta":{"_seopress_robots_primary_cat":"","_seopress_titles_title":"","_seopress_titles_desc":"","_seopress_robots_index":"","footnotes":""},"class_list":["post-14348","page","type-page","status-publish","hentry"],"_links":{"self":[{"href":"https:\/\/www.hateggeoparc.ro\/new\/index.php\/wp-json\/wp\/v2\/pages\/14348","targetHints":{"allow":["GET"]}}],"collection":[{"href":"https:\/\/www.hateggeoparc.ro\/new\/index.php\/wp-json\/wp\/v2\/pages"}],"about":[{"href":"https:\/\/www.hateggeoparc.ro\/new\/index.php\/wp-json\/wp\/v2\/types\/page"}],"author":[{"embeddable":true,"href":"https:\/\/www.hateggeoparc.ro\/new\/index.php\/wp-json\/wp\/v2\/users\/2"}],"replies":[{"embeddable":true,"href":"https:\/\/www.hateggeoparc.ro\/new\/index.php\/wp-json\/wp\/v2\/comments?post=14348"}],"version-history":[{"count":12,"href":"https:\/\/www.hateggeoparc.ro\/new\/index.php\/wp-json\/wp\/v2\/pages\/14348\/revisions"}],"predecessor-version":[{"id":14536,"href":"https:\/\/www.hateggeoparc.ro\/new\/index.php\/wp-json\/wp\/v2\/pages\/14348\/revisions\/14536"}],"wp:attachment":[{"href":"https:\/\/www.hateggeoparc.ro\/new\/index.php\/wp-json\/wp\/v2\/media?parent=14348"}],"curies":[{"name":"wp","href":"https:\/\/api.w.org\/{rel}","templated":true}]}}