{"id":14457,"date":"2022-03-31T15:54:08","date_gmt":"2022-03-31T15:54:08","guid":{"rendered":"https:\/\/www.hateggeoparc.ro\/new\/?page_id=14457"},"modified":"2022-04-01T18:28:43","modified_gmt":"2022-04-01T18:28:43","slug":"communities","status":"publish","type":"page","link":"https:\/\/www.hateggeoparc.ro\/new\/index.php\/en\/communities\/","title":{"rendered":"Communities"},"content":{"rendered":"<p><section class=\"kc-elm kc-css-157835 kc_row\"><div class=\"kc-row-container  kc-container\"><div class=\"kc-wrap-columns\"><div class=\"kc-elm kc-css-365056 kc_col-sm-12 kc_column kc_col-sm-12\"><div class=\"kc-col-container\"><div class=\"kc-elm kc-css-742138 kc_row kc_row_inner\"><div class=\"kc-elm kc-css-600834 kc_col-sm-12 kc_column_inner kc_col-sm-12\"><div class=\"kc_wrapper kc-col-inner-container\"><div class=\"kc-elm kc-css-945608 kc_row kc_row_inner\"><div class=\"kc-elm kc-css-712269 kc_col-sm-12 kc_column_inner kc_col-sm-12\"><div class=\"kc_wrapper kc-col-inner-container\">\n<div class=\"element-block-heading style-default\">\n\t<div class=\"wrapper\">\n\t\t<div class=\"inner\">\n\t\t\t\n\t\t\t\t\t\t<h2 class=\"heading\">Communities<\/h2>\n\t\t\t\t\t\t\n\t\t\t\t\t<\/div>\n\t<\/div>\n<\/div><div class=\"kc-elm kc-css-88132\" style=\"height: 36px; clear: both; width:100%;\"><\/div><div class=\"kc-elm kc-css-824259 kc_text_block\"><\/p>\n<p style=\"font-weight: 400;\">The Geopark territory is an area that had experienced a plethora of social unrest in ancient times, in the Middle Ages, but also in its recent history. Traditional ethnic, religious and administrative communities were formed, disintegrated and reshaped. Each of these is important in its own way. Currently, the residents of Ha\u021beg and those of each of the municipalities in Geopark, individually, represent the most well defined local communities in this territory.<\/p>\n<p>\n<\/div><div class=\"kc-elm kc-css-956244\" style=\"height: 36px; clear: both; width:100%;\"><\/div><\/div><\/div><\/div><\/div><\/div><\/div><\/div><\/div><\/div><\/div><\/section><section class=\"kc-elm kc-css-608810 kc_row\"><div class=\"kc-row-container  kc-container\"><div class=\"kc-wrap-columns\"><div class=\"kc-elm kc-css-539960 kc_col-sm-4 kc_column kc_col-sm-4\"><div class=\"kc-col-container\"><div class=\"kc_shortcode kc_single_image effect-default\"><a  href=\"https:\/\/www.hateggeoparc.ro\/new\/wp-content\/uploads\/2020\/01\/1.-Hateg.jpg\" title=\"\" target=\"\"><img decoding=\"async\" src=\"https:\/\/www.hateggeoparc.ro\/new\/wp-content\/uploads\/2020\/01\/1.-Hateg.jpg\" class=\"\" alt=\"\" \/><\/a><\/div>\n<div class=\"kc-elm kc-css-919921 kc-title-wrap \">\n\n\t<h3 class=\"kc_title\">Ha\u021beg Town<\/h3>\n<\/div>\n<\/div><\/div><div class=\"kc-elm kc-css-350879 kc_col-sm-4 kc_column kc_col-sm-4\"><div class=\"kc-col-container\"><div class=\"kc_shortcode kc_single_image effect-default\"><a  href=\"https:\/\/www.hateggeoparc.ro\/new\/wp-content\/uploads\/2020\/01\/2.-Baru.jpg\" title=\"\" target=\"\"><img decoding=\"async\" src=\"https:\/\/www.hateggeoparc.ro\/new\/wp-content\/uploads\/2020\/01\/2.-Baru.jpg\" class=\"\" alt=\"\" \/><\/a><\/div>\n<div class=\"kc-elm kc-css-126619 kc-title-wrap \">\n\n\t<h3 class=\"kc_title\">Baru Commune<\/h3>\n<\/div>\n<\/div><\/div><div class=\"kc-elm kc-css-648991 kc_col-sm-4 kc_column kc_col-sm-4\"><div class=\"kc-col-container\"><div class=\"kc_shortcode kc_single_image effect-default\"><a  href=\"https:\/\/www.hateggeoparc.ro\/new\/wp-content\/uploads\/2020\/05\/3.-bretea-romana-1.jpg\" title=\"\" target=\"\"><img decoding=\"async\" src=\"https:\/\/www.hateggeoparc.ro\/new\/wp-content\/uploads\/2020\/05\/3.-bretea-romana-1.jpg\" class=\"\" alt=\"\" \/><\/a><\/div>\n<div class=\"kc-elm kc-css-12297 kc-title-wrap \">\n\n\t<h3 class=\"kc_title\">Bretea Rom\u00e2n\u0103 Commune<\/h3>\n<\/div>\n<\/div><\/div><\/div><\/div><\/section><section class=\"kc-elm kc-css-303173 kc_row\"><div class=\"kc-row-container  kc-container\"><div class=\"kc-wrap-columns\"><div class=\"kc-elm kc-css-394839 kc_col-sm-12 kc_column kc_col-sm-12\"><div class=\"kc-col-container\"><div class=\"kc-elm kc-css-520870\" style=\"height: 36px; clear: both; width:100%;\"><\/div><\/div><\/div><\/div><\/div><\/section><section class=\"kc-elm kc-css-522257 kc_row\"><div class=\"kc-row-container  kc-container\"><div class=\"kc-wrap-columns\"><div class=\"kc-elm kc-css-586820 kc_col-sm-4 kc_column kc_col-sm-4\"><div class=\"kc-col-container\"><div class=\"kc_shortcode kc_single_image effect-default\"><a  href=\"https:\/\/www.hateggeoparc.ro\/new\/wp-content\/uploads\/2020\/01\/4.-densus.jpg\" title=\"\" target=\"\"><img decoding=\"async\" src=\"https:\/\/www.hateggeoparc.ro\/new\/wp-content\/uploads\/2020\/01\/4.-densus.jpg\" class=\"\" alt=\"\" \/><\/a><\/div>\n<div class=\"kc-elm kc-css-394382 kc-title-wrap \">\n\n\t<h3 class=\"kc_title\">Densu\u0219 Commune<\/h3>\n<\/div>\n<\/div><\/div><div class=\"kc-elm kc-css-739243 kc_col-sm-4 kc_column kc_col-sm-4\"><div class=\"kc-col-container\"><div class=\"kc_shortcode kc_single_image effect-default\"><a  href=\"https:\/\/www.hateggeoparc.ro\/new\/wp-content\/uploads\/2020\/01\/5.-general-berthelot.jpg\" title=\"\" target=\"\"><img decoding=\"async\" src=\"https:\/\/www.hateggeoparc.ro\/new\/wp-content\/uploads\/2020\/01\/5.-general-berthelot.jpg\" class=\"\" alt=\"\" \/><\/a><\/div>\n<div class=\"kc-elm kc-css-297565 kc-title-wrap \">\n\n\t<h3 class=\"kc_title\">General Berthelot Commune<\/h3>\n<\/div>\n<\/div><\/div><div class=\"kc-elm kc-css-29976 kc_col-sm-4 kc_column kc_col-sm-4\"><div class=\"kc-col-container\"><div class=\"kc_shortcode kc_single_image effect-default\"><a  href=\"https:\/\/www.hateggeoparc.ro\/new\/wp-content\/uploads\/2020\/01\/6.-pui.jpg\" title=\"\" target=\"\"><img decoding=\"async\" src=\"https:\/\/www.hateggeoparc.ro\/new\/wp-content\/uploads\/2020\/01\/6.-pui.jpg\" class=\"\" alt=\"\" \/><\/a><\/div>\n<div class=\"kc-elm kc-css-213108 kc-title-wrap \">\n\n\t<h3 class=\"kc_title\">Pui Commune<\/h3>\n<\/div>\n<\/div><\/div><\/div><\/div><\/section><section class=\"kc-elm kc-css-793989 kc_row\"><div class=\"kc-row-container  kc-container\"><div class=\"kc-wrap-columns\"><div class=\"kc-elm kc-css-561965 kc_col-sm-12 kc_column kc_col-sm-12\"><div class=\"kc-col-container\"><div class=\"kc-elm kc-css-515485\" style=\"height: 36px; clear: both; width:100%;\"><\/div><\/div><\/div><\/div><\/div><\/section><section class=\"kc-elm kc-css-917100 kc_row\"><div class=\"kc-row-container  kc-container\"><div class=\"kc-wrap-columns\"><div class=\"kc-elm kc-css-563004 kc_col-sm-4 kc_column kc_col-sm-4\"><div class=\"kc-col-container\"><div class=\"kc_shortcode kc_single_image effect-default\"><a  href=\"https:\/\/www.hateggeoparc.ro\/new\/wp-content\/uploads\/2020\/01\/7.-Rachitova.jpg\" title=\"\" target=\"\"><img decoding=\"async\" src=\"https:\/\/www.hateggeoparc.ro\/new\/wp-content\/uploads\/2020\/01\/7.-Rachitova.jpg\" class=\"\" alt=\"\" \/><\/a><\/div>\n<div class=\"kc-elm kc-css-329909 kc-title-wrap \">\n\n\t<h3 class=\"kc_title\">R\u0103chitova Commune<\/h3>\n<\/div>\n<\/div><\/div><div class=\"kc-elm kc-css-481729 kc_col-sm-4 kc_column kc_col-sm-4\"><div class=\"kc-col-container\"><div class=\"kc_shortcode kc_single_image effect-default\"><a  href=\"https:\/\/www.hateggeoparc.ro\/new\/wp-content\/uploads\/2020\/01\/8.rau-de-mori-1.jpg\" title=\"\" target=\"\"><img decoding=\"async\" src=\"https:\/\/www.hateggeoparc.ro\/new\/wp-content\/uploads\/2020\/01\/8.rau-de-mori-1.jpg\" class=\"\" alt=\"\" \/><\/a><\/div>\n<div class=\"kc-elm kc-css-592548 kc-title-wrap \">\n\n\t<h3 class=\"kc_title\">R\u00e2u de Mori Commune<\/h3>\n<\/div>\n<\/div><\/div><div class=\"kc-elm kc-css-116264 kc_col-sm-4 kc_column kc_col-sm-4\"><div class=\"kc-col-container\"><div class=\"kc_shortcode kc_single_image effect-default\"><a  href=\"https:\/\/www.hateggeoparc.ro\/new\/wp-content\/uploads\/2020\/01\/9.-Sarmis.jpg\" title=\"\" target=\"\"><img decoding=\"async\" src=\"https:\/\/www.hateggeoparc.ro\/new\/wp-content\/uploads\/2020\/01\/9.-Sarmis.jpg\" class=\"\" alt=\"\" \/><\/a><\/div>\n<div class=\"kc-elm kc-css-43341 kc-title-wrap \">\n\n\t<h3 class=\"kc_title\">Sarmizegetusa Commune<\/h3>\n<\/div>\n<\/div><\/div><\/div><\/div><\/section><section class=\"kc-elm kc-css-639672 kc_row\"><div class=\"kc-row-container  kc-container\"><div class=\"kc-wrap-columns\"><div class=\"kc-elm kc-css-414205 kc_col-sm-12 kc_column kc_col-sm-12\"><div class=\"kc-col-container\"><div class=\"kc-elm kc-css-217004\" style=\"height: 36px; clear: both; width:100%;\"><\/div><\/div><\/div><\/div><\/div><\/section><section class=\"kc-elm kc-css-28749 kc_row\"><div class=\"kc-row-container  kc-container\"><div class=\"kc-wrap-columns\"><div class=\"kc-elm kc-css-557879 kc_col-sm-4 kc_column kc_col-sm-4\"><div class=\"kc-col-container\"><div class=\"kc_shortcode kc_single_image effect-default\"><a  href=\"https:\/\/www.hateggeoparc.ro\/new\/wp-content\/uploads\/2020\/01\/10.-salasu.jpg\" title=\"\" target=\"\"><img decoding=\"async\" src=\"https:\/\/www.hateggeoparc.ro\/new\/wp-content\/uploads\/2020\/01\/10.-salasu.jpg\" class=\"\" alt=\"\" \/><\/a><\/div>\n<div class=\"kc-elm kc-css-943483 kc-title-wrap \">\n\n\t<h3 class=\"kc_title\">S\u0103la\u0219u de Sus Commune<\/h3>\n<\/div>\n<\/div><\/div><div class=\"kc-elm kc-css-853921 kc_col-sm-4 kc_column kc_col-sm-4\"><div class=\"kc-col-container\"><div class=\"kc_shortcode kc_single_image effect-default\"><a  href=\"https:\/\/www.hateggeoparc.ro\/new\/wp-content\/uploads\/2020\/01\/11.-Santamaria-Orlea.jpg\" title=\"\" target=\"\"><img decoding=\"async\" src=\"https:\/\/www.hateggeoparc.ro\/new\/wp-content\/uploads\/2020\/01\/11.-Santamaria-Orlea.jpg\" class=\"\" alt=\"\" \/><\/a><\/div>\n<div class=\"kc-elm kc-css-34863 kc-title-wrap \">\n\n\t<h3 class=\"kc_title\">S\u00e2nt\u0103m\u0103ria Orlea Commune<\/h3>\n<\/div>\n<\/div><\/div><div class=\"kc-elm kc-css-500923 kc_col-sm-4 kc_column kc_col-sm-4\"><div class=\"kc-col-container\"><div class=\"kc_shortcode kc_single_image effect-default\"><a  href=\"https:\/\/www.hateggeoparc.ro\/new\/wp-content\/uploads\/2020\/01\/12.-totesti.jpg\" title=\"\" target=\"\"><img decoding=\"async\" src=\"https:\/\/www.hateggeoparc.ro\/new\/wp-content\/uploads\/2020\/01\/12.-totesti.jpg\" class=\"\" alt=\"\" \/><\/a><\/div>\n<div class=\"kc-elm kc-css-661304 kc-title-wrap \">\n\n\t<h3 class=\"kc_title\">Tote\u0219ti Commune<\/h3>\n<\/div>\n<\/div><\/div><\/div><\/div><\/section><\/p>\n","protected":false},"excerpt":{"rendered":"","protected":false},"author":3,"featured_media":12763,"parent":0,"menu_order":0,"comment_status":"closed","ping_status":"closed","template":"","meta":{"_seopress_robots_primary_cat":"","_seopress_titles_title":"","_seopress_titles_desc":"","_seopress_robots_index":"","footnotes":""},"class_list":["post-14457","page","type-page","status-publish","has-post-thumbnail","hentry"],"_links":{"self":[{"href":"https:\/\/www.hateggeoparc.ro\/new\/index.php\/wp-json\/wp\/v2\/pages\/14457","targetHints":{"allow":["GET"]}}],"collection":[{"href":"https:\/\/www.hateggeoparc.ro\/new\/index.php\/wp-json\/wp\/v2\/pages"}],"about":[{"href":"https:\/\/www.hateggeoparc.ro\/new\/index.php\/wp-json\/wp\/v2\/types\/page"}],"author":[{"embeddable":true,"href":"https:\/\/www.hateggeoparc.ro\/new\/index.php\/wp-json\/wp\/v2\/users\/3"}],"replies":[{"embeddable":true,"href":"https:\/\/www.hateggeoparc.ro\/new\/index.php\/wp-json\/wp\/v2\/comments?post=14457"}],"version-history":[{"count":4,"href":"https:\/\/www.hateggeoparc.ro\/new\/index.php\/wp-json\/wp\/v2\/pages\/14457\/revisions"}],"predecessor-version":[{"id":14471,"href":"https:\/\/www.hateggeoparc.ro\/new\/index.php\/wp-json\/wp\/v2\/pages\/14457\/revisions\/14471"}],"wp:featuredmedia":[{"embeddable":true,"href":"https:\/\/www.hateggeoparc.ro\/new\/index.php\/wp-json\/wp\/v2\/media\/12763"}],"wp:attachment":[{"href":"https:\/\/www.hateggeoparc.ro\/new\/index.php\/wp-json\/wp\/v2\/media?parent=14457"}],"curies":[{"name":"wp","href":"https:\/\/api.w.org\/{rel}","templated":true}]}}