{"id":14612,"date":"2022-04-01T17:00:39","date_gmt":"2022-04-01T17:00:39","guid":{"rendered":"https:\/\/www.hateggeoparc.ro\/new\/?page_id=14612"},"modified":"2022-04-04T10:38:14","modified_gmt":"2022-04-04T10:38:14","slug":"fabula-2","status":"publish","type":"page","link":"https:\/\/www.hateggeoparc.ro\/new\/index.php\/en\/fabula-2\/","title":{"rendered":"Fabula"},"content":{"rendered":"<p><section class=\"kc-elm kc-css-390208 kc_row\"><div class=\"kc-row-container  kc-container\"><div class=\"kc-wrap-columns\"><div class=\"kc-elm kc-css-590485 kc_col-sm-12 kc_column kc_col-sm-12\"><div class=\"kc-col-container\"><div class=\"kc-elm kc-css-194479 kc_row kc_row_inner\"><div class=\"kc-elm kc-css-102305 kc_col-sm-12 kc_column_inner kc_col-sm-12\"><div class=\"kc_wrapper kc-col-inner-container\"><div class=\"kc-elm kc-css-899153 kc_row kc_row_inner\"><div class=\"kc-elm kc-css-903118 kc_col-sm-12 kc_column_inner kc_col-sm-12\"><div class=\"kc_wrapper kc-col-inner-container\">\n<div class=\"element-block-heading style-default\">\n\t<div class=\"wrapper\">\n\t\t<div class=\"inner\">\n\t\t\t\n\t\t\t\t\t\t<h2 class=\"heading\">Fabula<\/h2>\n\t\t\t\t\t\t\n\t\t\t\t\t<\/div>\n\t<\/div>\n<\/div><div class=\"kc-elm kc-css-536727\" style=\"height: 36px; clear: both; width:100%;\"><\/div><div class=\"kc-elm kc-css-730154 kc_text_block\"><\/p>\n<p style=\"font-weight: 400;\">The Geopark is not just about dinosaurs, rocks that travelled from the red-hot core of the Earth up under our feet, carnivorous plants, spectacular butterflies, but about the connection between Earth, nature and humans over more than 70 million years.<\/p>\n<p style=\"font-weight: 400;\">So, we invite you again to use your time machine within: imagination. Hold tight as we set our way through the human history of the Geopark and get back in time of the first humans on this area, in the Cioclovina Cave,\u00a060 000 &#8211; 10 000 years ago.<\/p>\n<p style=\"font-weight: 400;\">A few km north of the Geopark, in the Or\u0103\u0219tie Mountains, the Dacians led by Burebista and Decebal managed to develop a civilization and a flourishing life 80 years before Christ and 100 years after.\u00a0\u00a0As we get closer to the Geopark, we come up to the major landmark for our identity: the matrix of Romanian people. After taking over the brave Dacians, the Romans built their first city, Sarmizegetusa Ulpia Traiana, within Roman Dacia, almost 2000 years ago on the Geopark grounds nowadays.<\/p>\n<p style=\"font-weight: 400;\">After the glory days of Dacians and Romans, followed the Age of Knights and princesses, not far-from-glorious, whose life you can conceive using also your imagination. On the Geopark present territory they built long lasting castles and stone churches that can still be seen today, each with its own stories and legends. Local traditions and culture were heavily influenced by this rich history.<\/p>\n<p style=\"font-weight: 400;\">Once you discover them, it&#8217;s up to you to decide whether to stray from your imaginary journey or to continue trying to glimpse what the future of this realm will look like.<\/p>\n<p><a href=\"https:\/\/www.hateggeoparc.ro\/new\/index.php\/en\/contact-en\/\"><b>If you want to make a visit, please contact the Geopark for information!<\/b><\/a><\/p>\n<p>\n<\/div><div class=\"kc-elm kc-css-687786\" style=\"height: 36px; clear: both; width:100%;\"><\/div><\/div><\/div><\/div><\/div><\/div><\/div><\/div><\/div><\/div><\/div><\/section><section class=\"kc-elm kc-css-64788 kc_row\"><div class=\"kc-row-container  kc-container\"><div class=\"kc-wrap-columns\"><div class=\"kc-elm kc-css-86800 kc_col-sm-4 kc_column kc_col-sm-4\"><div class=\"kc-col-container\"><div class=\"kc_shortcode kc_single_image effect-default\"><a  href=\"https:\/\/www.hateggeoparc.ro\/new\/wp-content\/uploads\/2020\/01\/MuzeuSatHateganPesteana_ADogar-3-1.jpg\" title=\"\" target=\"\"><img decoding=\"async\" src=\"https:\/\/www.hateggeoparc.ro\/new\/wp-content\/uploads\/2020\/01\/MuzeuSatHateganPesteana_ADogar-3-1.jpg\" class=\"\" alt=\"\" \/><\/a><\/div>\n<div class=\"kc-elm kc-css-949059 kc-title-wrap \">\n\n\t<h3 class=\"kc_title\">Ha\u021beg Village Museum<\/h3>\n<\/div>\n<\/div><\/div><div class=\"kc-elm kc-css-313053 kc_col-sm-4 kc_column kc_col-sm-4\"><div class=\"kc-col-container\"><div class=\"kc_shortcode kc_single_image effect-default\"><a  href=\"https:\/\/www.hateggeoparc.ro\/new\/wp-content\/uploads\/2020\/01\/Cetatea-Colt.jpg\" title=\"\" target=\"\"><img decoding=\"async\" src=\"https:\/\/www.hateggeoparc.ro\/new\/wp-content\/uploads\/2020\/01\/Cetatea-Colt.jpg\" class=\"\" alt=\"\" \/><\/a><\/div>\n<div class=\"kc-elm kc-css-315209 kc-title-wrap \">\n\n\t<h3 class=\"kc_title\">Col\u021b Fortress<\/h3>\n<\/div>\n<\/div><\/div><div class=\"kc-elm kc-css-62792 kc_col-sm-4 kc_column kc_col-sm-4\"><div class=\"kc-col-container\"><div class=\"kc_shortcode kc_single_image effect-default\"><a  href=\"https:\/\/www.hateggeoparc.ro\/new\/wp-content\/uploads\/2020\/06\/GDTH_Cetatea-Malaiesti1-scaled.jpg\" title=\"\" target=\"\"><img decoding=\"async\" src=\"https:\/\/www.hateggeoparc.ro\/new\/wp-content\/uploads\/2020\/06\/GDTH_Cetatea-Malaiesti1-scaled.jpg\" class=\"\" alt=\"\" \/><\/a><\/div>\n<div class=\"kc-elm kc-css-883888 kc-title-wrap \">\n\n\t<h3 class=\"kc_title\">M\u0103l\u0103ie\u0219ti Fortress<\/h3>\n<\/div>\n<\/div><\/div><\/div><\/div><\/section><section class=\"kc-elm kc-css-520193 kc_row\"><div class=\"kc-row-container  kc-container\"><div class=\"kc-wrap-columns\"><div class=\"kc-elm kc-css-598961 kc_col-sm-12 kc_column kc_col-sm-12\"><div class=\"kc-col-container\"><div class=\"kc-elm kc-css-58265\" style=\"height: 36px; clear: both; width:100%;\"><\/div><\/div><\/div><\/div><\/div><\/section><section class=\"kc-elm kc-css-471613 kc_row\"><div class=\"kc-row-container  kc-container\"><div class=\"kc-wrap-columns\"><div class=\"kc-elm kc-css-906033 kc_col-sm-4 kc_column kc_col-sm-4\"><div class=\"kc-col-container\"><div class=\"kc_shortcode kc_single_image effect-default\"><a  href=\"https:\/\/www.hateggeoparc.ro\/new\/wp-content\/uploads\/2020\/01\/curtea-nobiliara-Salasu-de-Sus.jpg\" title=\"\" target=\"\"><img decoding=\"async\" src=\"https:\/\/www.hateggeoparc.ro\/new\/wp-content\/uploads\/2020\/01\/curtea-nobiliara-Salasu-de-Sus.jpg\" class=\"\" alt=\"\" \/><\/a><\/div>\n<div class=\"kc-elm kc-css-184834 kc-title-wrap \">\n\n\t<h3 class=\"kc_title\">S\u0103la\u0219u de Sus Noble Court<\/h3>\n<\/div>\n<\/div><\/div><div class=\"kc-elm kc-css-915420 kc_col-sm-4 kc_column kc_col-sm-4\"><div class=\"kc-col-container\"><div class=\"kc_shortcode kc_single_image effect-default\"><a  href=\"https:\/\/www.hateggeoparc.ro\/new\/wp-content\/uploads\/2020\/06\/TurnCrivadia_Dan-Dinu2017-1.jpg\" title=\"\" target=\"\"><img decoding=\"async\" src=\"https:\/\/www.hateggeoparc.ro\/new\/wp-content\/uploads\/2020\/06\/TurnCrivadia_Dan-Dinu2017-1.jpg\" class=\"\" alt=\"\" \/><\/a><\/div>\n<div class=\"kc-elm kc-css-344921 kc-title-wrap \">\n\n\t<h3 class=\"kc_title\">Crivadia Tower<\/h3>\n<\/div>\n<\/div><\/div><div class=\"kc-elm kc-css-171788 kc_col-sm-4 kc_column kc_col-sm-4\"><div class=\"kc-col-container\"><div class=\"kc_shortcode kc_single_image effect-default\"><a  href=\"https:\/\/www.hateggeoparc.ro\/new\/wp-content\/uploads\/2020\/06\/Ulpia_DanDinu-2.jpg\" title=\"\" target=\"\"><img decoding=\"async\" src=\"https:\/\/www.hateggeoparc.ro\/new\/wp-content\/uploads\/2020\/06\/Ulpia_DanDinu-2.jpg\" class=\"\" alt=\"\" \/><\/a><\/div>\n<div class=\"kc-elm kc-css-987076 kc-title-wrap \">\n\n\t<h3 class=\"kc_title\"><a href=\"http:\/\/www.hateggeoparc.ro\/new\/index.php\/natura-si-traditie\/\" class=\"kc_title_link\" title=\"Natur\u0103 \u0219i Tradi\u021bie\" target=\"\">Roman Capital<\/a><\/h3>\n<\/div>\n<\/div><\/div><\/div><\/div><\/section><section class=\"kc-elm kc-css-281903 kc_row\"><div class=\"kc-row-container  kc-container\"><div class=\"kc-wrap-columns\"><div class=\"kc-elm kc-css-364716 kc_col-sm-12 kc_column kc_col-sm-12\"><div class=\"kc-col-container\"><div class=\"kc-elm kc-css-264185\" style=\"height: 36px; clear: both; width:100%;\"><\/div><\/div><\/div><\/div><\/div><\/section><section class=\"kc-elm kc-css-887660 kc_row\"><div class=\"kc-row-container  kc-container\"><div class=\"kc-wrap-columns\"><div class=\"kc-elm kc-css-488460 kc_col-sm-4 kc_column kc_col-sm-4\"><div class=\"kc-col-container\"><div class=\"kc_shortcode kc_single_image effect-default\"><a  href=\"https:\/\/www.hateggeoparc.ro\/new\/wp-content\/uploads\/2020\/06\/Rachitova_Cretescu-5-1.jpg\" title=\"\" target=\"\"><img decoding=\"async\" src=\"https:\/\/www.hateggeoparc.ro\/new\/wp-content\/uploads\/2020\/06\/Rachitova_Cretescu-5-1.jpg\" class=\"\" alt=\"\" \/><\/a><\/div>\n<div class=\"kc-elm kc-css-535878 kc-title-wrap \">\n\n\t<h3 class=\"kc_title\">R\u0103chitova Tower<\/h3>\n<\/div>\n<\/div><\/div><div class=\"kc-elm kc-css-475809 kc_col-sm-4 kc_column kc_col-sm-4\"><div class=\"kc-col-container\"><div class=\"kc_shortcode kc_single_image effect-default\"><a  href=\"https:\/\/www.hateggeoparc.ro\/new\/wp-content\/uploads\/2020\/06\/GDTH_garduri-de-piatra_com-Ohaba-Sibisel.jpg\" title=\"\" target=\"\"><img decoding=\"async\" src=\"https:\/\/www.hateggeoparc.ro\/new\/wp-content\/uploads\/2020\/06\/GDTH_garduri-de-piatra_com-Ohaba-Sibisel.jpg\" class=\"\" alt=\"\" \/><\/a><\/div>\n<div class=\"kc-elm kc-css-927786 kc-title-wrap \">\n\n\t<h3 class=\"kc_title\">Dry-stone Walls<\/h3>\n<\/div>\n<\/div><\/div><div class=\"kc-elm kc-css-212817 kc_col-sm-4 kc_column kc_col-sm-4\"><div class=\"kc-col-container\"><div class=\"kc_shortcode kc_single_image effect-default\"><a  href=\"https:\/\/www.hateggeoparc.ro\/new\/wp-content\/uploads\/2020\/01\/Biserica-Densus_2.jpg\" title=\"\" target=\"\"><img decoding=\"async\" src=\"https:\/\/www.hateggeoparc.ro\/new\/wp-content\/uploads\/2020\/01\/Biserica-Densus_2.jpg\" class=\"\" alt=\"\" \/><\/a><\/div>\n<div class=\"kc-elm kc-css-356756 kc-title-wrap \">\n\n\t<h3 class=\"kc_title\">Densu\u0219 Church<\/h3>\n<\/div>\n<\/div><\/div><\/div><\/div><\/section><section class=\"kc-elm kc-css-744051 kc_row\"><div class=\"kc-row-container  kc-container\"><div class=\"kc-wrap-columns\"><div class=\"kc-elm kc-css-257467 kc_col-sm-12 kc_column kc_col-sm-12\"><div class=\"kc-col-container\"><div class=\"kc-elm kc-css-639040\" style=\"height: 36px; clear: both; width:100%;\"><\/div><\/div><\/div><\/div><\/div><\/section><section class=\"kc-elm kc-css-361546 kc_row\"><div class=\"kc-row-container  kc-container\"><div class=\"kc-wrap-columns\"><div class=\"kc-elm kc-css-312233 kc_col-sm-4 kc_column kc_col-sm-4\"><div class=\"kc-col-container\"><div class=\"kc_shortcode kc_single_image effect-default\"><a  href=\"https:\/\/www.hateggeoparc.ro\/new\/wp-content\/uploads\/2020\/01\/GDTH_Biserica-Santamaria-Orlea_Alexandru-Andrasanu-1-e1592740163352.jpg\" title=\"\" target=\"\"><img decoding=\"async\" src=\"https:\/\/www.hateggeoparc.ro\/new\/wp-content\/uploads\/2020\/01\/GDTH_Biserica-Santamaria-Orlea_Alexandru-Andrasanu-1-e1592740163352.jpg\" class=\"\" alt=\"\" \/><\/a><\/div>\n<div class=\"kc-elm kc-css-549008 kc-title-wrap \">\n\n\t<h3 class=\"kc_title\">S\u00e2nt\u0103m\u0103ria Orlea Church<\/h3>\n<\/div>\n<\/div><\/div><div class=\"kc-elm kc-css-320407 kc_col-sm-4 kc_column kc_col-sm-4\"><div class=\"kc-col-container\"><div class=\"kc_shortcode kc_single_image effect-default\"><a  href=\"https:\/\/www.hateggeoparc.ro\/new\/wp-content\/uploads\/2020\/06\/Bis-Parvestilor_Dan-Dinu2017-1.jpg\" title=\"\" target=\"\"><img decoding=\"async\" src=\"https:\/\/www.hateggeoparc.ro\/new\/wp-content\/uploads\/2020\/06\/Bis-Parvestilor_Dan-Dinu2017-1.jpg\" class=\"\" alt=\"\" \/><\/a><\/div>\n<div class=\"kc-elm kc-css-194483 kc-title-wrap \">\n\n\t<h3 class=\"kc_title\">P\u00e2rve\u0219ti Church<\/h3>\n<\/div>\n<\/div><\/div><div class=\"kc-elm kc-css-65789 kc_col-sm-4 kc_column kc_col-sm-4\"><div class=\"kc-col-container\"><div class=\"kc_shortcode kc_single_image effect-default\"><a  href=\"https:\/\/www.hateggeoparc.ro\/new\/wp-content\/uploads\/2020\/06\/BisSanpetru_ADogar-2-1.jpg\" title=\"\" target=\"\"><img decoding=\"async\" src=\"https:\/\/www.hateggeoparc.ro\/new\/wp-content\/uploads\/2020\/06\/BisSanpetru_ADogar-2-1.jpg\" class=\"\" alt=\"\" \/><\/a><\/div>\n<div class=\"kc-elm kc-css-144836 kc-title-wrap \">\n\n\t<h3 class=\"kc_title\">S\u00e2npetru Church<\/h3>\n<\/div>\n<\/div><\/div><\/div><\/div><\/section><section class=\"kc-elm kc-css-965032 kc_row\"><div class=\"kc-row-container  kc-container\"><div class=\"kc-wrap-columns\"><div class=\"kc-elm kc-css-204958 kc_col-sm-12 kc_column kc_col-sm-12\"><div class=\"kc-col-container\"><div class=\"kc-elm kc-css-903516\" style=\"height: 36px; clear: both; width:100%;\"><\/div><\/div><\/div><\/div><\/div><\/section><section class=\"kc-elm kc-css-954968 kc_row\"><div class=\"kc-row-container  kc-container\"><div class=\"kc-wrap-columns\"><div class=\"kc-elm kc-css-620545 kc_col-sm-4 kc_column kc_col-sm-4\"><div class=\"kc-col-container\"><div class=\"kc_shortcode kc_single_image effect-default\"><a  href=\"https:\/\/www.hateggeoparc.ro\/new\/wp-content\/uploads\/2020\/01\/DP135750.jpg\" title=\"\" target=\"\"><img decoding=\"async\" src=\"https:\/\/www.hateggeoparc.ro\/new\/wp-content\/uploads\/2020\/01\/DP135750.jpg\" class=\"\" alt=\"\" \/><\/a><\/div>\n<div class=\"kc-elm kc-css-956340 kc-title-wrap \">\n\n\t<h3 class=\"kc_title\">Ostrov Church<\/h3>\n<\/div>\n<\/div><\/div><div class=\"kc-elm kc-css-401098 kc_col-sm-4 kc_column kc_col-sm-4\"><div class=\"kc-col-container\"><div class=\"kc_shortcode kc_single_image effect-default\"><a  href=\"https:\/\/www.hateggeoparc.ro\/new\/wp-content\/uploads\/2020\/06\/ManColt_AndreeaDogar-1.jpg\" title=\"\" target=\"\"><img decoding=\"async\" src=\"https:\/\/www.hateggeoparc.ro\/new\/wp-content\/uploads\/2020\/06\/ManColt_AndreeaDogar-1.jpg\" class=\"\" alt=\"\" \/><\/a><\/div>\n<div class=\"kc-elm kc-css-242367 kc-title-wrap \">\n\n\t<h3 class=\"kc_title\">Col\u021b Monastery<\/h3>\n<\/div>\n<\/div><\/div><div class=\"kc-elm kc-css-928330 kc_col-sm-4 kc_column kc_col-sm-4\"><div class=\"kc-col-container\"><div class=\"kc_shortcode kc_single_image effect-default\"><a  href=\"https:\/\/www.hateggeoparc.ro\/new\/wp-content\/uploads\/2020\/06\/Prislop_CCiobanu-2.jpg\" title=\"\" target=\"\"><img decoding=\"async\" src=\"https:\/\/www.hateggeoparc.ro\/new\/wp-content\/uploads\/2020\/06\/Prislop_CCiobanu-2.jpg\" class=\"\" alt=\"\" \/><\/a><\/div>\n<div class=\"kc-elm kc-css-408587 kc-title-wrap \">\n\n\t<h3 class=\"kc_title\">Prislop Monastery<\/h3>\n<\/div>\n<\/div><\/div><\/div><\/div><\/section><section class=\"kc-elm kc-css-172627 kc_row\"><div class=\"kc-row-container  kc-container\"><div class=\"kc-wrap-columns\"><div class=\"kc-elm kc-css-199518 kc_column kc_col-sm-12\"><div class=\"kc-col-container\"><\/div><\/div><\/div><\/div><\/section><\/p>\n","protected":false},"excerpt":{"rendered":"","protected":false},"author":3,"featured_media":0,"parent":0,"menu_order":0,"comment_status":"closed","ping_status":"closed","template":"","meta":{"_seopress_robots_primary_cat":"","_seopress_titles_title":"","_seopress_titles_desc":"","_seopress_robots_index":"","footnotes":""},"class_list":["post-14612","page","type-page","status-publish","hentry"],"_links":{"self":[{"href":"https:\/\/www.hateggeoparc.ro\/new\/index.php\/wp-json\/wp\/v2\/pages\/14612","targetHints":{"allow":["GET"]}}],"collection":[{"href":"https:\/\/www.hateggeoparc.ro\/new\/index.php\/wp-json\/wp\/v2\/pages"}],"about":[{"href":"https:\/\/www.hateggeoparc.ro\/new\/index.php\/wp-json\/wp\/v2\/types\/page"}],"author":[{"embeddable":true,"href":"https:\/\/www.hateggeoparc.ro\/new\/index.php\/wp-json\/wp\/v2\/users\/3"}],"replies":[{"embeddable":true,"href":"https:\/\/www.hateggeoparc.ro\/new\/index.php\/wp-json\/wp\/v2\/comments?post=14612"}],"version-history":[{"count":8,"href":"https:\/\/www.hateggeoparc.ro\/new\/index.php\/wp-json\/wp\/v2\/pages\/14612\/revisions"}],"predecessor-version":[{"id":14746,"href":"https:\/\/www.hateggeoparc.ro\/new\/index.php\/wp-json\/wp\/v2\/pages\/14612\/revisions\/14746"}],"wp:attachment":[{"href":"https:\/\/www.hateggeoparc.ro\/new\/index.php\/wp-json\/wp\/v2\/media?parent=14612"}],"curies":[{"name":"wp","href":"https:\/\/api.w.org\/{rel}","templated":true}]}}