{"id":14651,"date":"2022-04-01T22:15:28","date_gmt":"2022-04-01T22:15:28","guid":{"rendered":"https:\/\/www.hateggeoparc.ro\/new\/?page_id=14651"},"modified":"2022-04-01T22:34:37","modified_gmt":"2022-04-01T22:34:37","slug":"dinosaur-valley","status":"publish","type":"page","link":"https:\/\/www.hateggeoparc.ro\/new\/index.php\/en\/dinosaur-valley\/","title":{"rendered":"Dinosaur Valley"},"content":{"rendered":"<section class=\"kc-elm kc-css-797304 kc_row\"><div class=\"kc-row-container  kc-container\"><div class=\"kc-wrap-columns\"><div class=\"kc-elm kc-css-875176 kc_col-sm-12 kc_column kc_col-sm-12\"><div class=\"kc-col-container\"><div class=\"kc-elm kc-css-420567 kc_row kc_row_inner\"><div class=\"kc-elm kc-css-638537 kc_col-sm-6 kc_column_inner kc_col-sm-6\"><div class=\"kc_wrapper kc-col-inner-container\"><div class=\"kc-elm kc-css-616824 kc_text_block\"><\/p>\n<p>Ha\u021beg, S\u00e2nt\u0103m\u0103ria Orlea, S\u00e2npetru, Ohaba-Sibi\u0219el<\/p>\n<p><strong>Distance: 18 km<\/strong><\/p>\n<p>\n<\/div><div class=\"kc-elm kc-css-997803 kc_box_wrap \"><ul class=\"list-unstyled list\"><li><i class=\"fa fa-tree text-primary\"><\/i><a href=\"https:\/\/www.hateggeoparc.ro\/new\/index.php\/place\/house-of-the-geopark\/\" target=\"_blank\">&nbsp; &nbsp;House of the Geopark<\/a><\/li><li><i class=\"fa fa-tree text-primary\"><\/i>S\u00e2nt\u0103m\u0103ria Orlea Church<\/li><li><i class=\"fa fa-tree text-primary\"><\/i>&nbsp; &nbsp;S\u00e2npetru Community Center<a href=\"https:\/\/www.hateggeoparc.ro\/new\/index.php\/place\/house-of-dwarf-dinosaurs\/\" target=\"_blank\">&nbsp; &nbsp;House of Dwarf Dinosaurs<\/a><a href=\"https:\/\/www.hateggeoparc.ro\/new\/index.php\/place\/house-of-traditions\/\" target=\"_blank\">&nbsp; &nbsp;House of Traditions<\/a><a href=\"https:\/\/www.hateggeoparc.ro\/new\/index.php\/place\/the-school-of-dinosaurs-and-crafts\/\" target=\"_blank\">&nbsp; &nbsp; School of Dinosaurs and Crafts S\u00e2npetru<\/a><\/li><li><i class=\"fa fa-tree text-primary\"><\/i><a href=\"#\">S\u00e2npetru Church<\/a><\/li><li><i class=\"fa fa-tree text-primary\"><\/i><a href=\"#\">\u201dLa Scoab\u0103\u201d Geosite<\/a><\/li><li><i class=\"fa fa-tree text-primary\"><\/i><a href=\"https:\/\/www.hateggeoparc.ro\/new\/index.php\/place\/house-of-stones\/\" target=\"_blank\">House of Stones<\/a><\/li><li><i class=\"fa fa-tree text-primary\"><\/i><a target=\"_blank\">Granite Fields<\/a><\/li><\/ul><\/div><div class=\"kc-elm kc-css-216294 kc_text_block\"><\/p>\n<p><strong>Additional:<\/strong><\/p>\n<p>\n<\/div><div class=\"kc-elm kc-css-448102 kc_box_wrap \"><ul class=\"list-unstyled list\"><li><i class=\"fa fa-tree text-primary\"><\/i><p>Ha\u021beg Village Museum<\/p><\/li><\/ul><\/div><\/div><\/div><div class=\"kc-elm kc-css-356676 kc_col-sm-6 kc_column_inner kc_col-sm-6\"><div class=\"kc_wrapper kc-col-inner-container\"><div class=\"kc-elm kc-css-766293 kc_text_block\"><\/p>\n<p>\n<iframe style=\"width: 1px; min-width: 100%; height: 700px; border: none;\" src=\"https:\/\/ridewithgps.com\/embeds?type=route&#038;id=31909301&#038;sampleGraph=true\" scrolling=\"no\"><\/iframe><\/p>\n<p>\n<\/div><\/div><\/div><\/div><\/div><\/div><\/div><\/div><\/section>\n","protected":false},"excerpt":{"rendered":"","protected":false},"author":3,"featured_media":0,"parent":0,"menu_order":0,"comment_status":"closed","ping_status":"closed","template":"","meta":{"_seopress_robots_primary_cat":"","_seopress_titles_title":"","_seopress_titles_desc":"","_seopress_robots_index":"","footnotes":""},"class_list":["post-14651","page","type-page","status-publish","hentry"],"_links":{"self":[{"href":"https:\/\/www.hateggeoparc.ro\/new\/index.php\/wp-json\/wp\/v2\/pages\/14651","targetHints":{"allow":["GET"]}}],"collection":[{"href":"https:\/\/www.hateggeoparc.ro\/new\/index.php\/wp-json\/wp\/v2\/pages"}],"about":[{"href":"https:\/\/www.hateggeoparc.ro\/new\/index.php\/wp-json\/wp\/v2\/types\/page"}],"author":[{"embeddable":true,"href":"https:\/\/www.hateggeoparc.ro\/new\/index.php\/wp-json\/wp\/v2\/users\/3"}],"replies":[{"embeddable":true,"href":"https:\/\/www.hateggeoparc.ro\/new\/index.php\/wp-json\/wp\/v2\/comments?post=14651"}],"version-history":[{"count":4,"href":"https:\/\/www.hateggeoparc.ro\/new\/index.php\/wp-json\/wp\/v2\/pages\/14651\/revisions"}],"predecessor-version":[{"id":14677,"href":"https:\/\/www.hateggeoparc.ro\/new\/index.php\/wp-json\/wp\/v2\/pages\/14651\/revisions\/14677"}],"wp:attachment":[{"href":"https:\/\/www.hateggeoparc.ro\/new\/index.php\/wp-json\/wp\/v2\/media?parent=14651"}],"curies":[{"name":"wp","href":"https:\/\/api.w.org\/{rel}","templated":true}]}}