{"id":14679,"date":"2022-04-01T22:39:33","date_gmt":"2022-04-01T22:39:33","guid":{"rendered":"https:\/\/www.hateggeoparc.ro\/new\/?page_id=14679"},"modified":"2022-04-01T22:40:28","modified_gmt":"2022-04-01T22:40:28","slug":"geodiv-and-art-en","status":"publish","type":"page","link":"https:\/\/www.hateggeoparc.ro\/new\/index.php\/en\/geodiv-and-art-en\/","title":{"rendered":"Geodiversity and Art"},"content":{"rendered":"<section class=\"kc-elm kc-css-838691 kc_row\"><div class=\"kc-row-container  kc-container\"><div class=\"kc-wrap-columns\"><div class=\"kc-elm kc-css-663687 kc_col-sm-12 kc_column kc_col-sm-12\"><div class=\"kc-col-container\"><div class=\"kc-elm kc-css-247291 kc_row kc_row_inner\"><div class=\"kc-elm kc-css-352509 kc_col-sm-6 kc_column_inner kc_col-sm-6\"><div class=\"kc_wrapper kc-col-inner-container\"><div class=\"kc-elm kc-css-265460 kc_text_block\"><\/p>\n<p>Ha\u021beg, S\u00e2nt\u0103m\u0103rie Orlea, Crivadia, B\u0103ni\u021ba, Petro\u0219ani<\/p>\n<p><strong>Distance: 50 km<\/strong><\/p>\n<p>\n<\/div><div class=\"kc-elm kc-css-168294 kc_box_wrap \"><ul class=\"list-unstyled list\"><li><i class=\"fa fa-tree text-primary\"><\/i><a href=\"https:\/\/www.hateggeoparc.ro\/new\/index.php\/place\/house-of-the-geopark\/\" target=\"_blank\">House of the Geopark<\/a><\/li><li><i class=\"fa fa-tree text-primary\"><\/i>S\u00e2nt\u0103m\u0103ria Orlea Church<\/li><li><i class=\"fa fa-tree text-primary\"><\/i><a href=\"#\">Poienii Peak<text><br><\/text><\/a><\/li><li><i class=\"fa fa-tree text-primary\"><\/i><a target=\"_blank\">Crivadia Tower<\/a><\/li><li><i class=\"fa fa-tree text-primary\"><\/i><a href=\"#\">Crivadiei Gorge<\/a><\/li><li><i class=\"fa fa-tree text-primary\"><\/i><a href=\"#\">B\u0103ni\u021bei Gorge<\/a><\/li><li><i class=\"fa fa-tree text-primary\"><\/i><a href=\"https:\/\/www.facebook.com\/pesterabolii\/\" target=\"_blank\">Bolii Cave<\/a><\/li><li><i class=\"fa fa-tree text-primary\"><\/i><a href=\"https:\/\/www.facebook.com\/pages\/Muzeul-Instalatorului\/304687666546852\" target=\"_blank\">Ion Barbu Modern Art Museums<\/a><\/li><\/ul><\/div><div class=\"kc-elm kc-css-812480 kc_text_block\"><\/p>\n<p><strong>Addi\u021bional<\/strong><\/p>\n<p>\n<\/div><div class=\"kc-elm kc-css-916349 kc_box_wrap \"><ul class=\"list-unstyled list\"><li><i class=\"fa fa-tree text-primary\"><\/i><a href=\"#\"><\/a><a target=\"_blank\">Ponor-Fize\u0219ti Geosites<\/a><\/li><li><i class=\"fa fa-tree text-primary\"><\/i><a href=\"#\"><\/a><a href=\"#\"><\/a><a href=\"https:\/\/www.hateggeoparc.ro\/new\/index.php\/place\/geositurile-rau-barbat\/\" target=\"_blank\">R\u00e2u B\u0103rbat Geosites<\/a><\/li><li><i class=\"fa fa-tree text-primary\"><\/i><a href=\"#\">Strei Gorge<\/a><\/li><li><i class=\"fa fa-tree text-primary\"><\/i><a href=\"#\"><\/a><a href=\"#\"><\/a><a href=\"http:\/\/www.gradiste.ro\/\" target=\"_blank\">Gr\u0103di\u0219tea Muncelului - Cioclovina Natural Park<\/a><\/li><\/ul><\/div><\/div><\/div><div class=\"kc-elm kc-css-35249 kc_col-sm-6 kc_column_inner kc_col-sm-6\"><div class=\"kc_wrapper kc-col-inner-container\"><div class=\"kc-elm kc-css-681685 kc_text_block\"><\/p>\n<p>\n<iframe style=\"width: 1px; min-width: 100%; height: 700px; border: none;\" src=\"https:\/\/ridewithgps.com\/embeds?type=route&#038;id=31909204&#038;sampleGraph=true\" scrolling=\"no\"><\/iframe><\/p>\n<p>\n<\/div><\/div><\/div><\/div><\/div><\/div><\/div><\/div><\/section>\n","protected":false},"excerpt":{"rendered":"","protected":false},"author":3,"featured_media":0,"parent":0,"menu_order":0,"comment_status":"closed","ping_status":"closed","template":"","meta":{"_seopress_robots_primary_cat":"","_seopress_titles_title":"","_seopress_titles_desc":"","_seopress_robots_index":"","footnotes":""},"class_list":["post-14679","page","type-page","status-publish","hentry"],"_links":{"self":[{"href":"https:\/\/www.hateggeoparc.ro\/new\/index.php\/wp-json\/wp\/v2\/pages\/14679","targetHints":{"allow":["GET"]}}],"collection":[{"href":"https:\/\/www.hateggeoparc.ro\/new\/index.php\/wp-json\/wp\/v2\/pages"}],"about":[{"href":"https:\/\/www.hateggeoparc.ro\/new\/index.php\/wp-json\/wp\/v2\/types\/page"}],"author":[{"embeddable":true,"href":"https:\/\/www.hateggeoparc.ro\/new\/index.php\/wp-json\/wp\/v2\/users\/3"}],"replies":[{"embeddable":true,"href":"https:\/\/www.hateggeoparc.ro\/new\/index.php\/wp-json\/wp\/v2\/comments?post=14679"}],"version-history":[{"count":3,"href":"https:\/\/www.hateggeoparc.ro\/new\/index.php\/wp-json\/wp\/v2\/pages\/14679\/revisions"}],"predecessor-version":[{"id":14683,"href":"https:\/\/www.hateggeoparc.ro\/new\/index.php\/wp-json\/wp\/v2\/pages\/14679\/revisions\/14683"}],"wp:attachment":[{"href":"https:\/\/www.hateggeoparc.ro\/new\/index.php\/wp-json\/wp\/v2\/media?parent=14679"}],"curies":[{"name":"wp","href":"https:\/\/api.w.org\/{rel}","templated":true}]}}