{"id":14691,"date":"2022-04-01T22:56:38","date_gmt":"2022-04-01T22:56:38","guid":{"rendered":"https:\/\/www.hateggeoparc.ro\/new\/?page_id=14691"},"modified":"2022-04-01T22:56:38","modified_gmt":"2022-04-01T22:56:38","slug":"nature-and-tradition","status":"publish","type":"page","link":"https:\/\/www.hateggeoparc.ro\/new\/index.php\/en\/nature-and-tradition\/","title":{"rendered":"Nature and Tradition"},"content":{"rendered":"<section class=\"kc-elm kc-css-61793 kc_row\"><div class=\"kc-row-container  kc-container\"><div class=\"kc-wrap-columns\"><div class=\"kc-elm kc-css-161455 kc_col-sm-12 kc_column kc_col-sm-12\"><div class=\"kc-col-container\"><div class=\"kc-elm kc-css-965961 kc_row kc_row_inner\"><div class=\"kc-elm kc-css-969174 kc_col-sm-6 kc_column_inner kc_col-sm-6\"><div class=\"kc_wrapper kc-col-inner-container\"><div class=\"kc-elm kc-css-964093 kc_text_block\"><\/p>\n<p>Ha\u021beg, S\u0103la\u0219u de Sus, M\u0103l\u0103ie\u0219ti, Nuc\u0219oara<\/p>\n<p><strong>Distance: 28 km<\/strong><\/p>\n<p>\n<\/div><div class=\"kc-elm kc-css-344671 kc_box_wrap \"><ul class=\"list-unstyled list\"><li><i class=\"fa fa-tree text-primary\"><\/i><a href=\"https:\/\/www.hateggeoparc.ro\/new\/index.php\/place\/house-of-the-geopark\/\" target=\"_blank\">House of the Geopark<\/a><\/li><li><i class=\"fa fa-tree text-primary\"><\/i>S\u00e2nt\u0103m\u0103ria Orlea Church<\/li><li><i class=\"fa fa-tree text-primary\"><\/i><a href=\"#\">Poienii Peak<\/a><\/li><li><\/li><li><i class=\"fa fa-tree text-primary\"><\/i><a href=\"#\"><\/a><a href=\"https:\/\/www.facebook.com\/muzicanaturii\/\" target=\"_blank\">\u201dMusic of Nature\u201d thematic trail Pe\u0219tera<\/a><\/li><li><i class=\"fa fa-tree text-primary\"><\/i><a href=\"#\"><\/a><a target=\"_blank\">Daffodil Hayfields<\/a><\/li><li><i class=\"fa fa-tree text-primary\"><\/i><a href=\"#\"><\/a><a href=\"https:\/\/www.hateggeoparc.ro\/new\/index.php\/place\/cetatea-malaiesti\/\"><\/a><a target=\"_blank\">M\u0103l\u0103ie\u0219ti Fortress<\/a><\/li><li><i class=\"fa fa-tree text-primary\"><\/i><a href=\"#\"><\/a><a href=\"http:\/\/retezat.ro\/index.php\/romana\/pentru-oaspetii-pnr\/centre-vizitare\/72-contact-apnr-orar-centru-vizitare.html\" target=\"_blank\">Retezat National Park Visitors Center<\/a><\/li><\/ul><\/div><div class=\"kc-elm kc-css-468780 kc_text_block\"><\/p>\n<p><strong>Additional:<\/strong><\/p>\n<p>\n<\/div><div class=\"kc-elm kc-css-905390 kc_box_wrap \"><ul class=\"list-unstyled list\"><li><i class=\"fa fa-tree text-primary\"><\/i>Gura Cet\u0103\u021bii Cave<\/li><li><i class=\"fa fa-tree text-primary\"><\/i>Iobagilor Church<\/li><li><i class=\"fa fa-tree text-primary\"><\/i><a href=\"#\"><\/a><a target=\"_blank\">Lolaia Waterfall<\/a><\/li><\/ul><\/div><\/div><\/div><div class=\"kc-elm kc-css-667885 kc_col-sm-6 kc_column_inner kc_col-sm-6\"><div class=\"kc_wrapper kc-col-inner-container\"><div class=\"kc-elm kc-css-935117 kc_text_block\"><\/p>\n<p>\n<iframe style=\"width: 1px; min-width: 100%; height: 700px; border: none;\" src=\"https:\/\/ridewithgps.com\/embeds?type=route&#038;id=31909435&#038;sampleGraph=true\" scrolling=\"no\"><\/iframe><\/p>\n<p>\n<\/div><\/div><\/div><\/div><\/div><\/div><\/div><\/div><\/section>\n","protected":false},"excerpt":{"rendered":"","protected":false},"author":3,"featured_media":0,"parent":0,"menu_order":0,"comment_status":"closed","ping_status":"closed","template":"","meta":{"_seopress_robots_primary_cat":"","_seopress_titles_title":"","_seopress_titles_desc":"","_seopress_robots_index":"","footnotes":""},"class_list":["post-14691","page","type-page","status-publish","hentry"],"_links":{"self":[{"href":"https:\/\/www.hateggeoparc.ro\/new\/index.php\/wp-json\/wp\/v2\/pages\/14691","targetHints":{"allow":["GET"]}}],"collection":[{"href":"https:\/\/www.hateggeoparc.ro\/new\/index.php\/wp-json\/wp\/v2\/pages"}],"about":[{"href":"https:\/\/www.hateggeoparc.ro\/new\/index.php\/wp-json\/wp\/v2\/types\/page"}],"author":[{"embeddable":true,"href":"https:\/\/www.hateggeoparc.ro\/new\/index.php\/wp-json\/wp\/v2\/users\/3"}],"replies":[{"embeddable":true,"href":"https:\/\/www.hateggeoparc.ro\/new\/index.php\/wp-json\/wp\/v2\/comments?post=14691"}],"version-history":[{"count":1,"href":"https:\/\/www.hateggeoparc.ro\/new\/index.php\/wp-json\/wp\/v2\/pages\/14691\/revisions"}],"predecessor-version":[{"id":14693,"href":"https:\/\/www.hateggeoparc.ro\/new\/index.php\/wp-json\/wp\/v2\/pages\/14691\/revisions\/14693"}],"wp:attachment":[{"href":"https:\/\/www.hateggeoparc.ro\/new\/index.php\/wp-json\/wp\/v2\/media?parent=14691"}],"curies":[{"name":"wp","href":"https:\/\/api.w.org\/{rel}","templated":true}]}}