{"id":15040,"date":"2024-07-04T10:39:43","date_gmt":"2024-07-04T10:39:43","guid":{"rendered":"https:\/\/www.hateggeoparc.ro\/new\/?page_id=15040"},"modified":"2024-09-26T06:57:44","modified_gmt":"2024-09-26T06:57:44","slug":"danube-geotour-plus","status":"publish","type":"page","link":"https:\/\/www.hateggeoparc.ro\/new\/index.php\/danube-geotour-plus\/","title":{"rendered":"Danube GeoTour Plus"},"content":{"rendered":"<section class=\"kc-elm kc-css-596279 kc_row\"><div class=\"kc-row-container  kc-container\"><div class=\"kc-wrap-columns\"><div class=\"kc-elm kc-css-567109 kc_col-sm-12 kc_column kc_col-sm-12\"><div class=\"kc-col-container\"><div class=\"kc-elm kc-css-76728\" style=\"height: 99px; clear: both; width:100%;\"><\/div>\n<div class=\"element-block-heading style-default\">\n\t<div class=\"wrapper\">\n\t\t<div class=\"inner\">\n\t\t\t\t\t\t<h4 class=\"sub-heading\">CRE\u0218TEREA OPORTUNIT\u0102\u021aILOR PENTRU COMUNIT\u0102\u021aI MAI INCLUZIVE, VALOROASE \u0218I ECHILIBRATE \u00ceN GEOPARCURI<\/h4>\n\t\t\t\n\t\t\t\t\t\t\n\t\t\t\t\t<\/div>\n\t<\/div>\n<\/div><div class=\"kc_shortcode kc_single_image effect-default\"><a  href=\"https:\/\/interreg-danube.eu\/projects\/danube-geotour-plus\" title=\"\" target=\"_blank\"><img decoding=\"async\" src=\"https:\/\/www.hateggeoparc.ro\/new\/wp-content\/uploads\/2024\/07\/logo-proiect-transparent.png\" class=\"\" alt=\"\" \/><\/a><\/div><div class=\"kc-elm kc-css-218870 kc_text_block\"><\/p>\n<p><b>Acronim:<\/b> <a href=\"https:\/\/interreg-danube.eu\/projects\/danube-geotour-plus\">Danube GeoTour Plus<\/a><\/p>\n<p><b>Programul:\u00a0<\/b>Programul Transna\u021bional pentru Regiunea Dun\u0103rii 2021-2027<\/p>\n<p><b>Nr. de referin\u021b\u0103:<\/b> DRP0200085<\/p>\n<p><b>Axa prioritar\u0103 3:<\/b> PO4 &#8211; O Europ\u0103 mai social\u0103<\/p>\n<p><b>Partener Leader:<\/b>\u00a0Nature and Geopark\u00a0<span style=\"font-style: inherit;\">Styrian Eisenwurzen<\/span><span style=\"font-style: inherit;\">\u00a0(AT),<\/span><\/p>\n<p><b>Parteneri:<\/b><\/p>\n<p>&#8211;\u00a0\u00a0\u00a0\u00a0\u00a0\u00a0 Idrija Tourism Board (SI),<\/p>\n<p>&#8211;\u00a0\u00a0\u00a0\u00a0\u00a0\u00a0 \u201dNature Park Papuk\u201d &#8211; Institu\u021bie public\u0103 (HR),<\/p>\n<p>&#8211;\u00a0\u00a0\u00a0\u00a0\u00a0\u00a0 ARGE Geopark Karavanks (AT\/SI),<\/p>\n<p>&#8211;\u00a0 \u00a0 \u00a0 \u00a0Geopark Swabian Alb (DE),<\/p>\n<p>&#8211;\u00a0 \u00a0 \u00a0 \u00a0B\u00fckk National Park\u00a0<span style=\"font-style: inherit;\">Directorate\u00a0<\/span><span style=\"font-style: inherit;\">(HU),<\/span><\/p>\n<p>&#8211;\u00a0\u00a0\u00a0\u00a0\u00a0\u00a0 Vodn\u00ed zdroje Chrudim Ltd. (CZ),<\/p>\n<p>&#8211;\u00a0\u00a0\u00a0\u00a0\u00a0\u00a0 Universitatea din Bucure\u0219ti (RO),<\/p>\n<p>&#8211;\u00a0 \u00a0 \u00a0 \u00a0Technical University of\u00a0<span style=\"font-style: inherit;\">Kosice<\/span><span style=\"font-style: inherit;\">\u00a0(SK),<\/span><\/p>\n<p>&#8211;\u00a0\u00a0\u00a0\u00a0\u00a0\u00a0 Public Enterprise National Park Djerdap (SRB).<\/p>\n<p>&#8211;\u00a0 \u00a0 \u00a0 \u00a0College for Tourism and\u00a0<span style=\"font-style: inherit;\">Management Konjic (BA)<\/span><\/p>\n<p>Al\u021bi 18 parteneri strategici sunt asocia\u021bi \u00een proiect pentru asigurarea unui nivel \u00eenalt al calit\u0103\u021bii ac\u021biunilor implementate:<span style=\"font-style: inherit;\">\u00a0Global Geoparks Network,\u00a0<\/span>Tourismusverband Ges\u00e4use,\u00a0Erz der Alpen UNESCO Global Geopark,\u00a0Zavod Republike Slovenije za varstvo narave,\u00a0Po\u017ee\u0161ko-slavonska \u017eupanija,\u00a0Asociatia GeoD pentru promovarea geodiversitatii,\u00a0Hochschule f\u00fcr Forstwirtschaft Rottenburg,\u00a0Partnerstv\u00ed, o.p.s.,\u00a0NGO Zeleni dom &#8211; Green Home,\u00a0Ministrstvo za naravne vire in prostor,\u00a0Heves Varmegyei Kormanyhivatal,\u00a0Dru\u0161tvo upokojencev Idrija,\u00a0SKS Skupnost koro\u0161kih Slovencev,\u00a0Steirische Arbeitsf\u00f6rderungsgesellschaft,\u00a0\u010ce\u0161ka Beseda Kaptol,\u00a0Bruderhaus Diakonie Stiftung Gustav Werner und\u00a0<span style=\"font-style: inherit;\">Haus am Berg,\u00a0<\/span>Asocia\u021bia Femeilor din Santamaria Orlea,\u00a0Udru\u017eenje privrednih ribara Donjeg Podunavlja.<\/p>\n<p><b>Durata proiectului:<\/b> 1.1.2024- 30.6.2026<\/p>\n<p><b>Bugetul \u00een Euro:<\/b><\/p>\n<p>Total: 2.288.015<\/p>\n<p>Contribu\u021bia Interreg: 1.830.412<\/p>\n<p>\n<\/div><div class=\"kc-elm kc-css-255836 kc_text_block\"><\/p>\n<p id=\"tw-target-text\" class=\"tw-data-text tw-text-large tw-ta\" dir=\"ltr\" data-placeholder=\"Translation\" aria-label=\"Translated text\" data-ved=\"2ahUKEwimvqHSko2HAxVLPhAIHVe7AYgQ3ewLegQIExAU\"><span class=\"Y2IQFc\" lang=\"ro\"><b>Danube GeoTour Plus<\/b> se bazeaz\u0103 pe colaborarea a 9 geoparcuri partenere, 2 parteneri de cercetare \u0219i educa\u021bie \u0219i 18 parteneri strategici asocia\u021bi.\u00a0<\/span><\/p>\n<p id=\"tw-target-text\" class=\"tw-data-text tw-text-large tw-ta\" dir=\"ltr\" data-placeholder=\"Translation\" aria-label=\"Translated text\" data-ved=\"2ahUKEwimvqHSko2HAxVLPhAIHVe7AYgQ3ewLegQIExAU\"><span class=\"Y2IQFc\" lang=\"ro\">Acest proiect abordeaz\u0103 provoc\u0103ri cheie, cum ar fi depopularea rural\u0103, marginalizarea unor grupuri de reziden\u021bi, cererea crescut\u0103 de turism \u0219i lacune \u00een competen\u021b\u0103, management \u0219i infrastructur\u0103. Cuprinz\u00e2nd 416 municipalit\u0103\u021bi din 9 \u021b\u0103ri, cu o suprafa\u021b\u0103 combinat\u0103 de 14.601 km\u00b2, geoparcurile Dun\u0103rene au \u00eenregistrat o sc\u0103dere a popula\u021biei cu 6% \u0219i o cre\u0219tere cu 77% a vizitelor \u00een ultimul deceniu.\u00a0<\/span><\/p>\n<p id=\"tw-target-text\" class=\"tw-data-text tw-text-large tw-ta\" dir=\"ltr\" data-placeholder=\"Translation\" aria-label=\"Translated text\" data-ved=\"2ahUKEwimvqHSko2HAxVLPhAIHVe7AYgQ3ewLegQIExAU\"><span class=\"Y2IQFc\" lang=\"ro\"><b>Rezultate a\u0219teptate<\/b>:\u00a0<\/span><\/p>\n<p id=\"tw-target-text\" class=\"tw-data-text tw-text-large tw-ta\" dir=\"ltr\" data-placeholder=\"Translation\" aria-label=\"Translated text\" data-ved=\"2ahUKEwimvqHSko2HAxVLPhAIHVe7AYgQ3ewLegQIExAU\"><span class=\"Y2IQFc\" lang=\"ro\">1. Implicare:\u00a0<\/span><\/p>\n<p id=\"tw-target-text\" class=\"tw-data-text tw-text-large tw-ta\" dir=\"ltr\" data-placeholder=\"Translation\" aria-label=\"Translated text\" data-ved=\"2ahUKEwimvqHSko2HAxVLPhAIHVe7AYgQ3ewLegQIExAU\"><span class=\"Y2IQFc\" lang=\"ro\">&#8211; Implicarea grupurilor vulnerabile \u00een structurile, produsele \u0219i serviciile geoparcurilor.\u00a0<\/span><\/p>\n<p id=\"tw-target-text\" class=\"tw-data-text tw-text-large tw-ta\" dir=\"ltr\" data-placeholder=\"Translation\" aria-label=\"Translated text\" data-ved=\"2ahUKEwimvqHSko2HAxVLPhAIHVe7AYgQ3ewLegQIExAU\"><span class=\"Y2IQFc\" lang=\"ro\">&#8211; Dezvoltarea unei strategii comun\u0103 de implicare \u0219i 9 planuri de ac\u021biune.\u00a0<\/span><\/p>\n<p id=\"tw-target-text\" class=\"tw-data-text tw-text-large tw-ta\" dir=\"ltr\" data-placeholder=\"Translation\" aria-label=\"Translated text\" data-ved=\"2ahUKEwimvqHSko2HAxVLPhAIHVe7AYgQ3ewLegQIExAU\"><span class=\"Y2IQFc\" lang=\"ro\">&#8211; Promovarea oportunit\u0103\u021bilor prin schimburi transfrontaliere.\u00a0<\/span><\/p>\n<p id=\"tw-target-text\" class=\"tw-data-text tw-text-large tw-ta\" dir=\"ltr\" data-placeholder=\"Translation\" aria-label=\"Translated text\" data-ved=\"2ahUKEwimvqHSko2HAxVLPhAIHVe7AYgQ3ewLegQIExAU\"><span class=\"Y2IQFc\" lang=\"ro\">2. Generare de valoare:\u00a0<\/span><\/p>\n<p id=\"tw-target-text\" class=\"tw-data-text tw-text-large tw-ta\" dir=\"ltr\" data-placeholder=\"Translation\" aria-label=\"Translated text\" data-ved=\"2ahUKEwimvqHSko2HAxVLPhAIHVe7AYgQ3ewLegQIExAU\"><span class=\"Y2IQFc\" lang=\"ro\">&#8211; Pilotarea a 9 Experien\u021be \u00een Geoparcuri ca un nou model participativ de dezvoltare a produselor.\u00a0<\/span><\/p>\n<p id=\"tw-target-text\" class=\"tw-data-text tw-text-large tw-ta\" dir=\"ltr\" data-placeholder=\"Translation\" aria-label=\"Translated text\" data-ved=\"2ahUKEwimvqHSko2HAxVLPhAIHVe7AYgQ3ewLegQIExAU\"><span class=\"Y2IQFc\" lang=\"ro\">&#8211; Stimularea IMM-urilor locale \u0219i a oportunit\u0103\u021bilor de angajare pentru grupurile vulnerabile.\u00a0<\/span><\/p>\n<p id=\"tw-target-text\" class=\"tw-data-text tw-text-large tw-ta\" dir=\"ltr\" data-placeholder=\"Translation\" aria-label=\"Translated text\" data-ved=\"2ahUKEwimvqHSko2HAxVLPhAIHVe7AYgQ3ewLegQIExAU\"><span class=\"Y2IQFc\" lang=\"ro\">3. Management echilibrat al vizitatorilor:\u00a0<\/span><\/p>\n<p id=\"tw-target-text\" class=\"tw-data-text tw-text-large tw-ta\" dir=\"ltr\" data-placeholder=\"Translation\" aria-label=\"Translated text\" data-ved=\"2ahUKEwimvqHSko2HAxVLPhAIHVe7AYgQ3ewLegQIExAU\"><span class=\"Y2IQFc\" lang=\"ro\">&#8211; Dezvoltarea \u0219i verificarea unor solu\u021bii de monitorizare a vizitatorilor pentru trasee, puncte importnate \u0219i teritorii mai mari.\u00a0<\/span><\/p>\n<p id=\"tw-target-text\" class=\"tw-data-text tw-text-large tw-ta\" dir=\"ltr\" data-placeholder=\"Translation\" aria-label=\"Translated text\" data-ved=\"2ahUKEwimvqHSko2HAxVLPhAIHVe7AYgQ3ewLegQIExAU\"><span class=\"Y2IQFc\" lang=\"ro\">&#8211; Implementarea instrumentelor analitice comune \u0219i m\u0103suri ini\u021biale de redistribuire a vizitatorilor.\u00a0<\/span><\/p>\n<p id=\"tw-target-text\" class=\"tw-data-text tw-text-large tw-ta\" dir=\"ltr\" data-placeholder=\"Translation\" aria-label=\"Translated text\" data-ved=\"2ahUKEwimvqHSko2HAxVLPhAIHVe7AYgQ3ewLegQIExAU\"><span class=\"Y2IQFc\" lang=\"ro\"><b>Impact<\/b>: \u00cembun\u0103t\u0103\u021birea competen\u021belor a 29 de organiza\u021bii participante din 8 state membre \u0219i 3 state nemembre. \u00cembun\u0103t\u0103\u021birea dezvolt\u0103rii teritoriale integrate incluzive, managementul inova\u021biei de produs \u0219i monitorizarea inteligent\u0103 a vizitatorilor.\u00a0<\/span><\/p>\n<p id=\"tw-target-text\" class=\"tw-data-text tw-text-large tw-ta\" dir=\"ltr\" data-placeholder=\"Translation\" aria-label=\"Translated text\" data-ved=\"2ahUKEwimvqHSko2HAxVLPhAIHVe7AYgQ3ewLegQIExAU\"><span class=\"Y2IQFc\" lang=\"ro\"><b>Concluzie<\/b>: Danube GeoTour Plus \u00ee\u0219i propune s\u0103 creeze o platform\u0103 de colaborare care s\u0103 asigure sustenabilitatea produsului Danube GeoTour \u0219i s\u0103 promoveze crearea de re\u021bele pentru obiective teritoriale durabile \u0219i incluzive.<\/span><\/p>\n<p id=\"tw-target-text\" class=\"tw-data-text tw-text-large tw-ta\" dir=\"ltr\" data-placeholder=\"Translation\" aria-label=\"Translated text\" data-ved=\"2ahUKEwimvqHSko2HAxVLPhAIHVe7AYgQ3ewLegQIExAU\">Mai multe informa\u021bii despre proiect aici:\u00a0<a href=\"https:\/\/interreg-danube.eu\/projects\/danube-geotour-plus\">https:\/\/interreg-danube.eu\/projects\/danube-geotour-plus<\/a><\/p>\n<p>\n<\/div><div class=\"kc-image-gallery kc-elm kc-css-770493\">\n<div class=\"kc_image_gallery kc-carousel-image kc-grid \">\n<div class=\"item-grid grid-4\"><img decoding=\"async\" src=\"https:\/\/www.hateggeoparc.ro\/new\/wp-content\/uploads\/2024\/07\/1.jpg\" alt=\"\"\/><\/div><div class=\"item-grid grid-4\"><img decoding=\"async\" src=\"https:\/\/www.hateggeoparc.ro\/new\/wp-content\/uploads\/2024\/07\/20240613_105422-scaled.jpg\" alt=\"\"\/><\/div><div class=\"item-grid grid-4\"><img decoding=\"async\" src=\"https:\/\/www.hateggeoparc.ro\/new\/wp-content\/uploads\/2024\/07\/20240611_114601-scaled.jpg\" alt=\"\"\/><\/div><div class=\"item-grid grid-4\"><img decoding=\"async\" src=\"https:\/\/www.hateggeoparc.ro\/new\/wp-content\/uploads\/2024\/07\/7.jpg\" alt=\"\"\/><\/div><div class=\"item-grid grid-4\"><img decoding=\"async\" src=\"https:\/\/www.hateggeoparc.ro\/new\/wp-content\/uploads\/2024\/07\/2.jpg\" alt=\"\"\/><\/div><div class=\"item-grid grid-4\"><img decoding=\"async\" src=\"https:\/\/www.hateggeoparc.ro\/new\/wp-content\/uploads\/2024\/07\/6.jpg\" alt=\"\"\/><\/div><div class=\"item-grid grid-4\"><img decoding=\"async\" src=\"https:\/\/www.hateggeoparc.ro\/new\/wp-content\/uploads\/2024\/07\/3.jpg\" alt=\"\"\/><\/div><div class=\"item-grid grid-4\"><img decoding=\"async\" src=\"https:\/\/www.hateggeoparc.ro\/new\/wp-content\/uploads\/2024\/07\/5.jpg\" alt=\"\"\/><\/div><\/div>\n<\/div><\/div><\/div><\/div><\/div><\/section>\n","protected":false},"excerpt":{"rendered":"","protected":false},"author":3,"featured_media":0,"parent":0,"menu_order":0,"comment_status":"closed","ping_status":"closed","template":"","meta":{"_seopress_robots_primary_cat":"","_seopress_titles_title":"","_seopress_titles_desc":"","_seopress_robots_index":"","footnotes":""},"class_list":["post-15040","page","type-page","status-publish","hentry"],"_links":{"self":[{"href":"https:\/\/www.hateggeoparc.ro\/new\/index.php\/wp-json\/wp\/v2\/pages\/15040","targetHints":{"allow":["GET"]}}],"collection":[{"href":"https:\/\/www.hateggeoparc.ro\/new\/index.php\/wp-json\/wp\/v2\/pages"}],"about":[{"href":"https:\/\/www.hateggeoparc.ro\/new\/index.php\/wp-json\/wp\/v2\/types\/page"}],"author":[{"embeddable":true,"href":"https:\/\/www.hateggeoparc.ro\/new\/index.php\/wp-json\/wp\/v2\/users\/3"}],"replies":[{"embeddable":true,"href":"https:\/\/www.hateggeoparc.ro\/new\/index.php\/wp-json\/wp\/v2\/comments?post=15040"}],"version-history":[{"count":11,"href":"https:\/\/www.hateggeoparc.ro\/new\/index.php\/wp-json\/wp\/v2\/pages\/15040\/revisions"}],"predecessor-version":[{"id":15120,"href":"https:\/\/www.hateggeoparc.ro\/new\/index.php\/wp-json\/wp\/v2\/pages\/15040\/revisions\/15120"}],"wp:attachment":[{"href":"https:\/\/www.hateggeoparc.ro\/new\/index.php\/wp-json\/wp\/v2\/media?parent=15040"}],"curies":[{"name":"wp","href":"https:\/\/api.w.org\/{rel}","templated":true}]}}