{"id":15070,"date":"2024-07-04T11:40:27","date_gmt":"2024-07-04T11:40:27","guid":{"rendered":"https:\/\/www.hateggeoparc.ro\/new\/?page_id=15070"},"modified":"2024-09-26T07:48:14","modified_gmt":"2024-09-26T07:48:14","slug":"geotourplus","status":"publish","type":"page","link":"https:\/\/www.hateggeoparc.ro\/new\/index.php\/en\/geotourplus\/","title":{"rendered":"Danube GeoTour Plus"},"content":{"rendered":"<section class=\"kc-elm kc-css-176086 kc_row\"><div class=\"kc-row-container  kc-container\"><div class=\"kc-wrap-columns\"><div class=\"kc-elm kc-css-693157 kc_col-sm-12 kc_column kc_col-sm-12\"><div class=\"kc-col-container\"><div class=\"kc-elm kc-css-291156\" style=\"height: 99px; clear: both; width:100%;\"><\/div>\n<div class=\"element-block-heading style-default\">\n\t<div class=\"wrapper\">\n\t\t<div class=\"inner\">\n\t\t\t\t\t\t<h4 class=\"sub-heading\">BOOSTING OPPORTUNITIES FOR MORE INCLUSIVE, VALUABLE AND BALANCED GEOPARK COMMUNITIES<\/h4>\n\t\t\t\n\t\t\t\t\t\t\n\t\t\t\t\t<\/div>\n\t<\/div>\n<\/div><div class=\"kc_shortcode kc_single_image effect-default\"><a  href=\"https:\/\/interreg-danube.eu\/projects\/danube-geotour-plus\" title=\"\" target=\"_blank\"><img decoding=\"async\" src=\"https:\/\/www.hateggeoparc.ro\/new\/wp-content\/uploads\/2024\/07\/logo-proiect-transparent.png\" class=\"\" alt=\"\" \/><\/a><\/div><div class=\"kc-elm kc-css-834898 kc_text_block\"><\/p>\n<p>\n<b>Acronim:<\/b> <a href=\"https:\/\/interreg-danube.eu\/projects\/danube-geotour-plus\">Danube GeoTour Plus<\/a><\/p>\n<p><b>Programme:\u00a0<\/b>Interreg Danube Region 2021-2027<\/p>\n<p><b>No.:<\/b> DRP0200085<\/p>\n<p><b>Axis 3:<\/b> PO4 &#8211; A more social Europe<\/p>\n<p><b>Lead Partner:<\/b>\u00a0Nature and Geopark\u00a0<span style=\"font-style: inherit;\">Styrian Eisenwurzen<\/span><span style=\"font-style: inherit;\">\u00a0(AT),<\/span><\/p>\n<p><b>Partners:<\/b><\/p>\n<p>&#8211;\u00a0\u00a0\u00a0\u00a0\u00a0\u00a0 Idrija Tourism Board (SI),<\/p>\n<p>&#8211;\u00a0\u00a0\u00a0\u00a0\u00a0\u00a0 \u201dNature Park Papuk\u201d &#8211; Institu\u021bie public\u0103 (HR),<\/p>\n<p>&#8211;\u00a0\u00a0\u00a0\u00a0\u00a0\u00a0 ARGE Geopark Karavanks (AT\/SI),<\/p>\n<p>&#8211;\u00a0 \u00a0 \u00a0 \u00a0Geopark Swabian Alb (DE),<\/p>\n<p>&#8211;\u00a0 \u00a0 \u00a0 \u00a0B\u00fckk National Park\u00a0<span style=\"font-style: inherit;\">Directorate\u00a0<\/span><span style=\"font-style: inherit;\">(HU),<\/span><\/p>\n<p>&#8211;\u00a0\u00a0\u00a0\u00a0\u00a0\u00a0 Vodn\u00ed zdroje Chrudim Ltd. (CZ),<\/p>\n<p>&#8211;\u00a0\u00a0\u00a0\u00a0\u00a0\u00a0 Universitatea din Bucure\u0219ti (RO),<\/p>\n<p>&#8211;\u00a0 \u00a0 \u00a0 \u00a0Technical University of\u00a0<span style=\"font-style: inherit;\">Kosice<\/span><span style=\"font-style: inherit;\">\u00a0(SK),<\/span><\/p>\n<p>&#8211;\u00a0\u00a0\u00a0\u00a0\u00a0\u00a0 Public Enterprise National Park Djerdap (SRB).<\/p>\n<p>&#8211;\u00a0 \u00a0 \u00a0 \u00a0College for Tourism and\u00a0<span style=\"font-style: inherit;\">Management Konjic (BA)<\/span><\/p>\n<p>Al\u021bi 18 parteneri strategici sunt asocia\u021bi \u00een proiect pentru asigurarea unui nivel \u00eenalt al calit\u0103\u021bii ac\u021biunilor implementate:<span style=\"font-style: inherit;\">\u00a0Global Geoparks Network,\u00a0<\/span>Tourismusverband Ges\u00e4use,\u00a0Erz der Alpen UNESCO Global Geopark,\u00a0Zavod Republike Slovenije za varstvo narave,\u00a0Po\u017ee\u0161ko-slavonska \u017eupanija,\u00a0Asociatia GeoD pentru promovarea geodiversitatii,\u00a0Hochschule f\u00fcr Forstwirtschaft Rottenburg,\u00a0Partnerstv\u00ed, o.p.s.,\u00a0NGO Zeleni dom &#8211; Green Home,\u00a0Ministrstvo za naravne vire in prostor,\u00a0Heves Varmegyei Kormanyhivatal,\u00a0Dru\u0161tvo upokojencev Idrija,\u00a0SKS Skupnost koro\u0161kih Slovencev,\u00a0Steirische Arbeitsf\u00f6rderungsgesellschaft,\u00a0\u010ce\u0161ka Beseda Kaptol,\u00a0Bruderhaus Diakonie Stiftung Gustav Werner und\u00a0<span style=\"font-style: inherit;\">Haus am Berg,\u00a0<\/span>Asocia\u021bia Femeilor din Santamaria Orlea,\u00a0Udru\u017eenje privrednih ribara Donjeg Podunavlja.<\/p>\n<p><b>Period:<\/b> 1.1.2024- 30.6.2026<\/p>\n<p><b>Budget:<\/b><\/p>\n<p>Total: 2.288.015<\/p>\n<p>Interreg contribution: 1.830.412<\/p>\n<p>\n<\/div><div class=\"kc-elm kc-css-540882 kc_text_block\"><\/p>\n<p style=\"box-sizing: border-box; scroll-behavior: smooth; scroll-padding-top: 2rem; --tw-border-spacing-x: 0; --tw-border-spacing-y: 0; --tw-translate-x: 0; --tw-translate-y: 0; --tw-rotate: 0; --tw-skew-x: 0; --tw-skew-y: 0; --tw-scale-x: 1; --tw-scale-y: 1; --tw-scroll-snap-strictness: proximity; --tw-ring-offset-width: 0px; --tw-ring-offset-color: #fff; --tw-ring-color: rgb(59 130 246 \/ .5); --tw-ring-offset-shadow: 0 0 #0000; --tw-ring-shadow: 0 0 #0000; --tw-shadow: 0 0 #0000; --tw-shadow-colored: 0 0 #0000; margin: 0px 0px 1.25em; color: #374151; font-family: &#039;Open Sans&#039;, sans-serif; border: 0px solid #e5e7eb;\"><span style=\"box-sizing: border-box; scroll-behavior: smooth; scroll-padding-top: 2rem; --tw-border-spacing-x: 0; --tw-border-spacing-y: 0; --tw-translate-x: 0; --tw-translate-y: 0; --tw-rotate: 0; --tw-skew-x: 0; --tw-skew-y: 0; --tw-scale-x: 1; --tw-scale-y: 1; --tw-scroll-snap-strictness: proximity; --tw-ring-offset-width: 0px; --tw-ring-offset-color: #fff; --tw-ring-color: rgb(59 130 246 \/ .5); --tw-ring-offset-shadow: 0 0 #0000; --tw-ring-shadow: 0 0 #0000; --tw-shadow: 0 0 #0000; --tw-shadow-colored: 0 0 #0000; font-weight: 600; color: var(--tw-prose-bold); border: 0px solid #e5e7eb;\">Danube GeoTour Plus<\/span>\u00a0builds on the collaboration of 9 geopark partners, 2 research and education partners, and 18 ASPs. This project addresses key challenges such as rural depopulation, marginalization of resident groups, increased tourism demand, and gaps in competence, management, and infrastructure. Spanning 416 municipalities across 9 countries with a combined area of 14,601 km\u00b2, Danube geoparks have seen a 6% population decline and a 77% increase in visits over the past decade.<\/p>\n<p style=\"box-sizing: border-box; scroll-behavior: smooth; scroll-padding-top: 2rem; --tw-border-spacing-x: 0; --tw-border-spacing-y: 0; --tw-translate-x: 0; --tw-translate-y: 0; --tw-rotate: 0; --tw-skew-x: 0; --tw-skew-y: 0; --tw-scale-x: 1; --tw-scale-y: 1; --tw-scroll-snap-strictness: proximity; --tw-ring-offset-width: 0px; --tw-ring-offset-color: #fff; --tw-ring-color: rgb(59 130 246 \/ .5); --tw-ring-offset-shadow: 0 0 #0000; --tw-ring-shadow: 0 0 #0000; --tw-shadow: 0 0 #0000; --tw-shadow-colored: 0 0 #0000; margin: 1.25em 0px; color: #374151; font-family: &#039;Open Sans&#039;, sans-serif; border: 0px solid #e5e7eb;\"><span style=\"box-sizing: border-box; scroll-behavior: smooth; scroll-padding-top: 2rem; --tw-border-spacing-x: 0; --tw-border-spacing-y: 0; --tw-translate-x: 0; --tw-translate-y: 0; --tw-rotate: 0; --tw-skew-x: 0; --tw-skew-y: 0; --tw-scale-x: 1; --tw-scale-y: 1; --tw-scroll-snap-strictness: proximity; --tw-ring-offset-width: 0px; --tw-ring-offset-color: #fff; --tw-ring-color: rgb(59 130 246 \/ .5); --tw-ring-offset-shadow: 0 0 #0000; --tw-ring-shadow: 0 0 #0000; --tw-shadow: 0 0 #0000; --tw-shadow-colored: 0 0 #0000; font-weight: 600; color: var(--tw-prose-bold); border: 0px solid #e5e7eb;\">Expected Outcomes:<\/span><\/p>\n<ol style=\"box-sizing: border-box; scroll-behavior: smooth; scroll-padding-top: 2rem; --tw-border-spacing-x: 0; --tw-border-spacing-y: 0; --tw-translate-x: 0; --tw-translate-y: 0; --tw-rotate: 0; --tw-skew-x: 0; --tw-skew-y: 0; --tw-scale-x: 1; --tw-scale-y: 1; --tw-scroll-snap-strictness: proximity; --tw-ring-offset-width: 0px; --tw-ring-offset-color: #fff; --tw-ring-color: rgb(59 130 246 \/ .5); --tw-ring-offset-shadow: 0 0 #0000; --tw-ring-shadow: 0 0 #0000; --tw-shadow: 0 0 #0000; --tw-shadow-colored: 0 0 #0000; list-style-position: initial; list-style-image: initial; margin: 1.25em 0px; padding: 0px; padding-inline-start: 1.625em; color: #374151; font-family: &#039;Open Sans&#039;, sans-serif; border: 0px solid #e5e7eb;\">\n<li style=\"box-sizing: border-box; scroll-behavior: smooth; scroll-padding-top: 2rem; --tw-border-spacing-x: 0; --tw-border-spacing-y: 0; --tw-translate-x: 0; --tw-translate-y: 0; --tw-rotate: 0; --tw-skew-x: 0; --tw-skew-y: 0; --tw-scale-x: 1; --tw-scale-y: 1; --tw-scroll-snap-strictness: proximity; --tw-ring-offset-width: 0px; --tw-ring-offset-color: #fff; --tw-ring-color: rgb(59 130 246 \/ .5); --tw-ring-offset-shadow: 0 0 #0000; --tw-ring-shadow: 0 0 #0000; --tw-shadow: 0 0 #0000; --tw-shadow-colored: 0 0 #0000; margin-top: 0.5em; margin-bottom: 0.5em; padding-inline-start: 0.375em; border: 0px solid #e5e7eb;\"><span style=\"box-sizing: border-box; scroll-behavior: smooth; scroll-padding-top: 2rem; --tw-border-spacing-x: 0; --tw-border-spacing-y: 0; --tw-translate-x: 0; --tw-translate-y: 0; --tw-rotate: 0; --tw-skew-x: 0; --tw-skew-y: 0; --tw-scale-x: 1; --tw-scale-y: 1; --tw-scroll-snap-strictness: proximity; --tw-ring-offset-width: 0px; --tw-ring-offset-color: #fff; --tw-ring-color: rgb(59 130 246 \/ .5); --tw-ring-offset-shadow: 0 0 #0000; --tw-ring-shadow: 0 0 #0000; --tw-shadow: 0 0 #0000; --tw-shadow-colored: 0 0 #0000; font-weight: 600; color: var(--tw-prose-bold); margin-top: 1.25em; border: 0px solid #e5e7eb;\">Engagement:<\/span>\n<ul style=\"box-sizing: border-box; scroll-behavior: smooth; scroll-padding-top: 2rem; --tw-border-spacing-x: 0; --tw-border-spacing-y: 0; --tw-translate-x: 0; --tw-translate-y: 0; --tw-rotate: 0; --tw-skew-x: 0; --tw-skew-y: 0; --tw-scale-x: 1; --tw-scale-y: 1; --tw-scroll-snap-strictness: proximity; --tw-ring-offset-width: 0px; --tw-ring-offset-color: #fff; --tw-ring-color: rgb(59 130 246 \/ .5); --tw-ring-offset-shadow: 0 0 #0000; --tw-ring-shadow: 0 0 #0000; --tw-shadow: 0 0 #0000; --tw-shadow-colored: 0 0 #0000; list-style: disc; margin: 0.75em 0px; padding: 0px; padding-inline-start: 1.625em; border: 0px solid #e5e7eb;\">\n<li style=\"box-sizing: border-box; scroll-behavior: smooth; scroll-padding-top: 2rem; --tw-border-spacing-x: 0; --tw-border-spacing-y: 0; --tw-translate-x: 0; --tw-translate-y: 0; --tw-rotate: 0; --tw-skew-x: 0; --tw-skew-y: 0; --tw-scale-x: 1; --tw-scale-y: 1; --tw-scroll-snap-strictness: proximity; --tw-ring-offset-width: 0px; --tw-ring-offset-color: #fff; --tw-ring-color: rgb(59 130 246 \/ .5); --tw-ring-offset-shadow: 0 0 #0000; --tw-ring-shadow: 0 0 #0000; --tw-shadow: 0 0 #0000; --tw-shadow-colored: 0 0 #0000; margin-top: 0.5em; margin-bottom: 0.5em; padding-inline-start: 0.375em; border: 0px solid #e5e7eb;\">Involve vulnerable groups in geopark structures, products, and services.<\/li>\n<li style=\"box-sizing: border-box; scroll-behavior: smooth; scroll-padding-top: 2rem; --tw-border-spacing-x: 0; --tw-border-spacing-y: 0; --tw-translate-x: 0; --tw-translate-y: 0; --tw-rotate: 0; --tw-skew-x: 0; --tw-skew-y: 0; --tw-scale-x: 1; --tw-scale-y: 1; --tw-scroll-snap-strictness: proximity; --tw-ring-offset-width: 0px; --tw-ring-offset-color: #fff; --tw-ring-color: rgb(59 130 246 \/ .5); --tw-ring-offset-shadow: 0 0 #0000; --tw-ring-shadow: 0 0 #0000; --tw-shadow: 0 0 #0000; --tw-shadow-colored: 0 0 #0000; margin-top: 0.5em; margin-bottom: 0.5em; padding-inline-start: 0.375em; border: 0px solid #e5e7eb;\">Develop a common engagement strategy and 9 action plans.<\/li>\n<li style=\"box-sizing: border-box; scroll-behavior: smooth; scroll-padding-top: 2rem; --tw-border-spacing-x: 0; --tw-border-spacing-y: 0; --tw-translate-x: 0; --tw-translate-y: 0; --tw-rotate: 0; --tw-skew-x: 0; --tw-skew-y: 0; --tw-scale-x: 1; --tw-scale-y: 1; --tw-scroll-snap-strictness: proximity; --tw-ring-offset-width: 0px; --tw-ring-offset-color: #fff; --tw-ring-color: rgb(59 130 246 \/ .5); --tw-ring-offset-shadow: 0 0 #0000; --tw-ring-shadow: 0 0 #0000; --tw-shadow: 0 0 #0000; --tw-shadow-colored: 0 0 #0000; margin-top: 0.5em; margin-bottom: 0.5em; padding-inline-start: 0.375em; border: 0px solid #e5e7eb;\">Foster opportunities through cross-border exchanges.<\/li>\n<\/ul>\n<\/li>\n<li style=\"box-sizing: border-box; scroll-behavior: smooth; scroll-padding-top: 2rem; --tw-border-spacing-x: 0; --tw-border-spacing-y: 0; --tw-translate-x: 0; --tw-translate-y: 0; --tw-rotate: 0; --tw-skew-x: 0; --tw-skew-y: 0; --tw-scale-x: 1; --tw-scale-y: 1; --tw-scroll-snap-strictness: proximity; --tw-ring-offset-width: 0px; --tw-ring-offset-color: #fff; --tw-ring-color: rgb(59 130 246 \/ .5); --tw-ring-offset-shadow: 0 0 #0000; --tw-ring-shadow: 0 0 #0000; --tw-shadow: 0 0 #0000; --tw-shadow-colored: 0 0 #0000; margin-top: 0.5em; margin-bottom: 0.5em; padding-inline-start: 0.375em; border: 0px solid #e5e7eb;\"><span style=\"box-sizing: border-box; scroll-behavior: smooth; scroll-padding-top: 2rem; --tw-border-spacing-x: 0; --tw-border-spacing-y: 0; --tw-translate-x: 0; --tw-translate-y: 0; --tw-rotate: 0; --tw-skew-x: 0; --tw-skew-y: 0; --tw-scale-x: 1; --tw-scale-y: 1; --tw-scroll-snap-strictness: proximity; --tw-ring-offset-width: 0px; --tw-ring-offset-color: #fff; --tw-ring-color: rgb(59 130 246 \/ .5); --tw-ring-offset-shadow: 0 0 #0000; --tw-ring-shadow: 0 0 #0000; --tw-shadow: 0 0 #0000; --tw-shadow-colored: 0 0 #0000; font-weight: 600; color: var(--tw-prose-bold); margin-top: 1.25em; border: 0px solid #e5e7eb;\">Value Generation:<\/span>\n<ul style=\"box-sizing: border-box; scroll-behavior: smooth; scroll-padding-top: 2rem; --tw-border-spacing-x: 0; --tw-border-spacing-y: 0; --tw-translate-x: 0; --tw-translate-y: 0; --tw-rotate: 0; --tw-skew-x: 0; --tw-skew-y: 0; --tw-scale-x: 1; --tw-scale-y: 1; --tw-scroll-snap-strictness: proximity; --tw-ring-offset-width: 0px; --tw-ring-offset-color: #fff; --tw-ring-color: rgb(59 130 246 \/ .5); --tw-ring-offset-shadow: 0 0 #0000; --tw-ring-shadow: 0 0 #0000; --tw-shadow: 0 0 #0000; --tw-shadow-colored: 0 0 #0000; list-style: disc; margin: 0.75em 0px; padding: 0px; padding-inline-start: 1.625em; border: 0px solid #e5e7eb;\">\n<li style=\"box-sizing: border-box; scroll-behavior: smooth; scroll-padding-top: 2rem; --tw-border-spacing-x: 0; --tw-border-spacing-y: 0; --tw-translate-x: 0; --tw-translate-y: 0; --tw-rotate: 0; --tw-skew-x: 0; --tw-skew-y: 0; --tw-scale-x: 1; --tw-scale-y: 1; --tw-scroll-snap-strictness: proximity; --tw-ring-offset-width: 0px; --tw-ring-offset-color: #fff; --tw-ring-color: rgb(59 130 246 \/ .5); --tw-ring-offset-shadow: 0 0 #0000; --tw-ring-shadow: 0 0 #0000; --tw-shadow: 0 0 #0000; --tw-shadow-colored: 0 0 #0000; margin-top: 0.5em; margin-bottom: 0.5em; padding-inline-start: 0.375em; border: 0px solid #e5e7eb;\">Pilot 9 GeoExperiences as a new participative product development model.<\/li>\n<li style=\"box-sizing: border-box; scroll-behavior: smooth; scroll-padding-top: 2rem; --tw-border-spacing-x: 0; --tw-border-spacing-y: 0; --tw-translate-x: 0; --tw-translate-y: 0; --tw-rotate: 0; --tw-skew-x: 0; --tw-skew-y: 0; --tw-scale-x: 1; --tw-scale-y: 1; --tw-scroll-snap-strictness: proximity; --tw-ring-offset-width: 0px; --tw-ring-offset-color: #fff; --tw-ring-color: rgb(59 130 246 \/ .5); --tw-ring-offset-shadow: 0 0 #0000; --tw-ring-shadow: 0 0 #0000; --tw-shadow: 0 0 #0000; --tw-shadow-colored: 0 0 #0000; margin-top: 0.5em; margin-bottom: 0.5em; padding-inline-start: 0.375em; border: 0px solid #e5e7eb;\">Boost local SMEs and employment opportunities for vulnerable groups.<\/li>\n<\/ul>\n<\/li>\n<li style=\"box-sizing: border-box; scroll-behavior: smooth; scroll-padding-top: 2rem; --tw-border-spacing-x: 0; --tw-border-spacing-y: 0; --tw-translate-x: 0; --tw-translate-y: 0; --tw-rotate: 0; --tw-skew-x: 0; --tw-skew-y: 0; --tw-scale-x: 1; --tw-scale-y: 1; --tw-scroll-snap-strictness: proximity; --tw-ring-offset-width: 0px; --tw-ring-offset-color: #fff; --tw-ring-color: rgb(59 130 246 \/ .5); --tw-ring-offset-shadow: 0 0 #0000; --tw-ring-shadow: 0 0 #0000; --tw-shadow: 0 0 #0000; --tw-shadow-colored: 0 0 #0000; margin-top: 0.5em; margin-bottom: 0.5em; padding-inline-start: 0.375em; border: 0px solid #e5e7eb;\"><span style=\"box-sizing: border-box; scroll-behavior: smooth; scroll-padding-top: 2rem; --tw-border-spacing-x: 0; --tw-border-spacing-y: 0; --tw-translate-x: 0; --tw-translate-y: 0; --tw-rotate: 0; --tw-skew-x: 0; --tw-skew-y: 0; --tw-scale-x: 1; --tw-scale-y: 1; --tw-scroll-snap-strictness: proximity; --tw-ring-offset-width: 0px; --tw-ring-offset-color: #fff; --tw-ring-color: rgb(59 130 246 \/ .5); --tw-ring-offset-shadow: 0 0 #0000; --tw-ring-shadow: 0 0 #0000; --tw-shadow: 0 0 #0000; --tw-shadow-colored: 0 0 #0000; font-weight: 600; color: var(--tw-prose-bold); margin-top: 1.25em; border: 0px solid #e5e7eb;\">Balanced Visitor Management:<\/span>\n<ul style=\"box-sizing: border-box; scroll-behavior: smooth; scroll-padding-top: 2rem; --tw-border-spacing-x: 0; --tw-border-spacing-y: 0; --tw-translate-x: 0; --tw-translate-y: 0; --tw-rotate: 0; --tw-skew-x: 0; --tw-skew-y: 0; --tw-scale-x: 1; --tw-scale-y: 1; --tw-scroll-snap-strictness: proximity; --tw-ring-offset-width: 0px; --tw-ring-offset-color: #fff; --tw-ring-color: rgb(59 130 246 \/ .5); --tw-ring-offset-shadow: 0 0 #0000; --tw-ring-shadow: 0 0 #0000; --tw-shadow: 0 0 #0000; --tw-shadow-colored: 0 0 #0000; list-style: disc; margin: 0.75em 0px; padding: 0px; padding-inline-start: 1.625em; border: 0px solid #e5e7eb;\">\n<li style=\"box-sizing: border-box; scroll-behavior: smooth; scroll-padding-top: 2rem; --tw-border-spacing-x: 0; --tw-border-spacing-y: 0; --tw-translate-x: 0; --tw-translate-y: 0; --tw-rotate: 0; --tw-skew-x: 0; --tw-skew-y: 0; --tw-scale-x: 1; --tw-scale-y: 1; --tw-scroll-snap-strictness: proximity; --tw-ring-offset-width: 0px; --tw-ring-offset-color: #fff; --tw-ring-color: rgb(59 130 246 \/ .5); --tw-ring-offset-shadow: 0 0 #0000; --tw-ring-shadow: 0 0 #0000; --tw-shadow: 0 0 #0000; --tw-shadow-colored: 0 0 #0000; margin-top: 0.5em; margin-bottom: 0.5em; padding-inline-start: 0.375em; border: 0px solid #e5e7eb;\">Develop and verify visitor monitoring solutions for routes, hot spots, and larger territories.<\/li>\n<li style=\"box-sizing: border-box; scroll-behavior: smooth; scroll-padding-top: 2rem; --tw-border-spacing-x: 0; --tw-border-spacing-y: 0; --tw-translate-x: 0; --tw-translate-y: 0; --tw-rotate: 0; --tw-skew-x: 0; --tw-skew-y: 0; --tw-scale-x: 1; --tw-scale-y: 1; --tw-scroll-snap-strictness: proximity; --tw-ring-offset-width: 0px; --tw-ring-offset-color: #fff; --tw-ring-color: rgb(59 130 246 \/ .5); --tw-ring-offset-shadow: 0 0 #0000; --tw-ring-shadow: 0 0 #0000; --tw-shadow: 0 0 #0000; --tw-shadow-colored: 0 0 #0000; margin-top: 0.5em; margin-bottom: 0.5em; padding-inline-start: 0.375em; border: 0px solid #e5e7eb;\">Implement joint analytical tools and initial visitor redistribution measures.<\/li>\n<\/ul>\n<\/li>\n<\/ol>\n<p style=\"box-sizing: border-box; scroll-behavior: smooth; scroll-padding-top: 2rem; --tw-border-spacing-x: 0; --tw-border-spacing-y: 0; --tw-translate-x: 0; --tw-translate-y: 0; --tw-rotate: 0; --tw-skew-x: 0; --tw-skew-y: 0; --tw-scale-x: 1; --tw-scale-y: 1; --tw-scroll-snap-strictness: proximity; --tw-ring-offset-width: 0px; --tw-ring-offset-color: #fff; --tw-ring-color: rgb(59 130 246 \/ .5); --tw-ring-offset-shadow: 0 0 #0000; --tw-ring-shadow: 0 0 #0000; --tw-shadow: 0 0 #0000; --tw-shadow-colored: 0 0 #0000; margin: 1.25em 0px; color: #374151; font-family: &#039;Open Sans&#039;, sans-serif; border: 0px solid #e5e7eb;\"><span style=\"box-sizing: border-box; scroll-behavior: smooth; scroll-padding-top: 2rem; --tw-border-spacing-x: 0; --tw-border-spacing-y: 0; --tw-translate-x: 0; --tw-translate-y: 0; --tw-rotate: 0; --tw-skew-x: 0; --tw-skew-y: 0; --tw-scale-x: 1; --tw-scale-y: 1; --tw-scroll-snap-strictness: proximity; --tw-ring-offset-width: 0px; --tw-ring-offset-color: #fff; --tw-ring-color: rgb(59 130 246 \/ .5); --tw-ring-offset-shadow: 0 0 #0000; --tw-ring-shadow: 0 0 #0000; --tw-shadow: 0 0 #0000; --tw-shadow-colored: 0 0 #0000; font-weight: 600; color: var(--tw-prose-bold); border: 0px solid #e5e7eb;\">Impact:<\/span><\/p>\n<ul style=\"box-sizing: border-box; scroll-behavior: smooth; scroll-padding-top: 2rem; --tw-border-spacing-x: 0; --tw-border-spacing-y: 0; --tw-translate-x: 0; --tw-translate-y: 0; --tw-rotate: 0; --tw-skew-x: 0; --tw-skew-y: 0; --tw-scale-x: 1; --tw-scale-y: 1; --tw-scroll-snap-strictness: proximity; --tw-ring-offset-width: 0px; --tw-ring-offset-color: #fff; --tw-ring-color: rgb(59 130 246 \/ .5); --tw-ring-offset-shadow: 0 0 #0000; --tw-ring-shadow: 0 0 #0000; --tw-shadow: 0 0 #0000; --tw-shadow-colored: 0 0 #0000; list-style-position: initial; list-style-image: initial; margin: 1.25em 0px; padding: 0px; padding-inline-start: 1.625em; color: #374151; font-family: &#039;Open Sans&#039;, sans-serif; border: 0px solid #e5e7eb;\">\n<li style=\"box-sizing: border-box; scroll-behavior: smooth; scroll-padding-top: 2rem; --tw-border-spacing-x: 0; --tw-border-spacing-y: 0; --tw-translate-x: 0; --tw-translate-y: 0; --tw-rotate: 0; --tw-skew-x: 0; --tw-skew-y: 0; --tw-scale-x: 1; --tw-scale-y: 1; --tw-scroll-snap-strictness: proximity; --tw-ring-offset-width: 0px; --tw-ring-offset-color: #fff; --tw-ring-color: rgb(59 130 246 \/ .5); --tw-ring-offset-shadow: 0 0 #0000; --tw-ring-shadow: 0 0 #0000; --tw-shadow: 0 0 #0000; --tw-shadow-colored: 0 0 #0000; margin-top: 0.5em; margin-bottom: 0.5em; padding-inline-start: 0.375em; border: 0px solid #e5e7eb;\">Improve competences of 29 participating organizations from 8 member and 3 non-member states.<\/li>\n<li style=\"box-sizing: border-box; scroll-behavior: smooth; scroll-padding-top: 2rem; --tw-border-spacing-x: 0; --tw-border-spacing-y: 0; --tw-translate-x: 0; --tw-translate-y: 0; --tw-rotate: 0; --tw-skew-x: 0; --tw-skew-y: 0; --tw-scale-x: 1; --tw-scale-y: 1; --tw-scroll-snap-strictness: proximity; --tw-ring-offset-width: 0px; --tw-ring-offset-color: #fff; --tw-ring-color: rgb(59 130 246 \/ .5); --tw-ring-offset-shadow: 0 0 #0000; --tw-ring-shadow: 0 0 #0000; --tw-shadow: 0 0 #0000; --tw-shadow-colored: 0 0 #0000; margin-top: 0.5em; margin-bottom: 0.5em; padding-inline-start: 0.375em; border: 0px solid #e5e7eb;\">Enhance inclusive integrated territorial development, product innovation management, and smart visitor monitoring.<\/li>\n<\/ul>\n<p style=\"box-sizing: border-box; scroll-behavior: smooth; scroll-padding-top: 2rem; --tw-border-spacing-x: 0; --tw-border-spacing-y: 0; --tw-translate-x: 0; --tw-translate-y: 0; --tw-rotate: 0; --tw-skew-x: 0; --tw-skew-y: 0; --tw-scale-x: 1; --tw-scale-y: 1; --tw-scroll-snap-strictness: proximity; --tw-ring-offset-width: 0px; --tw-ring-offset-color: #fff; --tw-ring-color: rgb(59 130 246 \/ .5); --tw-ring-offset-shadow: 0 0 #0000; --tw-ring-shadow: 0 0 #0000; --tw-shadow: 0 0 #0000; --tw-shadow-colored: 0 0 #0000; margin: 1.25em 0px; color: #374151; font-family: &#039;Open Sans&#039;, sans-serif; border: 0px solid #e5e7eb;\"><span style=\"box-sizing: border-box; scroll-behavior: smooth; scroll-padding-top: 2rem; --tw-border-spacing-x: 0; --tw-border-spacing-y: 0; --tw-translate-x: 0; --tw-translate-y: 0; --tw-rotate: 0; --tw-skew-x: 0; --tw-skew-y: 0; --tw-scale-x: 1; --tw-scale-y: 1; --tw-scroll-snap-strictness: proximity; --tw-ring-offset-width: 0px; --tw-ring-offset-color: #fff; --tw-ring-color: rgb(59 130 246 \/ .5); --tw-ring-offset-shadow: 0 0 #0000; --tw-ring-shadow: 0 0 #0000; --tw-shadow: 0 0 #0000; --tw-shadow-colored: 0 0 #0000; font-weight: 600; color: var(--tw-prose-bold); border: 0px solid #e5e7eb;\">Conclusion:<\/span>\u00a0Danube GeoTour Plus aims to create a collaborative platform ensuring the sustainability of the Danube GeoTour product and promoting networking for sustainable and inclusive territorial goals.<\/p>\n<p style=\"box-sizing: border-box; scroll-behavior: smooth; scroll-padding-top: 2rem; --tw-border-spacing-x: 0; --tw-border-spacing-y: 0; --tw-translate-x: 0; --tw-translate-y: 0; --tw-rotate: 0; --tw-skew-x: 0; --tw-skew-y: 0; --tw-scale-x: 1; --tw-scale-y: 1; --tw-scroll-snap-strictness: proximity; --tw-ring-offset-width: 0px; --tw-ring-offset-color: #fff; --tw-ring-color: rgb(59 130 246 \/ .5); --tw-ring-offset-shadow: 0 0 #0000; --tw-ring-shadow: 0 0 #0000; --tw-shadow: 0 0 #0000; --tw-shadow-colored: 0 0 #0000; margin: 1.25em 0px; color: #374151; font-family: &#039;Open Sans&#039;, sans-serif; border: 0px solid #e5e7eb;\">More information:\u00a0<a href=\"https:\/\/interreg-danube.eu\/projects\/danube-geotour-plus\">https:\/\/interreg-danube.eu\/projects\/danube-geotour-plus<\/a><\/p>\n<p>\n<\/div><div class=\"kc-image-gallery kc-elm kc-css-482419\">\n<div class=\"kc_image_gallery kc-carousel-image kc-grid \">\n<div class=\"item-grid grid-4\"><img decoding=\"async\" src=\"https:\/\/www.hateggeoparc.ro\/new\/wp-content\/uploads\/2024\/07\/1.jpg\" alt=\"\"\/><\/div><div class=\"item-grid grid-4\"><img decoding=\"async\" src=\"https:\/\/www.hateggeoparc.ro\/new\/wp-content\/uploads\/2024\/07\/20240613_105422-scaled.jpg\" alt=\"\"\/><\/div><div class=\"item-grid grid-4\"><img decoding=\"async\" src=\"https:\/\/www.hateggeoparc.ro\/new\/wp-content\/uploads\/2024\/07\/20240611_114601-scaled.jpg\" alt=\"\"\/><\/div><div class=\"item-grid grid-4\"><img decoding=\"async\" src=\"https:\/\/www.hateggeoparc.ro\/new\/wp-content\/uploads\/2024\/07\/7.jpg\" alt=\"\"\/><\/div><div class=\"item-grid grid-4\"><img decoding=\"async\" src=\"https:\/\/www.hateggeoparc.ro\/new\/wp-content\/uploads\/2024\/07\/2.jpg\" alt=\"\"\/><\/div><div class=\"item-grid grid-4\"><img decoding=\"async\" src=\"https:\/\/www.hateggeoparc.ro\/new\/wp-content\/uploads\/2024\/07\/6.jpg\" alt=\"\"\/><\/div><div class=\"item-grid grid-4\"><img decoding=\"async\" src=\"https:\/\/www.hateggeoparc.ro\/new\/wp-content\/uploads\/2024\/07\/3.jpg\" alt=\"\"\/><\/div><div class=\"item-grid grid-4\"><img decoding=\"async\" src=\"https:\/\/www.hateggeoparc.ro\/new\/wp-content\/uploads\/2024\/07\/5.jpg\" alt=\"\"\/><\/div><\/div>\n<\/div><\/div><\/div><\/div><\/div><\/section>\n","protected":false},"excerpt":{"rendered":"","protected":false},"author":3,"featured_media":0,"parent":0,"menu_order":0,"comment_status":"closed","ping_status":"closed","template":"","meta":{"_seopress_robots_primary_cat":"","_seopress_titles_title":"","_seopress_titles_desc":"","_seopress_robots_index":"","footnotes":""},"class_list":["post-15070","page","type-page","status-publish","hentry"],"_links":{"self":[{"href":"https:\/\/www.hateggeoparc.ro\/new\/index.php\/wp-json\/wp\/v2\/pages\/15070","targetHints":{"allow":["GET"]}}],"collection":[{"href":"https:\/\/www.hateggeoparc.ro\/new\/index.php\/wp-json\/wp\/v2\/pages"}],"about":[{"href":"https:\/\/www.hateggeoparc.ro\/new\/index.php\/wp-json\/wp\/v2\/types\/page"}],"author":[{"embeddable":true,"href":"https:\/\/www.hateggeoparc.ro\/new\/index.php\/wp-json\/wp\/v2\/users\/3"}],"replies":[{"embeddable":true,"href":"https:\/\/www.hateggeoparc.ro\/new\/index.php\/wp-json\/wp\/v2\/comments?post=15070"}],"version-history":[{"count":6,"href":"https:\/\/www.hateggeoparc.ro\/new\/index.php\/wp-json\/wp\/v2\/pages\/15070\/revisions"}],"predecessor-version":[{"id":15126,"href":"https:\/\/www.hateggeoparc.ro\/new\/index.php\/wp-json\/wp\/v2\/pages\/15070\/revisions\/15126"}],"wp:attachment":[{"href":"https:\/\/www.hateggeoparc.ro\/new\/index.php\/wp-json\/wp\/v2\/media?parent=15070"}],"curies":[{"name":"wp","href":"https:\/\/api.w.org\/{rel}","templated":true}]}}