{"id":15112,"date":"2024-09-26T07:00:41","date_gmt":"2024-09-26T07:00:41","guid":{"rendered":"https:\/\/www.hateggeoparc.ro\/new\/?page_id=15112"},"modified":"2024-09-26T08:26:08","modified_gmt":"2024-09-26T08:26:08","slug":"sustainability-at-work","status":"publish","type":"page","link":"https:\/\/www.hateggeoparc.ro\/new\/index.php\/sustainability-at-work\/","title":{"rendered":"Sustainability at work"},"content":{"rendered":"<p><section class=\"kc-elm kc-css-771604 kc_row\"><div class=\"kc-row-container  kc-container\"><div class=\"kc-wrap-columns\"><div class=\"kc-elm kc-css-350237 kc_column kc_col-sm-12\"><div class=\"kc-col-container\"><div class=\"kc-elm kc-css-172864\" style=\"height: 99px; clear: both; width:100%;\"><\/div>\n<div class=\"element-block-heading style-default\">\n\t<div class=\"wrapper\">\n\t\t<div class=\"inner\">\n\t\t\t\t\t\t<h4 class=\"sub-heading\">PUNEM SUSTENABILITATEA LA TREAB\u0102! CERCETARE \u0218TIIN\u021aIFIC\u0102 \u0218I IMPLICARE COMUNITAR\u0102 PENTRU DEZVOLTARE DURABIL\u0102 \u00ceN GEOPARCUL INTERNA\u021aIONAL UNESCO \u021aARA HA\u021aEGULUI<\/h4>\n\t\t\t\n\t\t\t\t\t\t\n\t\t\t\t\t<\/div>\n\t<\/div>\n<\/div><div class=\"kc-elm kc-css-683855 kc_text_block\"><\/p>\n<p class=\"MsoNormal\" style=\"text-align: justify;\"><span lang=\"IT\">Pentru a atenua \u0219i a ne adapta la schimb\u0103rile climatice, va trebui s\u0103 privim lumea prin lentile interdisciplinare \u0219i transdisciplinare, deoarece schimb\u0103rile climatice sunt legate de trecut \u0219i, de asemenea, de prezent, \u00een ceea ce prive\u0219te utilizarea aerului, a apei \u0219i a resurselor, a modelelor de consum etc.<\/span><\/p>\n<p class=\"MsoNormal\" style=\"text-align: justify;\"><span lang=\"IT\">\u00cen proiectul nostru am creat contextul \u0219i instrumentele pentru cercetarea aplicat\u0103 \u0219i ini\u021biativele comunitare pentru dezvoltare durabil\u0103. Am reunit oameni de \u0219tiin\u021b\u0103, profesori, elevi, voluntari \u0219i ONG-uri locale \u00een contextul conceptului de geoparc pentru ca to\u021bi ace\u0219ti actori implica\u021bi s\u0103 cerceteze, s\u0103 \u00een\u021beleag\u0103 \u0219i s\u0103 dezvolte strategia de sustenabilitate pentru activit\u0103\u021bi din via\u021ba de zi cu zi \u0219i cele dedicate turismului. <\/span><\/p>\n<p class=\"MsoNormal\" style=\"text-align: justify;\"><span lang=\"IT\">Faza de cercetare \u0219i de educa\u021bie a implicat dezvoltarea de activit\u0103\u021bi comune de cercetare \u0219i formare \u00eentre universit\u0103\u021bi \u0219i \u0219colile EduGeoparc participante, respectiv voluntarii din Geoparcul Interna\u021bional UNESCO \u021aara Ha\u021begului. <\/span><\/p>\n<p class=\"MsoNormal\" style=\"text-align: justify;\"><span lang=\"IT\">Cercet\u0103torii de la Universitatea Babe\u0219 \u2013 Bolyai din Cluj &#8211; Napoca au implicat \u0219i instruit elevii din 6 \u0219coli locale din Geoparcul \u021aara Ha\u021begului \u00een cercetarea calit\u0103\u021bii apelor din comunit\u0103\u021bile locale respective ( ex.ap\u0103 din f\u00e2nt\u00e2ni, izvoare, surse alternative etc ) \u0219i, de asemenea, al\u021bi parametri fizici lega\u021bi de fluxul de ap\u0103 \u0219i impactul acestora asupra biodiversit\u0103\u021bii.<\/span><\/p>\n<p class=\"MsoNormal\" style=\"text-align: justify;\"><span lang=\"IT\">O platform\u0103 legat\u0103 de website-ul Geoparcului Interna\u021bional UNESCO \u021aara Ha\u021begului a fost dezvoltat\u0103 \u0219i utilizat\u0103 ca instrument online pentru elevi \u0219i voluntarii pentru Geoparc \u00een vederea \u00eenc\u0103rc\u0103rii rezultatelor \u0219i\u00a0 datelor de cercetare.<\/span><\/p>\n<p class=\"MsoNormal\" style=\"text-align: justify;\"><a href=\"https:\/\/calitateaapei.ro\/\"><span lang=\"IT\">CLICK AICI PENTRU A VIZITA PLATFORMA<\/span><\/a><\/p>\n<p>\n<\/div><div class=\"kc_shortcode kc_single_image effect-default\"><a  href=\"https:\/\/calitateaapei.ro\/\" title=\"\" target=\"_self\"><img decoding=\"async\" src=\"https:\/\/www.hateggeoparc.ro\/new\/wp-content\/uploads\/2024\/09\/WhatsApp-Image-2024-09-26-at-11.22.20.jpeg\" class=\"\" alt=\"\" \/><\/a><\/div><div class=\"kc-elm kc-css-442596 kc_text_block\"><\/p>\n<p class=\"MsoNormal\" style=\"text-align: justify;\"><span lang=\"IT\" verdana\",sans-serif;mso-ansi-language:it\"=\"\">Al\u0103turi de&nbsp;profesorii din \u0219colile implicate, Geoparcul \u0219i cercet\u0103torii de la Universitatea&nbsp;din Bucure\u0219ti, au dezvoltat materiale didactice care prezint<\/span><span verdana\",sans-serif;mso-ansi-language:ro\"=\"\">\u0103 metodologia de&nbsp;lucru (plan \u0219i fi\u0219\u0103 de lec\u021bie). Materialele pot fi utilizate \u00een completarea&nbsp;activit\u0103\u021bilor teoretice conform programele \u0219colare pentru a veni \u00een sprijinul&nbsp;adopt\u0103rii unui comportament responsabil privind utilizarea apei \u0219i&nbsp;identificarea m\u0103surilor de atenuare \u0219i adaptare a schimb\u0103rilor climatice,&nbsp;conform obiectivelor de dezvoltare durabil\u0103.<o:p><\/o:p><\/span><\/p>\n<p class=\"MsoNormal\" style=\"text-align: justify;\"><span verdana\",sans-serif;mso-ansi-language:ro\"=\"\">Dup\u0103 instruiri \u0219i&nbsp;activit\u0103\u021bi dedicate \u0219tiin\u021bei participative (citizen science), voluntarii \u00ee\u0219i&nbsp;vor dezvolta propria evaluare pentru amprenta apei \u00een cazul activit\u0103\u021bilor lor&nbsp;\u0219i, de asemenea, o strategie de \u00eembun\u0103t\u0103\u021bire a acesteia.<o:p><\/o:p><\/span><\/p>\n<p><span verdana\",sans-serif;=\"\" mso-fareast-font-family:calibri;mso-bidi-font-family:\"times=\"\" new=\"\" roman\";=\"\" mso-ansi-language:ro;mso-fareast-language:en-us;mso-bidi-language:ar-sa\"=\"\" style=\"line-height: 16.8667px; font-size: 11pt;\">O companie&nbsp;cu speciali\u0219ti renumi\u021bi a colaborat cu ONG-urile partenere Geoparcului care&nbsp;desf\u0103\u0219oar\u0103 activit\u0103\u021bi \u00een domeniul turismului \u0219i patrimoniului imaterial pentru&nbsp;a le evalua amprenta de ap\u0103 \u0219i pentru a propune o strategie de sustenabilitate.<\/span><\/p>\n<p>\n<\/div><div class=\"kc-image-gallery kc-elm kc-css-361633\">\n<div class=\"kc_image_gallery kc-carousel-image kc-grid \">\n<div class=\"item-grid grid-4\"><img decoding=\"async\" src=\"https:\/\/www.hateggeoparc.ro\/new\/wp-content\/uploads\/2017\/10\/20240523_112311.jpg\" alt=\"\"\/><\/div><div class=\"item-grid grid-4\"><img decoding=\"async\" src=\"https:\/\/www.hateggeoparc.ro\/new\/wp-content\/uploads\/2017\/10\/Association-of-Tourism-Retezat-meeting-waterfootprint1.jpg\" alt=\"\"\/><\/div><div class=\"item-grid grid-4\"><img decoding=\"async\" src=\"https:\/\/www.hateggeoparc.ro\/new\/wp-content\/uploads\/2017\/10\/20240122_102920.jpg\" alt=\"\"\/><\/div><div class=\"item-grid grid-4\"><img decoding=\"async\" src=\"https:\/\/www.hateggeoparc.ro\/new\/wp-content\/uploads\/2017\/10\/Women-Association-from-Sanatamaria-Orlea_water-footprint1.jpg\" alt=\"\"\/><\/div><div class=\"item-grid grid-4\"><img decoding=\"async\" src=\"https:\/\/www.hateggeoparc.ro\/new\/wp-content\/uploads\/2017\/10\/water-footprint-analysis-with-the-volunteers2.jpg\" alt=\"\"\/><\/div><div class=\"item-grid grid-4\"><img decoding=\"async\" src=\"https:\/\/www.hateggeoparc.ro\/new\/wp-content\/uploads\/2017\/10\/coperta.jpg\" alt=\"\"\/><\/div><\/div>\n<\/div><\/div><\/div><\/div><\/div><\/section><section class=\"kc-elm kc_row\"><div class=\"kc-row-container  kc-container\"><div class=\"kc-wrap-columns\"><div class=\"kc-elm kc-css-492637 kc_col-sm-12 kc_column kc_col-sm-12\"><div class=\"kc-col-container\"><\/div><\/div><\/div><\/div><\/section><\/p>\n","protected":false},"excerpt":{"rendered":"","protected":false},"author":3,"featured_media":0,"parent":0,"menu_order":0,"comment_status":"closed","ping_status":"closed","template":"","meta":{"_seopress_robots_primary_cat":"","_seopress_titles_title":"","_seopress_titles_desc":"","_seopress_robots_index":"","footnotes":""},"class_list":["post-15112","page","type-page","status-publish","hentry"],"_links":{"self":[{"href":"https:\/\/www.hateggeoparc.ro\/new\/index.php\/wp-json\/wp\/v2\/pages\/15112","targetHints":{"allow":["GET"]}}],"collection":[{"href":"https:\/\/www.hateggeoparc.ro\/new\/index.php\/wp-json\/wp\/v2\/pages"}],"about":[{"href":"https:\/\/www.hateggeoparc.ro\/new\/index.php\/wp-json\/wp\/v2\/types\/page"}],"author":[{"embeddable":true,"href":"https:\/\/www.hateggeoparc.ro\/new\/index.php\/wp-json\/wp\/v2\/users\/3"}],"replies":[{"embeddable":true,"href":"https:\/\/www.hateggeoparc.ro\/new\/index.php\/wp-json\/wp\/v2\/comments?post=15112"}],"version-history":[{"count":5,"href":"https:\/\/www.hateggeoparc.ro\/new\/index.php\/wp-json\/wp\/v2\/pages\/15112\/revisions"}],"predecessor-version":[{"id":15132,"href":"https:\/\/www.hateggeoparc.ro\/new\/index.php\/wp-json\/wp\/v2\/pages\/15112\/revisions\/15132"}],"wp:attachment":[{"href":"https:\/\/www.hateggeoparc.ro\/new\/index.php\/wp-json\/wp\/v2\/media?parent=15112"}],"curies":[{"name":"wp","href":"https:\/\/api.w.org\/{rel}","templated":true}]}}