{"id":3,"date":"2019-12-05T18:20:35","date_gmt":"2019-12-05T18:20:35","guid":{"rendered":"http:\/\/www.hateggeoparc.ro\/new\/?page_id=3"},"modified":"2020-01-04T08:33:12","modified_gmt":"2020-01-04T08:33:12","slug":"politica-de-confidentialitate","status":"publish","type":"page","link":"https:\/\/www.hateggeoparc.ro\/new\/index.php\/politica-de-confidentialitate\/","title":{"rendered":"GDPR &#8211; Politic\u0103 de confiden\u021bialitate"},"content":{"rendered":"<section class=\"kc-elm kc-css-292275 kc_row\"><div class=\"kc-row-container  kc-container\"><div class=\"kc-wrap-columns\"><div class=\"kc-elm kc-css-840784 kc_col-sm-12 kc_column kc_col-sm-12\"><div class=\"kc-col-container\"><div class=\"kc-elm kc-css-191566 kc_text_block\"><\/p>\n<p>Site-ul este de\u021binut \u0219i administrat de Geoparcul Dinozaurilor \u021aara Ha\u021begului cu sediul \u00een str. Libert\u0103\u021bii, nr. 9A, Ha\u021beg, jud. Hunedoara. Pentru a urm\u0103ri mai u\u0219or informa\u021biile, trebuie s\u0103 \u0219ti\u0163i c\u0103 ne putem referi la institu\u021bia noastr\u0103 folosind termenii \u201eGeoparcul\u201d, \u201enou\u0103\u201d, \u201enostru\u201d etc, iar la tine, ca utilizator \u0219i vizitator al site-ului, folosind termenii \u201eutilizator\u201d, \u201edumneavoastr\u0103\u201d, etc.<\/p>\n<p>Aceast\u0103 politic\u0103 descrie informa\u021biile pe care le colect\u0103m atunci c\u00e2nd vizita\u021bi www.hateggeoparc.ro. Prin utilizarea acestui site web, sunte\u021bi de acord cu colectarea \u0219i utilizarea informa\u021biilor dumneavoastr\u0103 personale (\u00een cazul \u00een care acestea sunt furnizate) \u00een conformitate cu aceast\u0103 politic\u0103.<\/p>\n<p>Site-ul poate con\u021bine leg\u0103turi c\u0103tre \u0219i de pe site-uri web. Dac\u0103 urma\u021bi un link c\u0103tre oricare dintre aceste site-uri web, re\u021bine\u021bi c\u0103 acestea au propriile politici de confiden\u021bialitate. Geoparcul Dinozaurilor \u021aara Ha\u021begului nu are nicio responsabilitate sau r\u0103spundere pentru aceste politici sau modul \u00een care aceste site-uri web \u00ee\u0219i gestioneaz\u0103 datele. Verifica\u021bi aceste politici \u00eenainte de a trimite orice informa\u021bii personale acestor site-uri.<\/p>\n<\/p>\n<p><b>Informa\u021biile colectate \u015fi durata de stocare<\/b><\/p>\n<p>\u00cen cazul \u00een care utiliza\u021bi site-ul nostru, vom colecta \u0219i procesa urm\u0103toarele date personale despre dumneavoastr\u0103:<\/p>\n<p>\u2022 Informa\u021bii pe care ni le oferi\u021bi atunci c\u00e2nd completa\u021bi un formular web. Informa\u021biile pe care ni le furniza\u021bi pot include numele, adresa de e-mail, num\u0103rul de telefon, etc.<\/p>\n<p>\u00a0\u2022 Informa\u021bii pe care le colect\u0103m despre dumneavoastr\u0103, prin intermediul fi\u015fierelor cookie pe care le folosim, \u00een momentul \u00een care accesa\u021bi site-ul nostru. Pentru detalii suplimentare, consulta\u021bi informarea privind cookie-urile.<\/p>\n<\/p>\n<p>Stocarea datelor de natur\u0103 personal\u0103 se realizeaza pe servere situate \u00een Rom\u00e2nia, at\u00e2ta timp c\u00e2t avem consim\u021b\u0103m\u0203ntul dumneavoastr\u0103.<\/p>\n<\/p>\n<p><b>Cum utiliz\u0103m datele personale pe care le furniza\u021bi sau le colect\u0103m<\/b><\/p>\n<p>Folosim datele personale despre dumneavoastr\u0103 \u00een urm\u0103toarele moduri:<\/p>\n<p>\u2022 datele personale furnizate de dumneavoastr\u0103 prin formularele noastre web vor fi folosite \u00een scopul proces\u0103rii cererilor dumneavoastr\u0103. Prin trimiterea solicit\u0103rii sunte\u021bi de acord cu prelucrarea datelor dumneavoastr\u0103 de c\u0103tre Geoparcul Dinozaurilor \u021aara Ha\u021begului.<\/p>\n<p>\u2022 informa\u021biile tehnice pe care le colect\u0103m prin utilizarea cookie-urilor vor fi utilizate \u00een scopurile stabilite \u00een \u201cInformarea privind cookie-urile\u201d.<\/p>\n<\/p>\n<p><b>Transferuri interna\u021bionale<\/b><\/p>\n<p>Informa\u021biile generate de fi\u0219ierele de tip cookie cu privire la utilizarea de c\u0103tre dumneavoastr\u0103 a site-ului web vor fi transmise \u0219i stocate de Google pe servere care pot fi localizate \u00een UE, SEE \u015fi\/sau Statele Unite. Google va utiliza aceste informa\u021bii \u00een scopul evalu\u0103rii utiliz\u0103rii de c\u0103tre dumneavoastr\u0103 a site-ului web, elabor\u00e2nd rapoarte cu privire la activitatea site-ului web \u0219i furniz\u00e2nd alte servicii referitoare la activitatea site-ului web \u0219i la utilizarea internetului. De asemenea, Google poate transfera aceste informa\u021bii c\u0103tre ter\u021bi \u00een cazul \u00een care are aceast\u0103 obliga\u0163ie conform legii sau \u00een cazul \u00een care ace\u0219ti ter\u021bi prelucreaz\u0103 informa\u021biile \u00een numele Google. Google nu va asocia adresa dumneavoastr\u0103 IP cu alte date de\u021binute de Google.<\/p>\n<p>Informa\u021bii detaliate cu privire la Google \u0219i protec\u021bia datelor cu caracter personal (inclusiv modul \u00een care pute\u021bi controla informa\u021biile trimise c\u0103tre Google) pot fi g\u0103site la:\u00a0<a href=\"https:\/\/policies.google.com\/privacy\/partners\">https:\/\/policies.google.com\/privacy\/partners<\/a>.<\/p>\n<p>Din site-ul nostru web pute\u0163i s\u0103 distribui\u0163i un articol utiliz\u00e2nd un buton de distribuire \u00een re\u0163elele de socializare (de exemplu: Facebook, Twitter, Linkedin). Informa\u021bii detaliate cu privire la protec\u021bia datelor cu caracter personal oferit\u0103 de aceste organiza\u0163ii pot fi g\u0103site la adresele:<br \/><a href=\"https:\/\/www.facebook.com\/policy.php\">https:\/\/www.facebook.com\/policy.php<\/a><\/p>\n<p><a href=\"https:\/\/twitter.com\/en\/privacy\">https:\/\/twitter.com\/en\/privacy<\/a><\/p>\n<p>https:\/\/www.linkedin.com\/help\/linkedin\/topics\/6701\/6702\u00a0<\/p>\n<\/p>\n<p><b>Accesa\u021bi datele dumneavoastr\u0103 personale<\/b><\/p>\n<p>Datele de natur\u0103 personal\u0103 de\u021binute de c\u0103tre Geoparcul Dinozaurilor \u021aara Ha\u021begului sunt supuse condi\u021biilor din Regulamentul UE 679\/2016 care ofer\u0103 persoanelor vizate dreptul de acces la toate tipurile de informa\u021bii \u00eenregistrate, de\u021binute de operatorul de date, sub rezerva anumitor limit\u0103ri.<\/p>\n<\/p>\n<p><b>Drepturile persoanei vizate<\/b><\/p>\n<p>Conform Regulamentului 679\/2016 &#8211; GDPR, ave\u0163i dreptul de a solicita rectificarea, \u015ftergerea sau restric\u0163ionarea prelucr\u0103rii datelor personale referitoare la dumneavoastr\u0103.<\/p>\n<\/p>\n<p><b>Dreptul de a depune o pl\u00e2ngere \u00een fa\u0163a Autorit\u0103\u0163ii de supraveghere<\/b><\/p>\n<p>Conform Regulamentului 679 \/2016 &#8211; GDPR, ave\u021bi dreptul de a depune o pl\u00e2ngere la Autoritatea Na\u0163ional\u0103 de Supraveghere a Prelucr\u0103rii Datelor cu Caracter Personal. Mai multe detalii se pot ob\u021bine acces\u0203nd adresa http:\/\/www.dataprotection.ro\/.<\/p>\n<\/p>\n<p><b>Informare privind cookie-urile<\/b><\/p>\n<p>Site-ul web www.hateggeoparc.ro utilizeaz\u0103 diferite tipuri de cookie-uri pentru a v\u0103 distinge de ceilal\u021bi utilizatori ai site-ului. Un cookie este un mic fi\u0219ier de litere \u0219i numere stocat pe echipamentul dvs. Cookie-urile web sunt utilizate pentru a \u00eembun\u0103t\u0103\u021bi site-urile web \u0219i pentru a \u00eembun\u0103t\u0103\u021bi experien\u021ba utilizatorului prin personalizarea con\u021binutului pentru vizitatori \u0219i pentru a oferi informa\u021bii proprietarilor de site-uri web.<\/p>\n<p>Exist\u0103 o serie de motive pentru care un cookie poate fi stocat pe echipamentul dvs. dup\u0103 o vizit\u0103 pe site-ul www.hateggeoparc.ro.<\/p>\n<ul>\n<li>cookie-urile care fac site-ul nostru s\u0103 func\u021bioneze corect \u0219i v\u0103 permit s\u0103 utiliza\u021bi serviciile online securizate furnizate de www.hateggeoparc.ro.<\/li>\n<li>cookie-uri care v\u0103 recunosc preferin\u021bele personale atunci c\u00e2nd v\u0103 \u00eentoarce\u021bi pe site-ul nostru \u0219i face mai u\u0219or de utilizat site-ul deoarece personalizeaza informa\u021biile pe care le primi\u021bi.<\/li>\n<li>cookie-uri care ajut\u0103 la asigurarea rapid\u0103 a \u00eenc\u0103rc\u0103rii con\u021binutului paginii dvs.<\/li>\n<li>cookie-urile care colecteaz\u0103 date despre utilizarea de c\u0103tre dvs. a site-ului nostru si care ne ajuta s\u0103 \u00eembun\u0103t\u0103\u021bim serviciile digitale<\/li>\n<\/ul>\n<p>Cookie-uri sunt plasate pe dispozitivul dvs. fie de c\u0103tre site-ul www.hateggeoparc.ro, fie de c\u0103tre p\u0103r\u021bile ter\u021be ale c\u0103ror servicii le folosim ca parte a site-ului.<\/p>\n<p><b>6.2 Modificarea set\u0103rilor cookie-urilor<\/b><\/p>\n<p>Majoritatea browserelor web permit controlul cookie-urilor prin set\u0103rile browserului. Pentru a afla mai multe despre\u00a0 utilizarea cookie-urilor, respectiv despre cum puteti vedea ce cookie-uri au fost instalate \u0219i cum s\u0103 le gestiona\u021bi \u0219i s\u0103 le \u0219terge\u021bi, utilizati urmatoarele linkuri:<\/p>\n<p><a href=\"https:\/\/support.microsoft.com\/ro-ro\/help\/17442\/windows-internet-explorer-delete-manage-cookies\">https:\/\/support.microsoft.com\/ro-ro\/help\/17442\/windows-internet-explorer-delete-manage-cookies<\/a><\/p>\n<p><a href=\"https:\/\/support.apple.com\/kb\/PH21411?locale=en_US&amp;viewlocale=ro_RO\">https:\/\/support.apple.com\/kb\/PH21411?locale=en_US&amp;viewlocale=ro_RO<\/a><\/p>\n<p><a href=\"https:\/\/support.google.com\/chrome\/answer\/95647?co=GENIE.Platform=Desktop&amp;hl=ro\">https:\/\/support.google.com\/chrome\/answer\/95647?co=GENIE.Platform=Desktop&amp;hl=ro<\/a><\/p>\n<p><a href=\"https:\/\/support.mozilla.org\/ro\/kb\/activarea-si-dezactivarea-cookie-urilor\">https:\/\/support.mozilla.org\/ro\/kb\/activarea-si-dezactivarea-cookie-urilor<\/a><\/p>\n<p>Este posibil ca anumite p\u0103r\u021bi ale site-ului www.hateggeoparc.ro s\u0103 nu func\u021bioneze corect dac\u0103 a\u021bi dezactivat utilizarea cookie din browser.<\/p><\/p>\n<\/div><\/div><\/div><\/div><\/div><\/section>","protected":false},"excerpt":{"rendered":"","protected":false},"author":1,"featured_media":0,"parent":0,"menu_order":0,"comment_status":"closed","ping_status":"open","template":"","meta":{"_seopress_robots_primary_cat":"","_seopress_titles_title":"","_seopress_titles_desc":"","_seopress_robots_index":"","footnotes":""},"class_list":["post-3","page","type-page","status-publish","hentry"],"_links":{"self":[{"href":"https:\/\/www.hateggeoparc.ro\/new\/index.php\/wp-json\/wp\/v2\/pages\/3","targetHints":{"allow":["GET"]}}],"collection":[{"href":"https:\/\/www.hateggeoparc.ro\/new\/index.php\/wp-json\/wp\/v2\/pages"}],"about":[{"href":"https:\/\/www.hateggeoparc.ro\/new\/index.php\/wp-json\/wp\/v2\/types\/page"}],"author":[{"embeddable":true,"href":"https:\/\/www.hateggeoparc.ro\/new\/index.php\/wp-json\/wp\/v2\/users\/1"}],"replies":[{"embeddable":true,"href":"https:\/\/www.hateggeoparc.ro\/new\/index.php\/wp-json\/wp\/v2\/comments?post=3"}],"version-history":[{"count":5,"href":"https:\/\/www.hateggeoparc.ro\/new\/index.php\/wp-json\/wp\/v2\/pages\/3\/revisions"}],"predecessor-version":[{"id":11727,"href":"https:\/\/www.hateggeoparc.ro\/new\/index.php\/wp-json\/wp\/v2\/pages\/3\/revisions\/11727"}],"wp:attachment":[{"href":"https:\/\/www.hateggeoparc.ro\/new\/index.php\/wp-json\/wp\/v2\/media?parent=3"}],"curies":[{"name":"wp","href":"https:\/\/api.w.org\/{rel}","templated":true}]}}